{"id":9136,"date":"2024-05-22T15:01:44","date_gmt":"2024-05-22T14:01:44","guid":{"rendered":"https:\/\/gomagom.es\/catalog\/sin%20categor\u00eda\/colle-transparente-wild-147ml-animaux-assortis\/"},"modified":"2025-04-01T15:27:30","modified_gmt":"2025-04-01T13:27:30","slug":"colle-transparente-wild-147ml-animaux-assortis","status":"publish","type":"product","link":"https:\/\/gomagom.es\/fr\/catalog\/colle-transparente-wild-147ml-animaux-assortis\/","title":{"rendered":"COLLE TRANSPARENTE WILD 147ml ANIMAUX ASSORTIS"},"content":{"rendered":"","protected":false},"excerpt":{"rendered":"<p><strong>Ref: GG15851<\/strong> |\u00a0<i class=\"fa-solid fa-box\"><\/i> 12u. \u00a0<i class=\"fa-solid fa-box fa-2x\"><\/i> 72u.<\/br><br \/>\nPour coller: Le bois, le plaqu\u00e9, le conglom\u00e9rat, le cuir, le tissu, le li\u00e8ge, le garton, le papier, etc. Usage scolaire. Sans solvant.<\/p>\n","protected":false},"featured_media":495,"comment_status":"closed","ping_status":"open","template":"","meta":{"_acf_changed":false},"product_brand":[],"product_cat":[38,47,36],"product_tag":[],"class_list":{"0":"post-9136","1":"product","2":"type-product","3":"status-publish","4":"has-post-thumbnail","6":"product_cat-material-escolar","7":"product_cat-material-oficina","8":"product_cat-papeleria","9":"description-off","11":"first","12":"instock","13":"purchasable","14":"product-type-simple"},"acf":[],"jetpack_sharing_enabled":true,"_links":{"self":[{"href":"https:\/\/gomagom.es\/fr\/wp-json\/wp\/v2\/product\/9136","targetHints":{"allow":["GET"]}}],"collection":[{"href":"https:\/\/gomagom.es\/fr\/wp-json\/wp\/v2\/product"}],"about":[{"href":"https:\/\/gomagom.es\/fr\/wp-json\/wp\/v2\/types\/product"}],"replies":[{"embeddable":true,"href":"https:\/\/gomagom.es\/fr\/wp-json\/wp\/v2\/comments?post=9136"}],"wp:featuredmedia":[{"embeddable":true,"href":"https:\/\/gomagom.es\/fr\/wp-json\/wp\/v2\/media\/495"}],"wp:attachment":[{"href":"https:\/\/gomagom.es\/fr\/wp-json\/wp\/v2\/media?parent=9136"}],"wp:term":[{"taxonomy":"product_brand","embeddable":true,"href":"https:\/\/gomagom.es\/fr\/wp-json\/wp\/v2\/product_brand?post=9136"},{"taxonomy":"product_cat","embeddable":true,"href":"https:\/\/gomagom.es\/fr\/wp-json\/wp\/v2\/product_cat?post=9136"},{"taxonomy":"product_tag","embeddable":true,"href":"https:\/\/gomagom.es\/fr\/wp-json\/wp\/v2\/product_tag?post=9136"}],"curies":[{"name":"wp","href":"https:\/\/api.w.org\/{rel}","templated":true}]}}