{"id":9160,"date":"2024-05-22T15:01:56","date_gmt":"2024-05-22T14:01:56","guid":{"rendered":"https:\/\/gomagom.es\/catalog\/sin%20categor\u00eda\/peinture-acrylique-30g-vert\/"},"modified":"2025-04-01T15:27:41","modified_gmt":"2025-04-01T13:27:41","slug":"peinture-acrylique-30g-vert","status":"publish","type":"product","link":"https:\/\/gomagom.es\/fr\/catalog\/peinture-acrylique-30g-vert\/","title":{"rendered":"PEINTURE ACRYLIQUE 30g VERT"},"content":{"rendered":"","protected":false},"excerpt":{"rendered":"<p><strong>Ref: GG19741<\/strong> |\u00a0<i class=\"fa-solid fa-box\"><\/i> u. \u00a0<i class=\"fa-solid fa-box fa-2x\"><\/i> 12u.<\/br><br \/>\nPeinture \u00e0 base d\u2019eau, grande r\u00e9sistance du pigment \u00e0 la lumi\u00e8re. Finition satin\u00e9e, grande r\u00e9sistance. Facilit\u00e9 de m\u00e9lange des couleurs. Peinture \u00e0 s\u00e9chage rapide dont le film est r\u00e9sistant \u00e0 l\u2019eau. Adh\u00e9rence totale \u00e0 la grande majorit\u00e9 des surfaces : c\u00e9ramique, m\u00e9tal, bois, verre, carton, etc. Lavable sur mains et tissus avant de s\u00e9cher.<\/p>\n","protected":false},"featured_media":562,"comment_status":"closed","ping_status":"open","template":"","meta":{"_acf_changed":false},"product_brand":[],"product_cat":[38,36],"product_tag":[],"class_list":{"0":"post-9160","1":"product","2":"type-product","3":"status-publish","4":"has-post-thumbnail","6":"product_cat-material-escolar","7":"product_cat-papeleria","8":"description-off","10":"first","11":"instock","12":"purchasable","13":"product-type-simple"},"acf":[],"jetpack_sharing_enabled":true,"_links":{"self":[{"href":"https:\/\/gomagom.es\/fr\/wp-json\/wp\/v2\/product\/9160","targetHints":{"allow":["GET"]}}],"collection":[{"href":"https:\/\/gomagom.es\/fr\/wp-json\/wp\/v2\/product"}],"about":[{"href":"https:\/\/gomagom.es\/fr\/wp-json\/wp\/v2\/types\/product"}],"replies":[{"embeddable":true,"href":"https:\/\/gomagom.es\/fr\/wp-json\/wp\/v2\/comments?post=9160"}],"wp:featuredmedia":[{"embeddable":true,"href":"https:\/\/gomagom.es\/fr\/wp-json\/wp\/v2\/media\/562"}],"wp:attachment":[{"href":"https:\/\/gomagom.es\/fr\/wp-json\/wp\/v2\/media?parent=9160"}],"wp:term":[{"taxonomy":"product_brand","embeddable":true,"href":"https:\/\/gomagom.es\/fr\/wp-json\/wp\/v2\/product_brand?post=9160"},{"taxonomy":"product_cat","embeddable":true,"href":"https:\/\/gomagom.es\/fr\/wp-json\/wp\/v2\/product_cat?post=9160"},{"taxonomy":"product_tag","embeddable":true,"href":"https:\/\/gomagom.es\/fr\/wp-json\/wp\/v2\/product_tag?post=9160"}],"curies":[{"name":"wp","href":"https:\/\/api.w.org\/{rel}","templated":true}]}}