{"id":9163,"date":"2024-05-22T15:01:56","date_gmt":"2024-05-22T14:01:56","guid":{"rendered":"https:\/\/gomagom.es\/catalog\/sin%20categor\u00eda\/pastille-adhesives-double-fase-25u\/"},"modified":"2025-04-01T15:27:43","modified_gmt":"2025-04-01T13:27:43","slug":"pastille-adhesives-double-fase-25u","status":"publish","type":"product","link":"https:\/\/gomagom.es\/fr\/catalog\/pastille-adhesives-double-fase-25u\/","title":{"rendered":"PASTILLE ADHESIVES DOUBLE FASE 25u"},"content":{"rendered":"","protected":false},"excerpt":{"rendered":"<p><strong>Ref: GG21601<\/strong> |\u00a0<i class=\"fa-solid fa-box\"><\/i> 6u. \u00a0<i class=\"fa-solid fa-box fa-2x\"><\/i> 72u.<\/br><br \/>\nPour coller: Crochets, plaques, affiches, d\u00e9corations murales ou fixer un t\u00e9l\u00e9phone, etc. Est tr\u00e8s utile \u00e0 la maison, au bureau et \u00e0 l&rsquo;\u00e9cole. Pour fixer tout type d&rsquo;objects de fa\u00e7on prope, rapide et facile.<\/p>\n","protected":false},"featured_media":565,"comment_status":"closed","ping_status":"open","template":"","meta":{"_acf_changed":false},"product_brand":[],"product_cat":[41,36],"product_tag":[],"class_list":{"0":"post-9163","1":"product","2":"type-product","3":"status-publish","4":"has-post-thumbnail","6":"product_cat-cintas-adhesivas","7":"product_cat-papeleria","8":"description-off","10":"first","11":"instock","12":"purchasable","13":"product-type-simple"},"acf":[],"jetpack_sharing_enabled":true,"_links":{"self":[{"href":"https:\/\/gomagom.es\/fr\/wp-json\/wp\/v2\/product\/9163","targetHints":{"allow":["GET"]}}],"collection":[{"href":"https:\/\/gomagom.es\/fr\/wp-json\/wp\/v2\/product"}],"about":[{"href":"https:\/\/gomagom.es\/fr\/wp-json\/wp\/v2\/types\/product"}],"replies":[{"embeddable":true,"href":"https:\/\/gomagom.es\/fr\/wp-json\/wp\/v2\/comments?post=9163"}],"wp:featuredmedia":[{"embeddable":true,"href":"https:\/\/gomagom.es\/fr\/wp-json\/wp\/v2\/media\/565"}],"wp:attachment":[{"href":"https:\/\/gomagom.es\/fr\/wp-json\/wp\/v2\/media?parent=9163"}],"wp:term":[{"taxonomy":"product_brand","embeddable":true,"href":"https:\/\/gomagom.es\/fr\/wp-json\/wp\/v2\/product_brand?post=9163"},{"taxonomy":"product_cat","embeddable":true,"href":"https:\/\/gomagom.es\/fr\/wp-json\/wp\/v2\/product_cat?post=9163"},{"taxonomy":"product_tag","embeddable":true,"href":"https:\/\/gomagom.es\/fr\/wp-json\/wp\/v2\/product_tag?post=9163"}],"curies":[{"name":"wp","href":"https:\/\/api.w.org\/{rel}","templated":true}]}}