{"id":9791,"date":"2024-06-17T12:33:38","date_gmt":"2024-06-17T10:33:38","guid":{"rendered":"https:\/\/gomagom.es\/?post_type=product&#038;p=9791"},"modified":"2024-06-17T13:44:07","modified_gmt":"2024-06-17T12:44:07","slug":"colle-pour-polystyrene-expanse-20ml","status":"publish","type":"product","link":"https:\/\/gomagom.es\/fr\/catalog\/colle-pour-polystyrene-expanse-20ml\/","title":{"rendered":"COLLE POUR POLYSTYR\u00c8NE EXPANS\u00c9 50ml"},"content":{"rendered":"","protected":false},"excerpt":{"rendered":"<p><strong>N\u00ba 96<\/strong>\u00a0|\u00a0<strong>Ref: GG13591<\/strong>|\u00a0 12u. \u00a0 144u.<\/p>\n<p>Pour coller: Porexpan\u00ae sur lui m\u00eame ou sur papier, carton, bois, cuir, tissus, verre, brique, PVC rigide, etc. Il colle \u00e9galement la mousse Eva, le bois, le papier, le carton&#8230;. La colle pour polystyr\u00e8ne expans\u00e9 Gomagom est ideal pour coller rapidement tout type d\u2019objets en polystyr\u00e8ne expans\u00e9 tels qu\u2019\u00e9criteaux, num\u00e9ros, lettres, plaques en mousse, isolants, etc.<\/p>\n<p>MODE D\u2019EMPLOI: Laver soigneusement les surfaces \u00e0 joindre (ne pas utiliser de dissolvant pour nettoyer le polystyr\u00e8ne expans\u00e9. Appliquer l\u2019adh\u00e9sif sur l\u2019une des surfaces \u00e0 joindre.<\/p>\n","protected":false},"featured_media":9798,"comment_status":"closed","ping_status":"closed","template":"","meta":{"_acf_changed":false},"product_brand":[],"product_cat":[138,190,233],"product_tag":[140],"class_list":{"0":"post-9791","1":"product","2":"type-product","3":"status-publish","4":"has-post-thumbnail","6":"product_cat-bricolaje-fr","7":"product_cat-adhesivo-especifico-fr","8":"product_cat-otros-productos-fr","9":"product_tag-reparar-pegar-fr","10":"description-off","12":"first","13":"instock","14":"purchasable","15":"product-type-simple"},"acf":[],"jetpack_sharing_enabled":true,"_links":{"self":[{"href":"https:\/\/gomagom.es\/fr\/wp-json\/wp\/v2\/product\/9791","targetHints":{"allow":["GET"]}}],"collection":[{"href":"https:\/\/gomagom.es\/fr\/wp-json\/wp\/v2\/product"}],"about":[{"href":"https:\/\/gomagom.es\/fr\/wp-json\/wp\/v2\/types\/product"}],"replies":[{"embeddable":true,"href":"https:\/\/gomagom.es\/fr\/wp-json\/wp\/v2\/comments?post=9791"}],"wp:featuredmedia":[{"embeddable":true,"href":"https:\/\/gomagom.es\/fr\/wp-json\/wp\/v2\/media\/9798"}],"wp:attachment":[{"href":"https:\/\/gomagom.es\/fr\/wp-json\/wp\/v2\/media?parent=9791"}],"wp:term":[{"taxonomy":"product_brand","embeddable":true,"href":"https:\/\/gomagom.es\/fr\/wp-json\/wp\/v2\/product_brand?post=9791"},{"taxonomy":"product_cat","embeddable":true,"href":"https:\/\/gomagom.es\/fr\/wp-json\/wp\/v2\/product_cat?post=9791"},{"taxonomy":"product_tag","embeddable":true,"href":"https:\/\/gomagom.es\/fr\/wp-json\/wp\/v2\/product_tag?post=9791"}],"curies":[{"name":"wp","href":"https:\/\/api.w.org\/{rel}","templated":true}]}}