{"id":9815,"date":"2024-06-18T08:27:17","date_gmt":"2024-06-18T07:27:17","guid":{"rendered":"https:\/\/gomagom.es\/?post_type=product&#038;p=9815"},"modified":"2025-04-07T17:20:55","modified_gmt":"2025-04-07T15:20:55","slug":"colle-super-instantanee-50g","status":"publish","type":"product","link":"https:\/\/gomagom.es\/fr\/catalog\/colle-super-instantanee-50g\/","title":{"rendered":"COLLE SUPER INSTANTAN\u00c9E 50g"},"content":{"rendered":"","protected":false},"excerpt":{"rendered":"<p><span style=\"color: #ff0000;\"><strong>N\u00ba 38<\/strong><\/span>\u00a0|\u00a0<strong>Ref: GG18651<\/strong> |\u00a0<i class=\"fa-solid fa-box\"><\/i> 12u. \u00a0<i class=\"fa-solid fa-box fa-2x\"><\/i> 144u.<br \/>\nPOUR COLLER: Le plastique, la c\u00e9ramique, le caoutchouc, les gommes, la porcelaine, les bois durs, le marbre, les m\u00e9taux, le nacre, le verre, etc.<br \/>\nMODE D&rsquo;EMPLOI: Les superficies \u00e0 unir doivent \u00eatre propres, s\u00e8ches et sans poussi\u00e8re ou graisse. Appliquez une petite quantit\u00e9 de colle, une goutte suffit. Si vous en mettez trop, vous diminuez l&rsquo;efficacit\u00e9 et la rapidit\u00e9 a union. Assembler les pi\u00e8ces \u00e0 encoller, en evitant le contact avec les doigts. Appuyez pendant 15-30 secondes, temps n\u00e9cessaire pour effectuer l&rsquo;union, en atteignant la r\u00e9sistance maximale au bout de 12 heures. Enlever les restes en frottant avec de l&rsquo;ac\u00e9tone. Conserver dans un lieu frais et sec, prot\u00e9g\u00e9 de la lumiere.<\/p>\n","protected":false},"featured_media":9810,"comment_status":"closed","ping_status":"closed","template":"","meta":{"_acf_changed":false},"product_brand":[],"product_cat":[138,139,236],"product_tag":[],"class_list":{"0":"post-9815","1":"product","2":"type-product","3":"status-publish","4":"has-post-thumbnail","6":"product_cat-bricolaje-fr","7":"product_cat-adhesivo-super-instantaneo-fr","8":"product_cat-pegar-reparar-fr","9":"description-off","11":"first","12":"instock","13":"purchasable","14":"product-type-simple"},"acf":[],"jetpack_sharing_enabled":true,"_links":{"self":[{"href":"https:\/\/gomagom.es\/fr\/wp-json\/wp\/v2\/product\/9815","targetHints":{"allow":["GET"]}}],"collection":[{"href":"https:\/\/gomagom.es\/fr\/wp-json\/wp\/v2\/product"}],"about":[{"href":"https:\/\/gomagom.es\/fr\/wp-json\/wp\/v2\/types\/product"}],"replies":[{"embeddable":true,"href":"https:\/\/gomagom.es\/fr\/wp-json\/wp\/v2\/comments?post=9815"}],"wp:featuredmedia":[{"embeddable":true,"href":"https:\/\/gomagom.es\/fr\/wp-json\/wp\/v2\/media\/9810"}],"wp:attachment":[{"href":"https:\/\/gomagom.es\/fr\/wp-json\/wp\/v2\/media?parent=9815"}],"wp:term":[{"taxonomy":"product_brand","embeddable":true,"href":"https:\/\/gomagom.es\/fr\/wp-json\/wp\/v2\/product_brand?post=9815"},{"taxonomy":"product_cat","embeddable":true,"href":"https:\/\/gomagom.es\/fr\/wp-json\/wp\/v2\/product_cat?post=9815"},{"taxonomy":"product_tag","embeddable":true,"href":"https:\/\/gomagom.es\/fr\/wp-json\/wp\/v2\/product_tag?post=9815"}],"curies":[{"name":"wp","href":"https:\/\/api.w.org\/{rel}","templated":true}]}}