{"id":9828,"date":"2024-06-18T10:16:56","date_gmt":"2024-06-18T09:16:56","guid":{"rendered":"https:\/\/gomagom.es\/?post_type=product&#038;p=9828"},"modified":"2025-04-01T15:26:59","modified_gmt":"2025-04-01T13:26:59","slug":"silicone-blanche-125ml","status":"publish","type":"product","link":"https:\/\/gomagom.es\/fr\/catalog\/silicone-blanche-125ml\/","title":{"rendered":"SILICONE BLANCHE 125ml"},"content":{"rendered":"","protected":false},"excerpt":{"rendered":"<p><span style=\"color: #ff0000;\"><strong>N\u00ba 103<\/strong><\/span>\u00a0|\u00a0<strong>Ref: GG13491<\/strong>\u00a0|\u00a0<i class=\"fa-solid fa-box\"><\/i> 6u. \u00a0<i class=\"fa-solid fa-box fa-2x\"><\/i> 72u.<br \/>\nAPPLICATIONS: Pour le scellage de sanitaires, robinets, et cloisons ou portes de baignoires et de douches. Dans la cuisine, il \u00e9vite les filtrations d&rsquo;eau dans les \u00e9viers et les robinets. Il scelle et adh\u00e8re aux vitres dans les vitrines, vitrages avec menuiserie en bois, aluminium et en PVC.<br \/>\nAvec le SILICONE BLANCHE GomaGom, vous \u00e9viterez que la moisissure se produise l\u00e0 o\u00f9 vous l&rsquo;aurez appliqu\u00e9. Il reste toujours \u00e9lastique et ne se fendille pas avec le temps. Sa particuli\u00e8re composition le fait sp\u00e9cialement r\u00e9sistant dans les endroits qui souffrent d&rsquo;un exc\u00e8s d&rsquo;eau ou d&rsquo;humidit\u00e9.<br \/>\nMODE D&rsquo;EMPLOI: Bien nettoyer les superficies \u00e0 unir, en \u00e9vitant la poussi\u00e8re, l&rsquo;eau et la salet\u00e9 en g\u00e9n\u00e9ral. \u00c9tendre \u00e0 l&rsquo;aide d&rsquo;une spatule ou avec le bout des doigts<\/p>\n","protected":false},"featured_media":9823,"comment_status":"closed","ping_status":"closed","template":"","meta":{"_acf_changed":false},"product_brand":[],"product_cat":[15],"product_tag":[],"class_list":{"0":"post-9828","1":"product","2":"type-product","3":"status-publish","4":"has-post-thumbnail","6":"product_cat-uncategorized","7":"description-off","9":"first","10":"instock","11":"purchasable","12":"product-type-simple"},"acf":[],"jetpack_sharing_enabled":true,"_links":{"self":[{"href":"https:\/\/gomagom.es\/fr\/wp-json\/wp\/v2\/product\/9828","targetHints":{"allow":["GET"]}}],"collection":[{"href":"https:\/\/gomagom.es\/fr\/wp-json\/wp\/v2\/product"}],"about":[{"href":"https:\/\/gomagom.es\/fr\/wp-json\/wp\/v2\/types\/product"}],"replies":[{"embeddable":true,"href":"https:\/\/gomagom.es\/fr\/wp-json\/wp\/v2\/comments?post=9828"}],"wp:featuredmedia":[{"embeddable":true,"href":"https:\/\/gomagom.es\/fr\/wp-json\/wp\/v2\/media\/9823"}],"wp:attachment":[{"href":"https:\/\/gomagom.es\/fr\/wp-json\/wp\/v2\/media?parent=9828"}],"wp:term":[{"taxonomy":"product_brand","embeddable":true,"href":"https:\/\/gomagom.es\/fr\/wp-json\/wp\/v2\/product_brand?post=9828"},{"taxonomy":"product_cat","embeddable":true,"href":"https:\/\/gomagom.es\/fr\/wp-json\/wp\/v2\/product_cat?post=9828"},{"taxonomy":"product_tag","embeddable":true,"href":"https:\/\/gomagom.es\/fr\/wp-json\/wp\/v2\/product_tag?post=9828"}],"curies":[{"name":"wp","href":"https:\/\/api.w.org\/{rel}","templated":true}]}}