{"id":9846,"date":"2024-02-02T13:39:11","date_gmt":"2024-02-02T12:39:11","guid":{"rendered":"https:\/\/gomagom.es\/catalog\/non class\u00e9\/adhesivo-para-tuberias-de-pvc-50ml\/"},"modified":"2024-02-02T12:39:11","modified_gmt":"2024-02-02T11:39:11","slug":"adhesivo-para-tuberias-de-pvc-50ml","status":"publish","type":"product","link":"https:\/\/gomagom.es\/fr\/catalog\/adhesivo-para-tuberias-de-pvc-50ml\/","title":{"rendered":"ADHESIVO PARA TUBER\u00cdAS DE PVC 50ml"},"content":{"rendered":"","protected":false},"excerpt":{"rendered":"<p><span style=\"color: #ff0000;\"><strong>N\u00ba 80<\/strong><\/span> | <strong>Ref: GG16321<\/strong> | <i class=\"fa-solid fa-box\"><\/i> 12u. <i class=\"fa-solid fa-box fa-2x\"><\/i> 144u.<\/br><br \/>\nPARA PEGAR: Tuber\u00edas de PVC r\u00edgido, mangueras de PVC, conducciones, instalaciones, materiales de PVC r\u00edgido, reparaciones y objetos de PVC en general. El ADHESIVO PARA TUBER\u00cdAS DE PVC GOMAGOM adhiere perfectamente pl\u00e1sticos r\u00edgidos de PVC, especialmente conducciones de agua, que soporten presi\u00f3n. Consigue una uni\u00f3n perfecta sin fugas y con gran resistencia.<br \/>\nMODO DE EMPLEO: Aplicar una fina capa de producto a ambas super cies a unir, previamente limpias y secas. Acoplar los tubos a unir, sin girarlos. Resiste presi\u00f3n a las 6 horas, m\u00e1xima resistencia 12 horas aproximadamente.<\/p>\n","protected":false},"featured_media":1145,"comment_status":"closed","ping_status":"open","template":"","meta":{"_acf_changed":false},"product_brand":[],"product_cat":[138,209],"product_tag":[140,335],"class_list":{"0":"post-9846","1":"product","2":"type-product","3":"status-publish","4":"has-post-thumbnail","6":"product_cat-bricolaje-fr","7":"product_cat-adhesivo-para-plasticos-fr","8":"product_tag-reparar-pegar-fr","9":"product_tag-sellar-fr","10":"description-off","12":"first","13":"instock","14":"purchasable","15":"product-type-simple"},"acf":[],"jetpack_sharing_enabled":true,"_links":{"self":[{"href":"https:\/\/gomagom.es\/fr\/wp-json\/wp\/v2\/product\/9846","targetHints":{"allow":["GET"]}}],"collection":[{"href":"https:\/\/gomagom.es\/fr\/wp-json\/wp\/v2\/product"}],"about":[{"href":"https:\/\/gomagom.es\/fr\/wp-json\/wp\/v2\/types\/product"}],"replies":[{"embeddable":true,"href":"https:\/\/gomagom.es\/fr\/wp-json\/wp\/v2\/comments?post=9846"}],"wp:featuredmedia":[{"embeddable":true,"href":"https:\/\/gomagom.es\/fr\/wp-json\/wp\/v2\/media\/1145"}],"wp:attachment":[{"href":"https:\/\/gomagom.es\/fr\/wp-json\/wp\/v2\/media?parent=9846"}],"wp:term":[{"taxonomy":"product_brand","embeddable":true,"href":"https:\/\/gomagom.es\/fr\/wp-json\/wp\/v2\/product_brand?post=9846"},{"taxonomy":"product_cat","embeddable":true,"href":"https:\/\/gomagom.es\/fr\/wp-json\/wp\/v2\/product_cat?post=9846"},{"taxonomy":"product_tag","embeddable":true,"href":"https:\/\/gomagom.es\/fr\/wp-json\/wp\/v2\/product_tag?post=9846"}],"curies":[{"name":"wp","href":"https:\/\/api.w.org\/{rel}","templated":true}]}}