{"id":9852,"date":"2024-06-25T10:02:03","date_gmt":"2024-06-25T08:02:03","guid":{"rendered":"https:\/\/gomagom.es\/?post_type=product&#038;p=9852"},"modified":"2024-06-25T10:44:46","modified_gmt":"2024-06-25T09:44:46","slug":"adhesivo-para-tuberias-de-pvc-50ml-copia","status":"publish","type":"product","link":"https:\/\/gomagom.es\/fr\/catalog\/adhesivo-para-tuberias-de-pvc-50ml-copia\/","title":{"rendered":"COLLE POUR TUYAUTERIES EN PVC 125ml"},"content":{"rendered":"","protected":false},"excerpt":{"rendered":"<p><span style=\"color: #ff0000;\"><strong>N\u00ba 101<\/strong><\/span> | <strong>Ref: GG13471<\/strong> | <i class=\"fa-solid fa-box\"><\/i> 6u. <i class=\"fa-solid fa-box fa-2x\"><\/i> 72u.<br \/>\nPOUR COLLER: Des tuyau et tuyauteries en PVC rigide, des canalisations, des installations, des reparations et tous objets en PVC. La COLLE POUR TUYAUTERIES EN PVC GOMAGOM colle parfaitement le plastique rigide en PVC, sp\u00e9cialement canalisations d\u2019eau, soumis \u00e0 pression. Plus de fuites, assemblage parfait et tr\u00e8s r\u00e9sistant.<br \/>\nMODE D\u2019EMPLOI: Appliquer une couche mince de produit sur les deux surfaces \u00e0 encoller, elles doivent \u00eatre propres et s\u00e8ches. Accoupler les tubes \u00e0 encoller sans tourner. Commence \u00e0 r\u00e9sister \u00e0 la pression au bout de 6 heures, la r\u00e9sistance sera maximale au bout 12 heures.<\/p>\n","protected":false},"featured_media":9857,"comment_status":"closed","ping_status":"closed","template":"","meta":{"_acf_changed":false},"product_brand":[],"product_cat":[138,209],"product_tag":[140,335],"class_list":{"0":"post-9852","1":"product","2":"type-product","3":"status-publish","4":"has-post-thumbnail","6":"product_cat-bricolaje-fr","7":"product_cat-adhesivo-para-plasticos-fr","8":"product_tag-reparar-pegar-fr","9":"product_tag-sellar-fr","10":"description-off","12":"first","13":"instock","14":"purchasable","15":"product-type-simple"},"acf":[],"jetpack_sharing_enabled":true,"_links":{"self":[{"href":"https:\/\/gomagom.es\/fr\/wp-json\/wp\/v2\/product\/9852","targetHints":{"allow":["GET"]}}],"collection":[{"href":"https:\/\/gomagom.es\/fr\/wp-json\/wp\/v2\/product"}],"about":[{"href":"https:\/\/gomagom.es\/fr\/wp-json\/wp\/v2\/types\/product"}],"replies":[{"embeddable":true,"href":"https:\/\/gomagom.es\/fr\/wp-json\/wp\/v2\/comments?post=9852"}],"wp:featuredmedia":[{"embeddable":true,"href":"https:\/\/gomagom.es\/fr\/wp-json\/wp\/v2\/media\/9857"}],"wp:attachment":[{"href":"https:\/\/gomagom.es\/fr\/wp-json\/wp\/v2\/media?parent=9852"}],"wp:term":[{"taxonomy":"product_brand","embeddable":true,"href":"https:\/\/gomagom.es\/fr\/wp-json\/wp\/v2\/product_brand?post=9852"},{"taxonomy":"product_cat","embeddable":true,"href":"https:\/\/gomagom.es\/fr\/wp-json\/wp\/v2\/product_cat?post=9852"},{"taxonomy":"product_tag","embeddable":true,"href":"https:\/\/gomagom.es\/fr\/wp-json\/wp\/v2\/product_tag?post=9852"}],"curies":[{"name":"wp","href":"https:\/\/api.w.org\/{rel}","templated":true}]}}