{"id":9868,"date":"2024-06-25T11:25:39","date_gmt":"2024-06-25T09:25:39","guid":{"rendered":"https:\/\/gomagom.es\/catalog\/non%20class\u00e9\/adhesivo-de-contacto-125ml\/"},"modified":"2024-06-25T11:54:27","modified_gmt":"2024-06-25T10:54:27","slug":"adhesivo-de-contacto-125ml","status":"publish","type":"product","link":"https:\/\/gomagom.es\/fr\/catalog\/adhesivo-de-contacto-125ml\/","title":{"rendered":"COLLE DE CONTACT MULTIUSAGE N\u00c9OPR\u00c8NE 125ml"},"content":{"rendered":"","protected":false},"excerpt":{"rendered":"<p><span style=\"color: #ff0000;\"><strong>N\u00ba 100<\/strong><\/span> | <strong>Ref: GG13461<\/strong> | <i class=\"fa-solid fa-box\"><\/i> 6u. <i class=\"fa-solid fa-box fa-2x\"><\/i> 72u.<br \/>\nPOUR COLLER: Du formica, du bois, du conglom\u00e9rat, du plaqu\u00e9, du t\u00f4lage (m\u00e9tal), de la gomme, du cuir, des tissus, de la fa\u00efence, du li\u00e8ge, des moquettes, des m\u00e9taux, des plastiques, etc. LA COLLE DE CONTACT N\u00c9OPR\u00c8NE MULTIUSAGE GomaGom est id\u00e9ale pour son utilisation avec des mat\u00e9riaux poreux et non poreux. Elle colle parfaitement deux super cies \u00e0 joindre de mani\u00e8re d\u00e9 nitive. Id\u00e9al pour coller des mat\u00e9riaux de couleur blanche.<br \/>\nMODE D\u2019EMPLOI: Les super cies \u00e0 coller doivent \u00eatre bien propres, s\u00e8ches, sans poussi\u00e8re et sans graisse. Appliquer une ne couche d\u2019adh\u00e9sif sur les deux superficies. Laisser s\u00e9cher jusqu\u2019\u00e0 ce que la colle ne se colle pas au contact des doigts (10 minutes aprox.). Puis, unir les deux superficies en efectuant une pression sufisante (avec les mains, un marteau, un rouleau, etc.) pour obtenir le contact total de celles-ci.<\/p>\n","protected":false},"featured_media":9864,"comment_status":"closed","ping_status":"closed","template":"","meta":{"_acf_changed":false},"product_brand":[],"product_cat":[138,181],"product_tag":[140],"class_list":{"0":"post-9868","1":"product","2":"type-product","3":"status-publish","4":"has-post-thumbnail","6":"product_cat-bricolaje-fr","7":"product_cat-adhesivo-contacto-fr","8":"product_tag-reparar-pegar-fr","9":"description-off","11":"first","12":"instock","13":"purchasable","14":"product-type-simple"},"acf":[],"jetpack_sharing_enabled":true,"_links":{"self":[{"href":"https:\/\/gomagom.es\/fr\/wp-json\/wp\/v2\/product\/9868","targetHints":{"allow":["GET"]}}],"collection":[{"href":"https:\/\/gomagom.es\/fr\/wp-json\/wp\/v2\/product"}],"about":[{"href":"https:\/\/gomagom.es\/fr\/wp-json\/wp\/v2\/types\/product"}],"replies":[{"embeddable":true,"href":"https:\/\/gomagom.es\/fr\/wp-json\/wp\/v2\/comments?post=9868"}],"wp:featuredmedia":[{"embeddable":true,"href":"https:\/\/gomagom.es\/fr\/wp-json\/wp\/v2\/media\/9864"}],"wp:attachment":[{"href":"https:\/\/gomagom.es\/fr\/wp-json\/wp\/v2\/media?parent=9868"}],"wp:term":[{"taxonomy":"product_brand","embeddable":true,"href":"https:\/\/gomagom.es\/fr\/wp-json\/wp\/v2\/product_brand?post=9868"},{"taxonomy":"product_cat","embeddable":true,"href":"https:\/\/gomagom.es\/fr\/wp-json\/wp\/v2\/product_cat?post=9868"},{"taxonomy":"product_tag","embeddable":true,"href":"https:\/\/gomagom.es\/fr\/wp-json\/wp\/v2\/product_tag?post=9868"}],"curies":[{"name":"wp","href":"https:\/\/api.w.org\/{rel}","templated":true}]}}