{"id":9890,"date":"2024-06-25T12:49:45","date_gmt":"2024-06-25T11:49:45","guid":{"rendered":"https:\/\/gomagom.es\/catalog\/non%20class\u00e9\/super-adhesivo-instantaneo-gel-3-x-3g-2\/"},"modified":"2024-06-25T13:06:07","modified_gmt":"2024-06-25T12:06:07","slug":"super-adhesivo-instantaneo-gel-3-x-3g-2","status":"publish","type":"product","link":"https:\/\/gomagom.es\/fr\/catalog\/super-adhesivo-instantaneo-gel-3-x-3g-2\/","title":{"rendered":"COLLE SUPER INSTANTAN\u00c9E GEL 3 x 3g"},"content":{"rendered":"","protected":false},"excerpt":{"rendered":"<p><span style=\"color: #ff0000;\"><strong>N\u00ba 105<\/strong><\/span> | <strong>Ref: GG20391<\/strong> | <i class=\"fa-solid fa-box\"><\/i> 12u. <i class=\"fa-solid fa-box fa-2x\"><\/i> 144u.<br \/>\nPOUR COLLER: Le plastique, la c\u00e9ramique, le caoutchouc, les gommes, la porcelaine, les bois durs, le marbre, les m\u00e9taux, le nacre, le verre, etc.<br \/>\nMODE D\u2019EMPLOI: Les superficies \u00e0 unir doivent \u00eatre propres, s\u00e8ches et sans poussi\u00e8re ou graisse. Appliquez une petite quantit\u00e9 de colle, une goutte suffit. Si vous en mettez trop, vous diminuez l\u2019efficacit\u00e9 et la rapidit\u00e9 a union. Assembler les pi\u00e8ces \u00e0 encoller, en evitant le contact avec les doigts. Appuyez pendant 15-30 secondes, temps n\u00e9cessaire pour effectuer l\u2019union, en atteignant la r\u00e9sistance maximale au bout de 12 heures. Enlever les restes en frottant avec de l\u2019ac\u00e9tone. Conserver dans un lieu frais et sec, prot\u00e9g\u00e9 de la lumiere.<\/p>\n","protected":false},"featured_media":11812,"comment_status":"closed","ping_status":"closed","template":"","meta":{"_acf_changed":false},"product_brand":[],"product_cat":[138,139],"product_tag":[140],"class_list":{"0":"post-9890","1":"product","2":"type-product","3":"status-publish","4":"has-post-thumbnail","6":"product_cat-bricolaje-fr","7":"product_cat-adhesivo-super-instantaneo-fr","8":"product_tag-reparar-pegar-fr","9":"description-off","11":"first","12":"instock","13":"purchasable","14":"product-type-simple"},"acf":[],"jetpack_sharing_enabled":true,"_links":{"self":[{"href":"https:\/\/gomagom.es\/fr\/wp-json\/wp\/v2\/product\/9890","targetHints":{"allow":["GET"]}}],"collection":[{"href":"https:\/\/gomagom.es\/fr\/wp-json\/wp\/v2\/product"}],"about":[{"href":"https:\/\/gomagom.es\/fr\/wp-json\/wp\/v2\/types\/product"}],"replies":[{"embeddable":true,"href":"https:\/\/gomagom.es\/fr\/wp-json\/wp\/v2\/comments?post=9890"}],"wp:featuredmedia":[{"embeddable":true,"href":"https:\/\/gomagom.es\/fr\/wp-json\/wp\/v2\/media\/11812"}],"wp:attachment":[{"href":"https:\/\/gomagom.es\/fr\/wp-json\/wp\/v2\/media?parent=9890"}],"wp:term":[{"taxonomy":"product_brand","embeddable":true,"href":"https:\/\/gomagom.es\/fr\/wp-json\/wp\/v2\/product_brand?post=9890"},{"taxonomy":"product_cat","embeddable":true,"href":"https:\/\/gomagom.es\/fr\/wp-json\/wp\/v2\/product_cat?post=9890"},{"taxonomy":"product_tag","embeddable":true,"href":"https:\/\/gomagom.es\/fr\/wp-json\/wp\/v2\/product_tag?post=9890"}],"curies":[{"name":"wp","href":"https:\/\/api.w.org\/{rel}","templated":true}]}}