{"id":9906,"date":"2024-07-11T08:46:41","date_gmt":"2024-07-11T06:46:41","guid":{"rendered":"https:\/\/gomagom.es\/catalog\/non%20class\u00e9\/cola-blanca-profesional-250ml-polybag\/"},"modified":"2024-07-11T09:02:27","modified_gmt":"2024-07-11T08:02:27","slug":"cola-blanca-profesional-250ml-polybag","status":"publish","type":"product","link":"https:\/\/gomagom.es\/fr\/catalog\/cola-blanca-profesional-250ml-polybag\/","title":{"rendered":"COLLE BLANCHE PROFESSIONNELLE 250ml POLYBAG"},"content":{"rendered":"","protected":false},"excerpt":{"rendered":"<p><strong>Ref: GG21581<\/strong> | <i class=\"fa-solid fa-box\"><\/i> 6u. <i class=\"fa-solid fa-box fa-2x\"><\/i> 48u.<\/p>\n<p>Id\u00e9al pour le collage: papier, carton, cellophane, tissu, bois, cuir, etc. Utilisation scolaire. Sans solvant.<\/p>\n<p>Emballage avec 70% moins de plastique. R\u00e9duit le volume des d\u00e9chets un 90%. Super ergonomique. Pour une utilisation directe ou pour le remplissage et la r\u00e9utilisation de conteneurs.<\/p>\n","protected":false},"featured_media":9902,"comment_status":"closed","ping_status":"closed","template":"","meta":{"_acf_changed":false},"product_brand":[],"product_cat":[138,221],"product_tag":[],"class_list":{"0":"post-9906","1":"product","2":"type-product","3":"status-publish","4":"has-post-thumbnail","6":"product_cat-bricolaje-fr","7":"product_cat-cola-blanca-liquida-bricolaje-fr","8":"description-off","10":"first","11":"instock","12":"purchasable","13":"product-type-simple"},"acf":[],"jetpack_sharing_enabled":true,"_links":{"self":[{"href":"https:\/\/gomagom.es\/fr\/wp-json\/wp\/v2\/product\/9906","targetHints":{"allow":["GET"]}}],"collection":[{"href":"https:\/\/gomagom.es\/fr\/wp-json\/wp\/v2\/product"}],"about":[{"href":"https:\/\/gomagom.es\/fr\/wp-json\/wp\/v2\/types\/product"}],"replies":[{"embeddable":true,"href":"https:\/\/gomagom.es\/fr\/wp-json\/wp\/v2\/comments?post=9906"}],"wp:featuredmedia":[{"embeddable":true,"href":"https:\/\/gomagom.es\/fr\/wp-json\/wp\/v2\/media\/9902"}],"wp:attachment":[{"href":"https:\/\/gomagom.es\/fr\/wp-json\/wp\/v2\/media?parent=9906"}],"wp:term":[{"taxonomy":"product_brand","embeddable":true,"href":"https:\/\/gomagom.es\/fr\/wp-json\/wp\/v2\/product_brand?post=9906"},{"taxonomy":"product_cat","embeddable":true,"href":"https:\/\/gomagom.es\/fr\/wp-json\/wp\/v2\/product_cat?post=9906"},{"taxonomy":"product_tag","embeddable":true,"href":"https:\/\/gomagom.es\/fr\/wp-json\/wp\/v2\/product_tag?post=9906"}],"curies":[{"name":"wp","href":"https:\/\/api.w.org\/{rel}","templated":true}]}}