{"id":9924,"date":"2024-02-02T13:39:17","date_gmt":"2024-02-02T12:39:17","guid":{"rendered":"https:\/\/gomagom.es\/catalog\/non%20class\u00e9\/cinta-adhesiva-reparadora-negra\/"},"modified":"2024-07-18T12:09:20","modified_gmt":"2024-07-18T11:09:20","slug":"cinta-adhesiva-reparadora-negra","status":"publish","type":"product","link":"https:\/\/gomagom.es\/fr\/catalog\/cinta-adhesiva-reparadora-negra\/","title":{"rendered":"RUBAN ADH\u00c9SIF DE R\u00c9PARATION NOIR"},"content":{"rendered":"","protected":false},"excerpt":{"rendered":"<p><span style=\"color: #ff0000;\"><strong>N\u00ba 40<\/strong><\/span> | <strong>Ref: GG19791<\/strong> | <i class=\"fa-solid fa-box\"><\/i> 6 u. 60 u.<\/p>\n<p>Ruban tr\u00e8s large qui r\u00e9pare et scelle instantan\u00e9ment tout grand trou, fissure, fissure ou d\u00e9chirure. Isole de l&rsquo;eau et de l&rsquo;air. Il peut \u00eatre appliqu\u00e9 humide et sec, m\u00eame sous l&rsquo;eau. Il s&rsquo;adapte \u00e0 n&rsquo;importe quelle forme ou objet. Application facile, 100% herm\u00e9tique. Pour r\u00e9parer les piscines, matelas, flotteurs et bateaux gonflables, c\u00e2bles, tuyaux, r\u00e9parations ext\u00e9rieures sur voitures, aquariums, toitures, garages, climatiseurs, seaux, tentes, portes et fen\u00eatres, auvents, camping&#8230; Mode d&#8217;emploi : Couper le ruban \u00e0 la taille d\u00e9sir\u00e9e. D\u00e9collez le protecteur et appliquez-le en appuyant fermement pour \u00e9viter les poches d&rsquo;air. R\u00e9sistant au froid et \u00e0 la chaleur. Mat\u00e9riaux compatibles : Verre, Tissu, Acier, Plastique, Ciment, C\u00e9ramique, B\u00e9ton, M\u00e9tal, Pierre, Bois. Ne pas utiliser au contact de l&rsquo;eau potable.<\/p>\n","protected":false},"featured_media":9765,"comment_status":"closed","ping_status":"closed","template":"","meta":{"_acf_changed":false},"product_brand":[],"product_cat":[138,190,233,216],"product_tag":[140,335],"class_list":{"0":"post-9924","1":"product","2":"type-product","3":"status-publish","4":"has-post-thumbnail","6":"product_cat-bricolaje-fr","7":"product_cat-adhesivo-especifico-fr","8":"product_cat-otros-productos-fr","9":"product_cat-cintas-adhesivas-bricolaje-fr","10":"product_tag-reparar-pegar-fr","11":"product_tag-sellar-fr","12":"description-off","14":"first","15":"instock","16":"purchasable","17":"product-type-simple"},"acf":[],"jetpack_sharing_enabled":true,"_links":{"self":[{"href":"https:\/\/gomagom.es\/fr\/wp-json\/wp\/v2\/product\/9924","targetHints":{"allow":["GET"]}}],"collection":[{"href":"https:\/\/gomagom.es\/fr\/wp-json\/wp\/v2\/product"}],"about":[{"href":"https:\/\/gomagom.es\/fr\/wp-json\/wp\/v2\/types\/product"}],"replies":[{"embeddable":true,"href":"https:\/\/gomagom.es\/fr\/wp-json\/wp\/v2\/comments?post=9924"}],"wp:featuredmedia":[{"embeddable":true,"href":"https:\/\/gomagom.es\/fr\/wp-json\/wp\/v2\/media\/9765"}],"wp:attachment":[{"href":"https:\/\/gomagom.es\/fr\/wp-json\/wp\/v2\/media?parent=9924"}],"wp:term":[{"taxonomy":"product_brand","embeddable":true,"href":"https:\/\/gomagom.es\/fr\/wp-json\/wp\/v2\/product_brand?post=9924"},{"taxonomy":"product_cat","embeddable":true,"href":"https:\/\/gomagom.es\/fr\/wp-json\/wp\/v2\/product_cat?post=9924"},{"taxonomy":"product_tag","embeddable":true,"href":"https:\/\/gomagom.es\/fr\/wp-json\/wp\/v2\/product_tag?post=9924"}],"curies":[{"name":"wp","href":"https:\/\/api.w.org\/{rel}","templated":true}]}}