{"id":9950,"date":"2024-09-10T10:18:42","date_gmt":"2024-09-10T08:18:42","guid":{"rendered":"https:\/\/gomagom.es\/catalog\/non%20class\u00e9\/pastillas-adhesivas-doble-cara-25u\/"},"modified":"2024-09-10T10:44:00","modified_gmt":"2024-09-10T09:44:00","slug":"pastillas-adhesivas-doble-cara-25u","status":"publish","type":"product","link":"https:\/\/gomagom.es\/fr\/catalog\/pastillas-adhesivas-doble-cara-25u\/","title":{"rendered":"PASTILLE ADHESIVES DOUBLE FASE 25u"},"content":{"rendered":"","protected":false},"excerpt":{"rendered":"<p><strong>Ref: GG21381<\/strong>\u00a0|\u00a0 6u. \u00a0 72u.<br \/>\nPour coller: Crochets, plaques, affiches, d\u00e9corations murales ou fixer un t\u00e9l\u00e9phone, etc. Est tr\u00e8s utile \u00e0 la maison, au bureau et \u00e0 l&rsquo;\u00e9cole. Pour fixer tout type d&rsquo;objects de fa\u00e7on prope, rapide et facile.<\/p>\n","protected":false},"featured_media":9946,"comment_status":"closed","ping_status":"closed","template":"","meta":{"_acf_changed":false},"product_brand":[],"product_cat":[141,274],"product_tag":[],"class_list":{"0":"post-9950","1":"product","2":"type-product","3":"status-publish","4":"has-post-thumbnail","6":"product_cat-papeleria-fr","7":"product_cat-cintas-adhesivas-fr","8":"description-off","10":"first","11":"instock","12":"purchasable","13":"product-type-simple"},"acf":[],"jetpack_sharing_enabled":true,"_links":{"self":[{"href":"https:\/\/gomagom.es\/fr\/wp-json\/wp\/v2\/product\/9950","targetHints":{"allow":["GET"]}}],"collection":[{"href":"https:\/\/gomagom.es\/fr\/wp-json\/wp\/v2\/product"}],"about":[{"href":"https:\/\/gomagom.es\/fr\/wp-json\/wp\/v2\/types\/product"}],"replies":[{"embeddable":true,"href":"https:\/\/gomagom.es\/fr\/wp-json\/wp\/v2\/comments?post=9950"}],"wp:featuredmedia":[{"embeddable":true,"href":"https:\/\/gomagom.es\/fr\/wp-json\/wp\/v2\/media\/9946"}],"wp:attachment":[{"href":"https:\/\/gomagom.es\/fr\/wp-json\/wp\/v2\/media?parent=9950"}],"wp:term":[{"taxonomy":"product_brand","embeddable":true,"href":"https:\/\/gomagom.es\/fr\/wp-json\/wp\/v2\/product_brand?post=9950"},{"taxonomy":"product_cat","embeddable":true,"href":"https:\/\/gomagom.es\/fr\/wp-json\/wp\/v2\/product_cat?post=9950"},{"taxonomy":"product_tag","embeddable":true,"href":"https:\/\/gomagom.es\/fr\/wp-json\/wp\/v2\/product_tag?post=9950"}],"curies":[{"name":"wp","href":"https:\/\/api.w.org\/{rel}","templated":true}]}}