{"id":5580,"date":"2023-02-08T09:28:28","date_gmt":"2023-02-08T08:28:28","guid":{"rendered":"https:\/\/gomagom.es\/contatto\/"},"modified":"2026-02-02T16:27:44","modified_gmt":"2026-02-02T15:27:44","slug":"contatto","status":"publish","type":"page","link":"https:\/\/gomagom.es\/it\/contatto\/","title":{"rendered":"Contatto"},"content":{"rendered":"<div class=\"wpb-content-wrapper\"><p>[vc_row][vc_column width=&#8221;1\/6&#8243;][\/vc_column][vc_column width=&#8221;2\/3&#8243;][vc_custom_heading text=&#8221;Modulo di Contatto&#8221; font_container=&#8221;tag:h2|text_align:center&#8221; css=&#8221;.vc_custom_1701335873875{margin-bottom: 25px !important;}&#8221;]\n<div class=\"wpcf7 no-js\" id=\"wpcf7-f3439-o1\" lang=\"es-ES\" dir=\"ltr\" data-wpcf7-id=\"3439\">\n<div class=\"screen-reader-response\"><p role=\"status\" aria-live=\"polite\" aria-atomic=\"true\"><\/p> <ul><\/ul><\/div>\n<form action=\"\/it\/wp-json\/wp\/v2\/pages\/5580#wpcf7-f3439-o1\" method=\"post\" class=\"wpcf7-form init\" aria-label=\"Formulario de contacto\" novalidate=\"novalidate\" data-status=\"init\">\n<div style=\"display: none;\">\n<input type=\"hidden\" name=\"_wpcf7\" value=\"3439\" \/>\n<input type=\"hidden\" name=\"_wpcf7_version\" value=\"6.0.6\" \/>\n<input type=\"hidden\" name=\"_wpcf7_locale\" value=\"es_ES\" \/>\n<input type=\"hidden\" name=\"_wpcf7_unit_tag\" value=\"wpcf7-f3439-o1\" \/>\n<input type=\"hidden\" name=\"_wpcf7_container_post\" value=\"0\" \/>\n<input type=\"hidden\" name=\"_wpcf7_posted_data_hash\" value=\"\" \/>\n<\/div>\n<p><label>Nombre y Apellido<br \/>\n<span class=\"wpcf7-form-control-wrap\" data-name=\"nombre\"><input size=\"40\" maxlength=\"400\" class=\"wpcf7-form-control wpcf7-text wpcf7-validates-as-required\" autocomplete=\"name\" aria-required=\"true\" aria-invalid=\"false\" value=\"\" type=\"text\" name=\"nombre\" \/><\/span><\/label>\n<\/p>\n<p><label>Direcci\u00f3n<br \/>\n<span class=\"wpcf7-form-control-wrap\" data-name=\"direccion\"><input size=\"40\" maxlength=\"400\" class=\"wpcf7-form-control wpcf7-text wpcf7-validates-as-required\" aria-required=\"true\" aria-invalid=\"false\" value=\"\" type=\"text\" name=\"direccion\" \/><\/span><\/label>\n<\/p>\n<p><label>Empresa<br \/>\n<span class=\"wpcf7-form-control-wrap\" data-name=\"empresa\"><input size=\"40\" maxlength=\"400\" class=\"wpcf7-form-control wpcf7-text wpcf7-validates-as-required\" aria-required=\"true\" aria-invalid=\"false\" value=\"\" type=\"text\" name=\"empresa\" \/><\/span><\/label>\n<\/p>\n<p><label>Poblaci\u00f3n y CP<br \/>\n<span class=\"wpcf7-form-control-wrap\" data-name=\"poblacion\"><input size=\"40\" maxlength=\"400\" class=\"wpcf7-form-control wpcf7-text wpcf7-validates-as-required\" aria-required=\"true\" aria-invalid=\"false\" value=\"\" type=\"text\" name=\"poblacion\" \/><\/span><\/label>\n<\/p>\n<p><label>Tel\u00e9fono<br \/>\n<span class=\"wpcf7-form-control-wrap\" data-name=\"telefono\"><input size=\"40\" maxlength=\"400\" class=\"wpcf7-form-control wpcf7-tel wpcf7-validates-as-required wpcf7-text wpcf7-validates-as-tel\" aria-required=\"true\" aria-invalid=\"false\" value=\"\" type=\"tel\" name=\"telefono\" \/><\/span><\/label>\n<\/p>\n<p><label>Tu correo electr\u00f3nico<br \/>\n<span class=\"wpcf7-form-control-wrap\" data-name=\"your-email\"><input size=\"40\" maxlength=\"400\" class=\"wpcf7-form-control wpcf7-email wpcf7-validates-as-required wpcf7-text wpcf7-validates-as-email\" autocomplete=\"email\" aria-required=\"true\" aria-invalid=\"false\" value=\"\" type=\"email\" name=\"your-email\" \/><\/span><\/label>\n<\/p>\n<p><label>Asunto<br \/>\n<span class=\"wpcf7-form-control-wrap\" data-name=\"your-subject\"><input size=\"40\" maxlength=\"400\" class=\"wpcf7-form-control wpcf7-text wpcf7-validates-as-required\" aria-required=\"true\" aria-invalid=\"false\" value=\"\" type=\"text\" name=\"your-subject\" \/><\/span><\/label>\n<\/p>\n<p><label>Comentario<br \/>\n<span class=\"wpcf7-form-control-wrap\" data-name=\"your-message\"><textarea cols=\"40\" rows=\"10\" maxlength=\"2000\" class=\"wpcf7-form-control wpcf7-textarea\" aria-invalid=\"false\" name=\"your-message\"><\/textarea><\/span><\/label>\n<\/p>\n<p><span style=\"text-align: justify; font-size: 10px;\">Seg\u00fan prev\u00e9 la nueva ley 34\/2002 del 11 de julio, de Servicios de la Sociedad de la Informaci\u00f3n y de Comercio Electr\u00f3nico (LSSI-CE), le hacemos saber que esta informaci\u00f3n se incorporar\u00e1 en nuestra base de datos a fin de poder responder a su solicitud de informaci\u00f3n.<br \/>\nUsted siempre podr\u00e1 modificar sus datos o darse de baja enviando un e-mail con sus instrucciones a dunsa@dunsa.es. Dunsa se compromete a utilizar sus datos de forma responsable, respetando la normativa de la Ley de Protecci\u00f3n de Datos y en ning\u00fan momento los ceder\u00e1 a terceros.<br \/>\n<\/span>\n<\/p>\n<p><span class=\"wpcf7-form-control-wrap\" data-name=\"acceptance-731\"><span class=\"wpcf7-form-control wpcf7-acceptance\"><span class=\"wpcf7-list-item\"><input type=\"checkbox\" name=\"acceptance-731\" value=\"1\" aria-invalid=\"false\" \/><\/span><\/span><\/span><span style=\"text-align: left; font-size: 10px;\"> He le\u00eddo y acepto el <a href=\"https:\/\/gomagom.es\/legal\/\">aviso legal<\/a> y la <a href=\"https:\/\/gomagom.es\/politica-de-privacidad\/\">pol\u00edtica de privacidad<\/a> de esta web.<\/span>\n<\/p>\n<p><span style=\"text-align: left; font-size: 10px;\"> DISTRIBUIDORA UNIVERSAL SL (DUNSA), S.L, utilizar\u00e1 sus datos con fines comerciales y publicitarios, as\u00ed como recibir informaci\u00f3n mercantil de la empresa, si previamente lo autoriza:<\/span>\n<\/p>\n<p><span class=\"wpcf7-form-control-wrap\" data-name=\"acceptance-474\"><span class=\"wpcf7-form-control wpcf7-acceptance optional\"><span class=\"wpcf7-list-item\"><input type=\"checkbox\" name=\"acceptance-474\" value=\"1\" aria-invalid=\"false\" \/><\/span><\/span><\/span><span style=\"text-align: left; font-size: 10px;\"> Autorizo a que me env\u00eden correo comercial<\/span>\n<\/p>\n<p><span style=\"text-align: left; font-size: 10px;\">Todo ello, de conformidad con lo dispuesto en las normativas vigentes en protecci\u00f3n de datos personales, el Reglamento (UE) 2016\/679 de 27 de abril de 2016 (RGPD) y la Ley Org\u00e1nica (ES) 03\/2018 de 5 de diciembre (LOPD).<\/span>\n<\/p>\n<table style=\"font-size: 10px\" width=\"484\">\n\t<tbody>\n\t\t<tr>\n\t\t\t<td width=\"244\">\n\t\t\t\t<p><strong>Ep\u00edgrafe<\/strong>\n\t\t\t\t<\/p>\n\t\t\t<\/td>\n\t\t\t<td width=\"239\">\n\t\t\t\t<p><strong>Informaci\u00f3n b\u00e1sica<\/strong>\n\t\t\t\t<\/p>\n\t\t\t<\/td>\n\t\t<\/tr>\n\t\t<tr>\n\t\t\t<td width=\"244\">\n\t\t\t\t<p><strong>RESPONSABLE<\/strong>\n\t\t\t\t<\/p>\n\t\t\t<\/td>\n\t\t\t<td width=\"239\">\n\t\t\t\t<p>DISTRIBUIDORA UNIVERSAL, S.L. (B08925018)\n\t\t\t\t<\/p>\n\t\t\t\t<p>C\/ Josep Mar\u00eda Sert, n\u00fam. 17 (08530 La Garriga - Barcelona)\n\t\t\t\t<\/p>\n\t\t\t<\/td>\n\t\t<\/tr>\n\t\t<tr>\n\t\t\t<td width=\"244\">\n\t\t\t\t<p><strong>DELEGADO PROTECCI\u00d3N DATOS<\/strong>\n\t\t\t\t<\/p>\n\t\t\t<\/td>\n\t\t\t<td width=\"239\">\n\t\t\t\t<p>No designado\n\t\t\t\t<\/p>\n\t\t\t<\/td>\n\t\t<\/tr>\n\t\t<tr>\n\t\t\t<td width=\"244\">\n\t\t\t\t<p><strong>FINALIDAD<\/strong>\n\t\t\t\t<\/p>\n\t\t\t<\/td>\n\t\t\t<td width=\"239\">\n\t\t\t\t<p>Relaci\u00f3n comercial y gesti\u00f3n de solicitudes.\n\t\t\t\t<\/p>\n\t\t\t<\/td>\n\t\t<\/tr>\n\t\t<tr>\n\t\t\t<td width=\"244\">\n\t\t\t\t<p><strong>LEGITIMACI\u00d3N<\/strong>\n\t\t\t\t<\/p>\n\t\t\t<\/td>\n\t\t\t<td width=\"239\">\n\t\t\t\t<p>Consentimiento usuario. Contestaci\u00f3n solicitudes.\n\t\t\t\t<\/p>\n\t\t\t<\/td>\n\t\t<\/tr>\n\t\t<tr>\n\t\t\t<td width=\"244\">\n\t\t\t\t<p><strong>DESTINATARIOS<\/strong>\n\t\t\t\t<\/p>\n\t\t\t<\/td>\n\t\t\t<td width=\"239\">\n\t\t\t\t<p>El propio responsable.\n\t\t\t\t<\/p>\n\t\t\t<\/td>\n\t\t<\/tr>\n\t\t<tr>\n\t\t\t<td width=\"244\">\n\t\t\t\t<p><strong>DERECHOS<\/strong>\n\t\t\t\t<\/p>\n\t\t\t<\/td>\n\t\t\t<td width=\"239\">\n\t\t\t\t<p>Revocaci\u00f3n del consentimiento, derecho de acceso, rectificaci\u00f3n y supresi\u00f3n de sus datos, y la limitaci\u00f3n u oposici\u00f3n al tratamiento. As\u00ed como presentar reclamaci\u00f3n ante autoridad de control (agpd.es)\n\t\t\t\t<\/p>\n\t\t\t<\/td>\n\t\t<\/tr>\n\t\t<tr>\n\t\t\t<td width=\"244\">\n\t\t\t\t<p><strong>INFORMACI\u00d3N ADICIONAL<\/strong>\n\t\t\t\t<\/p>\n\t\t\t<\/td>\n\t\t\t<td width=\"239\">\n\t\t\t\t<p>Puede consultar la informaci\u00f3n detallada en nuestra <a href=\"https:\/\/gomagom.es\/politica-de-privacidad\/\">pol\u00edtica de privacidad<\/a>.\n\t\t\t\t<\/p>\n\t\t\t<\/td>\n\t\t<\/tr>\n\t<\/tbody>\n<\/table>\n<p>&nbsp<br \/>\n<input class=\"wpcf7-form-control wpcf7-submit has-spinner\" type=\"submit\" value=\"Enviar\" \/>\n<\/p><p style=\"display: none !important;\" class=\"akismet-fields-container\" data-prefix=\"_wpcf7_ak_\"><label>&#916;<textarea name=\"_wpcf7_ak_hp_textarea\" cols=\"45\" rows=\"8\" maxlength=\"100\"><\/textarea><\/label><input type=\"hidden\" id=\"ak_js_1\" name=\"_wpcf7_ak_js\" value=\"21\"\/><script>document.getElementById( \"ak_js_1\" ).setAttribute( \"value\", ( new Date() ).getTime() );<\/script><\/p><div class=\"wpcf7-response-output\" aria-hidden=\"true\"><\/div>\n<\/form>\n<\/div>\n[\/vc_column][vc_column width=&#8221;1\/6&#8243;][\/vc_column][\/vc_row]<\/p>\n<\/div>","protected":false},"excerpt":{"rendered":"<p>[vc_row][vc_column width=&#8221;1\/6&#8243;][\/vc_column][vc_column width=&#8221;2\/3&#8243;][vc_custom_heading text=&#8221;Modulo di Contatto&#8221; font_container=&#8221;tag:h2|text_align:center&#8221; css=&#8221;.vc_custom_1701335873875{margin-bottom: 25px !important;}&#8221;][\/vc_column][vc_column width=&#8221;1\/6&#8243;][\/vc_column][\/vc_row]<\/p>\n","protected":false},"author":9,"featured_media":0,"parent":0,"menu_order":0,"comment_status":"closed","ping_status":"closed","template":"","meta":{"_acf_changed":false,"footnotes":""},"class_list":["post-5580","page","type-page","status-publish","hentry","description-off"],"acf":[],"jetpack_sharing_enabled":true,"_links":{"self":[{"href":"https:\/\/gomagom.es\/it\/wp-json\/wp\/v2\/pages\/5580","targetHints":{"allow":["GET"]}}],"collection":[{"href":"https:\/\/gomagom.es\/it\/wp-json\/wp\/v2\/pages"}],"about":[{"href":"https:\/\/gomagom.es\/it\/wp-json\/wp\/v2\/types\/page"}],"author":[{"embeddable":true,"href":"https:\/\/gomagom.es\/it\/wp-json\/wp\/v2\/users\/9"}],"replies":[{"embeddable":true,"href":"https:\/\/gomagom.es\/it\/wp-json\/wp\/v2\/comments?post=5580"}],"version-history":[{"count":4,"href":"https:\/\/gomagom.es\/it\/wp-json\/wp\/v2\/pages\/5580\/revisions"}],"predecessor-version":[{"id":10933,"href":"https:\/\/gomagom.es\/it\/wp-json\/wp\/v2\/pages\/5580\/revisions\/10933"}],"wp:attachment":[{"href":"https:\/\/gomagom.es\/it\/wp-json\/wp\/v2\/media?parent=5580"}],"curies":[{"name":"wp","href":"https:\/\/api.w.org\/{rel}","templated":true}]}}