{"id":10236,"date":"2025-02-27T14:39:44","date_gmt":"2025-02-27T13:39:44","guid":{"rendered":"https:\/\/gomagom.es\/?post_type=product&#038;p=10236"},"modified":"2026-03-27T12:43:39","modified_gmt":"2026-03-27T11:43:39","slug":"adhesivo-para-tuberias-de-pvc-50ml-copia-2","status":"publish","type":"product","link":"https:\/\/gomagom.es\/it\/catalog\/adhesivo-para-tuberias-de-pvc-50ml-copia-2\/","title":{"rendered":"ADESIVO PER TUBI IN PVC 20ml"},"content":{"rendered":"<p>N. 16 | Rif.: 22101 | 12u. 144u.<br \/>\nPER L&#8217;INCOLLAGGIO: Tubi in PVC rigido, tubi in PVC, guaine, installazioni, materiali in PVC rigido, riparazioni e oggetti in PVC in generale. GOMAGOM PVC PIPE ADHESIVE aderisce perfettamente alle plastiche rigide in PVC, in particolare ai tubi dell&#8217;acqua, che possono resistere alla pressione. Raggiunge un&#8217;adesione perfetta senza perdite e con grande resistenza.<br \/>\nMODO D&#8217;USO: Applica un sottile strato di prodotto su entrambe le superfici da incollare, precedentemente pulite e asciutte. Acoplar los tubos a unir, sin girarlos. Resiste presi\u00f3n a las 6 horas, m\u00e1xima resistencia 12 horas aproximadamente.<\/p>\n","protected":false},"excerpt":{"rendered":"<p><span style=\"color: #ff0000;\"><strong>NO. 16<\/strong><\/span> | <strong>Rif: 22101<\/strong> | <i class=\"fa-solid fa-box\"><\/i> 12u. <i class=\"fa-solid fa-box fa-2x\"><\/i> 144u.<br \/>\nPER L&#8217;INCOLLAGGIO: Tubi in PVC rigido, tubi in PVC, guaine, installazioni, materiali in PVC rigido, riparazioni e oggetti in PVC in generale. El ADHESIVO PARA TUBER\u00cdAS DE PVC GOMAGOM adhiere perfectamente pl\u00e1sticos r\u00edgidos de PVC, especialmente conducciones de agua, que soporten presi\u00f3n. Raggiunge un&#8217;adesione perfetta, senza perdite e con grande resistenza.<br \/>\nMODO D&#8217;USO: Applica un sottile strato di prodotto su entrambe le superfici da incollare, precedentemente pulite e asciutte. Acoplar los tubos a unir, sin girarlos. Resiste presi\u00f3n a las 6 horas, m\u00e1xima resistencia 12 horas aproximadamente.<\/p>\n","protected":false},"featured_media":11849,"comment_status":"closed","ping_status":"closed","template":"","meta":{"_acf_changed":false},"product_brand":[],"product_cat":[132,211],"product_tag":[134,332],"class_list":{"0":"post-10236","1":"product","2":"type-product","3":"status-publish","4":"has-post-thumbnail","6":"product_cat-bricolaje-it","7":"product_cat-adhesivo-para-plasticos-it","8":"product_tag-reparar-pegar","9":"product_tag-sellar-it","10":"description-off","12":"first","13":"instock","14":"purchasable","15":"product-type-simple"},"acf":[],"jetpack_sharing_enabled":true,"_links":{"self":[{"href":"https:\/\/gomagom.es\/it\/wp-json\/wp\/v2\/product\/10236","targetHints":{"allow":["GET"]}}],"collection":[{"href":"https:\/\/gomagom.es\/it\/wp-json\/wp\/v2\/product"}],"about":[{"href":"https:\/\/gomagom.es\/it\/wp-json\/wp\/v2\/types\/product"}],"replies":[{"embeddable":true,"href":"https:\/\/gomagom.es\/it\/wp-json\/wp\/v2\/comments?post=10236"}],"wp:featuredmedia":[{"embeddable":true,"href":"https:\/\/gomagom.es\/it\/wp-json\/wp\/v2\/media\/11849"}],"wp:attachment":[{"href":"https:\/\/gomagom.es\/it\/wp-json\/wp\/v2\/media?parent=10236"}],"wp:term":[{"taxonomy":"product_brand","embeddable":true,"href":"https:\/\/gomagom.es\/it\/wp-json\/wp\/v2\/product_brand?post=10236"},{"taxonomy":"product_cat","embeddable":true,"href":"https:\/\/gomagom.es\/it\/wp-json\/wp\/v2\/product_cat?post=10236"},{"taxonomy":"product_tag","embeddable":true,"href":"https:\/\/gomagom.es\/it\/wp-json\/wp\/v2\/product_tag?post=10236"}],"curies":[{"name":"wp","href":"https:\/\/api.w.org\/{rel}","templated":true}]}}