{"id":9187,"date":"2024-02-02T13:38:54","date_gmt":"2024-02-02T12:38:54","guid":{"rendered":"https:\/\/gomagom.es\/catalog\/sin%20categor\u00eda\/super-colla-instantanea-3g\/"},"modified":"2025-04-01T15:34:05","modified_gmt":"2025-04-01T13:34:05","slug":"super-colla-instantanea-3g","status":"publish","type":"product","link":"https:\/\/gomagom.es\/it\/catalog\/super-colla-instantanea-3g\/","title":{"rendered":"SUPER COLLA INSTANTANEA 3g"},"content":{"rendered":"","protected":false},"excerpt":{"rendered":"<p><span style=\"color: #ff0000;\"><strong>N\u00ba 5<\/strong><\/span> |\u00a0<strong>Ref: GG16050<\/strong>  |\u00a0<i class=\"fa-solid fa-box\"><\/i> 24u. \u00a0<i class=\"fa-solid fa-box fa-2x\"><\/i> 144u.<\/br><br \/>\nUna sola goccia incolla in pochi secondi con grande forza, matbriall come: plastica, ceramica, caucci\u00f9, gomma, porcellana, lagno duro, marmo, metallo, madreperla, averie, vetro, ecc. Con tappo anti-otfurazione. ISTRUZIONI PER L&#8217;USO: Le superfici da incollare devono essere pulite, secche e prive di polvere o grasso Applicare una piccola quantit\u00e0 di colla. Basta una goccia. Se si applica una quantita \u00e9ccessiva di colla giminuiscie fefficacia e la rapidit\u00e0 d&#8217;icollaggio. Unire le parti tra di loro, evitando il contatto con le dita Premere per 16-30 secondi, tempo necessario per far presa. Raggiunge la massima resistenza in circa 12 ore Asciugare la punta dopo l&#8217;uso ed avvitare il cappuccio fino alla perfetta chiusura. Togliere i residui risciacquando con acetone Conservare in luogo fresco e secco, protetto dalla luce.<br \/>\nPRODOTTO PER LA PULIZIA DEI COLLANTI 3g<br \/>\nUTILE PER: Eliminare l&#8217;eccesso di adesivo, l&#8217;adesivo sulle mani. Eliminare le tracce d&#8217;adesivo su : legno, plastica, metallo, caucci\u00f9, vetro, marmo, melamina, carta, cartone. Il PRODOTTO PER LA PULIZIA DEI COLLANTI elimina tracce e resti d&#8217;adesivo su tutti i tipi di superfici. La confezione permette di raggiungere facilmente i punti difficili e consente un&#8217;applicazione precisa, nonch\u00e8 di un applicazione su superfici verticali. ISTRUZIONI PER L&#8217;USO: Applicare una goccia di prodotto affinch\u00e8 la superficie si trovi completamente impregnata. Posizionare un foglio di carta assorbente sulla superficie e lasciare agire 3 &#8211; 4 minuti, affich\u00e8 possa assorbire l&#8217;adesivo. Rimuovere la carta strofinando leggermente.  Passare uno straccio leggermente umido. Sulle mani: applicare il prodotto e rimuovere le tracce di collante, una volta ammorbidito, con un foglio di carta assorbente. Lavare abbondantemente con acqua e sapone.<\/p>\n","protected":false},"featured_media":11571,"comment_status":"closed","ping_status":"closed","template":"","meta":{"_acf_changed":false},"product_brand":[],"product_cat":[132,133],"product_tag":[134],"class_list":{"0":"post-9187","1":"product","2":"type-product","3":"status-publish","4":"has-post-thumbnail","6":"product_cat-bricolaje-it","7":"product_cat-adhesivo-super-instantaneo-it","8":"product_tag-reparar-pegar","9":"description-off","11":"first","12":"instock","13":"purchasable","14":"product-type-simple"},"acf":[],"jetpack_sharing_enabled":true,"_links":{"self":[{"href":"https:\/\/gomagom.es\/it\/wp-json\/wp\/v2\/product\/9187","targetHints":{"allow":["GET"]}}],"collection":[{"href":"https:\/\/gomagom.es\/it\/wp-json\/wp\/v2\/product"}],"about":[{"href":"https:\/\/gomagom.es\/it\/wp-json\/wp\/v2\/types\/product"}],"replies":[{"embeddable":true,"href":"https:\/\/gomagom.es\/it\/wp-json\/wp\/v2\/comments?post=9187"}],"wp:featuredmedia":[{"embeddable":true,"href":"https:\/\/gomagom.es\/it\/wp-json\/wp\/v2\/media\/11571"}],"wp:attachment":[{"href":"https:\/\/gomagom.es\/it\/wp-json\/wp\/v2\/media?parent=9187"}],"wp:term":[{"taxonomy":"product_brand","embeddable":true,"href":"https:\/\/gomagom.es\/it\/wp-json\/wp\/v2\/product_brand?post=9187"},{"taxonomy":"product_cat","embeddable":true,"href":"https:\/\/gomagom.es\/it\/wp-json\/wp\/v2\/product_cat?post=9187"},{"taxonomy":"product_tag","embeddable":true,"href":"https:\/\/gomagom.es\/it\/wp-json\/wp\/v2\/product_tag?post=9187"}],"curies":[{"name":"wp","href":"https:\/\/api.w.org\/{rel}","templated":true}]}}