{"id":9233,"date":"2024-02-02T13:39:06","date_gmt":"2024-02-02T12:39:06","guid":{"rendered":"https:\/\/gomagom.es\/catalog\/sin%20categor\u00eda\/colla-epossidica-trasparente\/"},"modified":"2025-04-01T15:34:35","modified_gmt":"2025-04-01T13:34:35","slug":"colla-epossidica-trasparente","status":"publish","type":"product","link":"https:\/\/gomagom.es\/it\/catalog\/colla-epossidica-trasparente\/","title":{"rendered":"COLLA EPOSSIDICA TRASPARENTE"},"content":{"rendered":"","protected":false},"excerpt":{"rendered":"<p><span style=\"color: #ff0000;\"><strong>N\u00ba 55<\/strong><\/span> |\u00a0<strong>Ref: GG11921<\/strong>  |\u00a0<i class=\"fa-solid fa-box\"><\/i> 12u. \u00a0<i class=\"fa-solid fa-box fa-2x\"><\/i> 144u.<\/br><br \/>\nIdeale per l&#8217;incollaggio di metallo, cemento, ceramica, vetro, piastrelle, pietra, legno, caucci\u00f9,  bra di vetro, vari tipi di plastica, fibre naturali, gioielli, bigiotteria e molti altri materiali. USO DOMESTICO E PROFESSIONALE. La colla epossidica trasparente \u00e8 un adesivo a asciugatura rapida che garantisce un&#8217;elevata resistenza e una grande trasparenza una volta asciutto. Consigliato per l&#8217;incollaggio di un&#8217;ampia variet\u00e0 di supporti, in particolare<br \/>\nmetalli e cemento. La solidi cazione parziale avviene entro massimo 10 minuti, potendo variare a seconda delle condizioni meteorologiche. La sua presentazione in siringa facilita il dosaggio dei 2 componenti in maniera equilibrata. Una perfetta miscelazione del prodotto migliora la qualit\u00e0 dell&#8217;incollaggio e della finitura. Applicazioni: ideale per super ci lisce, porose e irregolari. Aderisce su metallo, cemento, legno, vetro, ceramica, pietra,<br \/>\ncaucci\u00f9,  bra di vetro,  bra naturale, plastica (tranne polietilene e polipropilene), e molti altri materiali. Modalit\u00e0 d&#8217;uso : Prima di iniziare l&#8217;applicazione, pulire le super ci o i pezzi su cui si applicher\u00e0 l&#8217;adesivo, eliminando eventuali resti di grasso, sporco, ruggine e pittura. 1. Rompere il sigillo di alluminio utilizzando i tappi dei tubi (resina e  ssante). 2. Una volta aperti i tubi, dosare ogni componente (resina e  ssante) in una proporzione del 50%, usando a tal fine il supporto in plastica in dotazione con il prodotto. Ottenere una miscela uniforme e omogenea per garantire un incollaggio pi\u00f9 e cace e resistente. 3.<br \/>\nAdoperare il bastoncino di plastica che accompagna il supporto per mescolare i 2 componenti (A e B). Mescolare il tutto per bene fino a ottenere un mastice<br \/>\nuniforme. Eseguire l&#8217;applicazione della miscela ottenuta entro 1 minuto. 4. Utilizzando lo stesso bastoncino, applicare la colla epossidica sulle superfici da incollare mentre vengono compresse  no all&#8217;asciugatura completa del prodotto (e se necessario, unire le parti con nastro adesivo , rivetti o altri elementi dissaggio). 5. Dopo ogni uso chiudere le confezioni con i relativi tappi.<\/p>\n","protected":false},"featured_media":10998,"comment_status":"closed","ping_status":"closed","template":"","meta":{"_acf_changed":false},"product_brand":[],"product_cat":[132,186],"product_tag":[134],"class_list":{"0":"post-9233","1":"product","2":"type-product","3":"status-publish","4":"has-post-thumbnail","6":"product_cat-bricolaje-it","7":"product_cat-adhesivo-epoxy-2-componentes-it","8":"product_tag-reparar-pegar","9":"description-off","11":"first","12":"instock","13":"purchasable","14":"product-type-simple"},"acf":[],"jetpack_sharing_enabled":true,"_links":{"self":[{"href":"https:\/\/gomagom.es\/it\/wp-json\/wp\/v2\/product\/9233","targetHints":{"allow":["GET"]}}],"collection":[{"href":"https:\/\/gomagom.es\/it\/wp-json\/wp\/v2\/product"}],"about":[{"href":"https:\/\/gomagom.es\/it\/wp-json\/wp\/v2\/types\/product"}],"replies":[{"embeddable":true,"href":"https:\/\/gomagom.es\/it\/wp-json\/wp\/v2\/comments?post=9233"}],"wp:featuredmedia":[{"embeddable":true,"href":"https:\/\/gomagom.es\/it\/wp-json\/wp\/v2\/media\/10998"}],"wp:attachment":[{"href":"https:\/\/gomagom.es\/it\/wp-json\/wp\/v2\/media?parent=9233"}],"wp:term":[{"taxonomy":"product_brand","embeddable":true,"href":"https:\/\/gomagom.es\/it\/wp-json\/wp\/v2\/product_brand?post=9233"},{"taxonomy":"product_cat","embeddable":true,"href":"https:\/\/gomagom.es\/it\/wp-json\/wp\/v2\/product_cat?post=9233"},{"taxonomy":"product_tag","embeddable":true,"href":"https:\/\/gomagom.es\/it\/wp-json\/wp\/v2\/product_tag?post=9233"}],"curies":[{"name":"wp","href":"https:\/\/api.w.org\/{rel}","templated":true}]}}