{"id":9261,"date":"2024-05-22T15:11:23","date_gmt":"2024-05-22T14:11:23","guid":{"rendered":"https:\/\/gomagom.es\/catalog\/sin%20categor\u00eda\/adesivo-specchi-50ml\/"},"modified":"2025-04-01T15:34:54","modified_gmt":"2025-04-01T13:34:54","slug":"adesivo-specchi-50ml","status":"publish","type":"product","link":"https:\/\/gomagom.es\/it\/catalog\/adesivo-specchi-50ml\/","title":{"rendered":"ADESIVO SPECCHI 50ml"},"content":{"rendered":"","protected":false},"excerpt":{"rendered":"<p><span style=\"color: #ff0000;\"><strong>N\u00ba 83<\/strong><\/span> |\u00a0<strong>Ref: GG14591<\/strong>  |\u00a0<i class=\"fa-solid fa-box\"><\/i> 12u. \u00a0<i class=\"fa-solid fa-box fa-2x\"><\/i> 144u.<\/br><br \/>\nAdesivo per  ssaggio Specchi GOMAGOM \u00e8 un adesivo sviluppato con la pi\u00f9 avanzata tecnologia. Innovativo e sostenibile, la sua<br \/>\nformulazione \u00e8 priva di agenti aggressivi, quali solventi, acidi e isocianati, non causa danni alla salute n\u00e9 all&#8217;ambiente. \u00c8 particolarmente<br \/>\nindicato per l&#8217;installazione, il  ssaggio e la sigillatura di specchi; presenta un odore gradevole, non forma bolle e non lascia macchie.<br \/>\nISTRUZIONE PER L\u2019USO: 1. Verificare che la superficie dove si effettuer\u00e0 l&#8217;incollaggio sia livellata e pulita, priva di polvere o grassi, visto che<br \/>\nuno qualsiasi di tali elementi pu\u00f2 comprometterne l&#8217;adesione. 2. Pulire il lato verniciato dello specchio con un panno leggero e<br \/>\nimbevuto di alcol. Passare un panno asciutto per rimuovere l&#8217;eccesso. 3. Rompere la ceralacca con l&#8217;aiuto del tappo, subito dopo<br \/>\ntagliare il beccuccio di applicazione con un angolo di 45\u00b0 e uno spessore minimo di 6 mm. Avvitare il beccuccio di applicazione al<br \/>\ntubo. 4. Applicare cordoni retti, verticali e equidistanti sulla parte posteriore dello specchio. La quantit\u00e0 di prodotto da utilizzare<br \/>\ndipende dalle dimensioni e dallo spessore dello specchio. 5. Dopo aver applicato l&#8217;adesivo, unire le super ci rispettando la distanza di<br \/>\n3 mm tra lo specchio e la parete, permettendo cos\u00ec lo scolo dell&#8217;umidit\u00e0. 6. Eseguire le manovre di posizionamento dello specchio<br \/>\nentro massimo 10 minuti dall&#8217;unione. Puntellare lo specchio per consentire l&#8217;adesione iniziale. Le zeppe vanno rimosse entro un<br \/>\nintervallo di tempo di 4-6 ore, a seconda delle dimensioni dello specchio. Composizione chimica: Carbonato di calcio, Diisononilftalato,<br \/>\nBiossido di titanio.<\/p>\n","protected":false},"featured_media":229,"comment_status":"closed","ping_status":"open","template":"","meta":{"_acf_changed":false},"product_brand":[],"product_cat":[56,16,62],"product_tag":[98],"class_list":{"0":"post-9261","1":"product","2":"type-product","3":"status-publish","4":"has-post-thumbnail","6":"product_cat-adhesivo-especifico","7":"product_cat-bricolaje","8":"product_cat-otros-productos","9":"product_tag-fijar","10":"description-off","12":"first","13":"instock","14":"purchasable","15":"product-type-simple"},"acf":[],"jetpack_sharing_enabled":true,"_links":{"self":[{"href":"https:\/\/gomagom.es\/it\/wp-json\/wp\/v2\/product\/9261","targetHints":{"allow":["GET"]}}],"collection":[{"href":"https:\/\/gomagom.es\/it\/wp-json\/wp\/v2\/product"}],"about":[{"href":"https:\/\/gomagom.es\/it\/wp-json\/wp\/v2\/types\/product"}],"replies":[{"embeddable":true,"href":"https:\/\/gomagom.es\/it\/wp-json\/wp\/v2\/comments?post=9261"}],"wp:featuredmedia":[{"embeddable":true,"href":"https:\/\/gomagom.es\/it\/wp-json\/wp\/v2\/media\/229"}],"wp:attachment":[{"href":"https:\/\/gomagom.es\/it\/wp-json\/wp\/v2\/media?parent=9261"}],"wp:term":[{"taxonomy":"product_brand","embeddable":true,"href":"https:\/\/gomagom.es\/it\/wp-json\/wp\/v2\/product_brand?post=9261"},{"taxonomy":"product_cat","embeddable":true,"href":"https:\/\/gomagom.es\/it\/wp-json\/wp\/v2\/product_cat?post=9261"},{"taxonomy":"product_tag","embeddable":true,"href":"https:\/\/gomagom.es\/it\/wp-json\/wp\/v2\/product_tag?post=9261"}],"curies":[{"name":"wp","href":"https:\/\/api.w.org\/{rel}","templated":true}]}}