{"id":9262,"date":"2024-05-22T15:11:23","date_gmt":"2024-05-22T14:11:23","guid":{"rendered":"https:\/\/gomagom.es\/catalog\/sin%20categor\u00eda\/il-nastro-fisso-gomagom-e-stato-progettato-per-garantire-un-fissaggio-extra-forte-in-maniera-facile-veloce-e-sicura-potrai-appendere-quadri-oggetti\/"},"modified":"2025-04-01T15:34:54","modified_gmt":"2025-04-01T13:34:54","slug":"il-nastro-fisso-gomagom-e-stato-progettato-per-garantire-un-fissaggio-extra-forte-in-maniera-facile-veloce-e-sicura-potrai-appendere-quadri-oggetti","status":"publish","type":"product","link":"https:\/\/gomagom.es\/it\/catalog\/il-nastro-fisso-gomagom-e-stato-progettato-per-garantire-un-fissaggio-extra-forte-in-maniera-facile-veloce-e-sicura-potrai-appendere-quadri-oggetti\/","title":{"rendered":"Il nastro fisso GOMAGOM \u00e8 stato progettato per garantire un fissaggio extra forte in maniera facile, veloce e sicura. Potrai appendere quadri, oggetti"},"content":{"rendered":"","protected":false},"excerpt":{"rendered":"<p><span style=\"color: #ff0000;\"><strong>N\u00ba 85<\/strong><\/span> |\u00a0<strong>Ref: GG15511<\/strong>  |\u00a0<i class=\"fa-solid fa-box\"><\/i> 15u. \u00a0<i class=\"fa-solid fa-box fa-2x\"><\/i> 300u.<\/br><br \/>\ndi arredamento, canalette e molti altri oggetti. Aderisce alla perfezione su legno, parete, vetro, acrilico e metallo. MODALIT\u00c0 D&#8217;USO: 1. Segnare la<br \/>\nsuperficie dove si desidera eseguire l&#8217;applicazione. 2. Pulire per bene la superficie con alcol, eliminando eventuali resti di grasso o polvere.<br \/>\nImportante: l&#8217;uso di detergenti o di altri prodotti pu\u00f2 compromettere l&#8217;efficacia del nastro adesivo. 3. Togliere la pellicola protettiva e applicare il<br \/>\nnastro sull&#8217;oggetto in questione. 4. Tenere l&#8217;oggetto saldamente sotto pressione per 1 minuto nel luogo desiderato per ottenere una aderenza<br \/>\nmigliore e una presa pi\u00f9 solida. IMPORTANTE: 1. Maggiore \u00e8 la zona di contatto del nastro, pi\u00f9 resistente risulter\u00e0 l&#8217;applicazione. Pertanto, il nastro<br \/>\nnon va applicato su superfici irregolari o con finiture texturizzate. 2. Il prodotto non \u00e8 stato disegnato per supportare oggetti tridimensionali di<br \/>\ngrande volume, quali scaffali. Non \u00e8 consigliabile l&#8217;applicazione su oggetti in grado di esercitare una forza pendolare. 3. Esaminare con attenzione<br \/>\nla superficie dove si applicher\u00e0 il nastro. Nel caso in cui si debba rimuovere il nastro, tenere conto che la sua forza di aderenza potrebbe causare<br \/>\ndanni alle superfici pitturate o agli intonaci poco resistenti. 4. Il nastro raggiunge il 100% della sua capacit\u00e0 di carico 48 ore dopo la sua<br \/>\napplicazione. 5. \u00c8 consigliabile applicarlo a temperature tra 5\u00b0C e 40\u00b0C. Limitazioni: Non applicare il prodotto in presenza di solventi. Non applicare su carta da parati. Si sconsiglia di sovrapporre pezzi di nastro, o di eseguire applicazioni di incollaggio strutturale. Composizione: Nastro di film in polietilene e adesivo acrilico.<\/p>\n","protected":false},"featured_media":269,"comment_status":"closed","ping_status":"open","template":"","meta":{"_acf_changed":false},"product_brand":[],"product_cat":[16,63],"product_tag":[98],"class_list":{"0":"post-9262","1":"product","2":"type-product","3":"status-publish","4":"has-post-thumbnail","6":"product_cat-bricolaje","7":"product_cat-cintas-adhesivas-bricolaje","8":"product_tag-fijar","9":"description-off","11":"first","12":"instock","13":"purchasable","14":"product-type-simple"},"acf":[],"jetpack_sharing_enabled":true,"_links":{"self":[{"href":"https:\/\/gomagom.es\/it\/wp-json\/wp\/v2\/product\/9262","targetHints":{"allow":["GET"]}}],"collection":[{"href":"https:\/\/gomagom.es\/it\/wp-json\/wp\/v2\/product"}],"about":[{"href":"https:\/\/gomagom.es\/it\/wp-json\/wp\/v2\/types\/product"}],"replies":[{"embeddable":true,"href":"https:\/\/gomagom.es\/it\/wp-json\/wp\/v2\/comments?post=9262"}],"wp:featuredmedia":[{"embeddable":true,"href":"https:\/\/gomagom.es\/it\/wp-json\/wp\/v2\/media\/269"}],"wp:attachment":[{"href":"https:\/\/gomagom.es\/it\/wp-json\/wp\/v2\/media?parent=9262"}],"wp:term":[{"taxonomy":"product_brand","embeddable":true,"href":"https:\/\/gomagom.es\/it\/wp-json\/wp\/v2\/product_brand?post=9262"},{"taxonomy":"product_cat","embeddable":true,"href":"https:\/\/gomagom.es\/it\/wp-json\/wp\/v2\/product_cat?post=9262"},{"taxonomy":"product_tag","embeddable":true,"href":"https:\/\/gomagom.es\/it\/wp-json\/wp\/v2\/product_tag?post=9262"}],"curies":[{"name":"wp","href":"https:\/\/api.w.org\/{rel}","templated":true}]}}