{"id":9275,"date":"2024-05-22T15:11:35","date_gmt":"2024-05-22T14:11:35","guid":{"rendered":"https:\/\/gomagom.es\/catalog\/sin%20categor\u00eda\/nastro-autovulcanizzabile-giallo\/"},"modified":"2025-04-01T15:35:00","modified_gmt":"2025-04-01T13:35:00","slug":"nastro-autovulcanizzabile-giallo","status":"publish","type":"product","link":"https:\/\/gomagom.es\/it\/catalog\/nastro-autovulcanizzabile-giallo\/","title":{"rendered":"NASTRO AUTOVULCANIZZABILE GIALLO"},"content":{"rendered":"","protected":false},"excerpt":{"rendered":"<p><span style=\"color: #ff0000;\"><strong>N\u00ba 99<\/strong><\/span> |\u00a0<strong>Ref: GG16021<\/strong>  |\u00a0<i class=\"fa-solid fa-box\"><\/i> 12u. \u00a0<i class=\"fa-solid fa-box fa-2x\"><\/i> 72u.<\/br><br \/>\nIdeale per riparazioni elettriche, fughe e molto altro. A prova d\u2019acqua e di raggi UV. Nastro autovulcanizzabile GOMAGOM multiuso per diverse riparazioni domestiche. Prodotto senza alcun tipo di adesivo, questo nastro aderisce semplicemente su s\u00e9 stesso in un processo di \u201cauto fusione\u201d, fornendo una riparazione e ciente, a prova d\u2019acqua,<br \/>\nresistente ai raggi UV, ai sali chimici corrosivi e agli olii. \u00c8 un sostituto del nastro isolante tradizionale, con una capacit\u00e0 di isolamento fino a 20.000 volt. Resiste a temperature tra -50\u00b0C e 180\u00b0C. Si tratta di un nastro fatto di silicone che non perde la sua flessibilit\u00e0. \u00c8 indicato per riparare impianti elettrici, cavi danneggiati, piccole fughe in condutture, tubi e manichette. \u00c8 perfetto anche per riparazioni provvisorie di emergenza. Essendo un nastro di auto fusione, funziona molto bene su un\u2019infinit\u00e0 di substrati quali: rame, plastica, PVC, gomma e molto altro.<br \/>\nISTRUZIONI PER L&#8217;USO:  1. Tagliare il pezzo di nastro necessario per la riparazione che si desidera e ettuare. 2. Togliere il  lm trasparente che protegge il nastro. 3. Avvolgere l\u2019oggetto desiderato, stendendo per bene il nastro attorno ad esso, e in modo tale che il nastro torni in contatto con s\u00e9 stesso. Nota: Non esiste un lato corretto per l\u2019unione del nastro. Puoi unire da uno qualsiasi dei lati del nastro. Per rimuoverlo: basta tagliare il prodotto, facendo attenzione a non danneggiare il materiale o oggetto su cui era stato applicato. Il nastro non lascia residui di adesivi. Importante: Per la vostra sicurezza, prima di qualsiasi tipo di riparazione elettrica, assicurarsi che il dispositivo non sia acceso, collegato e non vi sia alcuna presenza di corrente elettrica. Composizione: nastro a base di<br \/>\npolimeri di silicone. Non si rompe. Flessibile.<\/p>\n","protected":false},"featured_media":291,"comment_status":"closed","ping_status":"open","template":"","meta":{"_acf_changed":false},"product_brand":[],"product_cat":[56,16,63],"product_tag":[134,71],"class_list":{"0":"post-9275","1":"product","2":"type-product","3":"status-publish","4":"has-post-thumbnail","6":"product_cat-adhesivo-especifico","7":"product_cat-bricolaje","8":"product_cat-cintas-adhesivas-bricolaje","9":"product_tag-reparar-pegar","10":"product_tag-sellar","11":"description-off","13":"first","14":"instock","15":"purchasable","16":"product-type-simple"},"acf":[],"jetpack_sharing_enabled":true,"_links":{"self":[{"href":"https:\/\/gomagom.es\/it\/wp-json\/wp\/v2\/product\/9275","targetHints":{"allow":["GET"]}}],"collection":[{"href":"https:\/\/gomagom.es\/it\/wp-json\/wp\/v2\/product"}],"about":[{"href":"https:\/\/gomagom.es\/it\/wp-json\/wp\/v2\/types\/product"}],"replies":[{"embeddable":true,"href":"https:\/\/gomagom.es\/it\/wp-json\/wp\/v2\/comments?post=9275"}],"wp:featuredmedia":[{"embeddable":true,"href":"https:\/\/gomagom.es\/it\/wp-json\/wp\/v2\/media\/291"}],"wp:attachment":[{"href":"https:\/\/gomagom.es\/it\/wp-json\/wp\/v2\/media?parent=9275"}],"wp:term":[{"taxonomy":"product_brand","embeddable":true,"href":"https:\/\/gomagom.es\/it\/wp-json\/wp\/v2\/product_brand?post=9275"},{"taxonomy":"product_cat","embeddable":true,"href":"https:\/\/gomagom.es\/it\/wp-json\/wp\/v2\/product_cat?post=9275"},{"taxonomy":"product_tag","embeddable":true,"href":"https:\/\/gomagom.es\/it\/wp-json\/wp\/v2\/product_tag?post=9275"}],"curies":[{"name":"wp","href":"https:\/\/api.w.org\/{rel}","templated":true}]}}