{"id":9881,"date":"2024-06-25T12:01:19","date_gmt":"2024-06-25T10:01:19","guid":{"rendered":"https:\/\/gomagom.es\/catalog\/senza-categoria\/super-adhesivo-instantaneo-gel-3-x-3g\/"},"modified":"2024-06-25T12:29:31","modified_gmt":"2024-06-25T11:29:31","slug":"super-adhesivo-instantaneo-gel-3-x-3g","status":"publish","type":"product","link":"https:\/\/gomagom.es\/it\/catalog\/super-adhesivo-instantaneo-gel-3-x-3g\/","title":{"rendered":"SUPER COLLA INSTANTANEA 3 x 3g"},"content":{"rendered":"","protected":false},"excerpt":{"rendered":"<p><span style=\"color: #ff0000;\"><strong>N\u00ba 104<\/strong><\/span> | <strong>Ref: GG20381<\/strong> | <i class=\"fa-solid fa-box\"><\/i> 12u. <i class=\"fa-solid fa-box fa-2x\"><\/i> 144u.<br \/>\nINCOLLA: Una sola goccia incolla in pochi secondi con grande forza, matbriall come: plastica, ceramica, caucci\u00f9, gomma, porcellana, lagno duro, marmo, metallo, madreperla, averie, vetro, ecc. Con tappo anti-otfurazione.<br \/>\nISTRUZIONI PER L\u2019USO: Le superfici da incollare devono essere pulite, secche e prive di polvere o grasso Applicare una piccola quantit\u00e0 di colla. Basta una goccia. Se si applica una quantita \u00e9ccessiva di colla giminuiscie fefficacia e la rapidit\u00e0 d\u2019icollaggio. Unire le parti tra di loro, evitando il contatto con le dita Premere per 16-30 secondi, tempo necessario per far presa. Raggiunge la massima resistenza in circa 12 ore Asciugare la punta dopo l\u2019uso ed avvitare il cappuccio fino alla perfetta chiusura. Togliere i residui risciacquando con acetone Conservare in luogo fresco e secco, protetto dalla luce.<\/p>\n","protected":false},"featured_media":9877,"comment_status":"closed","ping_status":"closed","template":"","meta":{"_acf_changed":false},"product_brand":[],"product_cat":[132,133],"product_tag":[134],"class_list":{"0":"post-9881","1":"product","2":"type-product","3":"status-publish","4":"has-post-thumbnail","6":"product_cat-bricolaje-it","7":"product_cat-adhesivo-super-instantaneo-it","8":"product_tag-reparar-pegar","9":"description-off","11":"first","12":"instock","13":"purchasable","14":"product-type-simple"},"acf":[],"jetpack_sharing_enabled":true,"_links":{"self":[{"href":"https:\/\/gomagom.es\/it\/wp-json\/wp\/v2\/product\/9881","targetHints":{"allow":["GET"]}}],"collection":[{"href":"https:\/\/gomagom.es\/it\/wp-json\/wp\/v2\/product"}],"about":[{"href":"https:\/\/gomagom.es\/it\/wp-json\/wp\/v2\/types\/product"}],"replies":[{"embeddable":true,"href":"https:\/\/gomagom.es\/it\/wp-json\/wp\/v2\/comments?post=9881"}],"wp:featuredmedia":[{"embeddable":true,"href":"https:\/\/gomagom.es\/it\/wp-json\/wp\/v2\/media\/9877"}],"wp:attachment":[{"href":"https:\/\/gomagom.es\/it\/wp-json\/wp\/v2\/media?parent=9881"}],"wp:term":[{"taxonomy":"product_brand","embeddable":true,"href":"https:\/\/gomagom.es\/it\/wp-json\/wp\/v2\/product_brand?post=9881"},{"taxonomy":"product_cat","embeddable":true,"href":"https:\/\/gomagom.es\/it\/wp-json\/wp\/v2\/product_cat?post=9881"},{"taxonomy":"product_tag","embeddable":true,"href":"https:\/\/gomagom.es\/it\/wp-json\/wp\/v2\/product_tag?post=9881"}],"curies":[{"name":"wp","href":"https:\/\/api.w.org\/{rel}","templated":true}]}}