{"id":3435,"date":"2023-02-08T08:57:02","date_gmt":"2023-02-08T07:57:02","guid":{"rendered":"https:\/\/gomagom.es\/gomagom\/"},"modified":"2024-10-29T16:40:06","modified_gmt":"2024-10-29T15:40:06","slug":"gomagom","status":"publish","type":"page","link":"https:\/\/gomagom.es\/pt-pt\/","title":{"rendered":"GomaGom"},"content":{"rendered":"<div class=\"wpb-content-wrapper\"><p>[vc_row][vc_column]<div id=\"ultimate-heading-900369d60504d173b\" class=\"uvc-heading ult-adjust-bottom-margin ultimate-heading-900369d60504d173b uvc-9837  uvc-heading-default-font-sizes\" data-hspacer=\"no_spacer\"  data-halign=\"center\" style=\"text-align:center\"><div class=\"uvc-heading-spacer no_spacer\" style=\"top\"><\/div><div class=\"uvc-main-heading ult-responsive\"  data-ultimate-target='.uvc-heading.ultimate-heading-900369d60504d173b h2'  data-responsive-json-new='{\"font-size\":\"\",\"line-height\":\"\"}' ><h2 style=\"font-family:&#039;Montserrat&#039;;font-weight:300;margin-bottom:35px;\">DUNSA, SL<\/h2><\/div><\/div>[vc_column_text css=&#8221;&#8221;]<\/p>\n<p style=\"text-align: center;\">Mais de 30 anos de experi\u00eancia na fabrica\u00e7\u00e3o de barras adesivas e colas nos permitem oferecer uma gama de produtos inovadores.<\/p>\n<p style=\"text-align: center;\">Nossos armaz\u00e9ns de distribui\u00e7\u00e3o est\u00e3o situados a 30 km de Barcelona, em uma \u00e1rea industrial pr\u00f3xima a um dos centros log\u00edsticos mais importantes da regi\u00e3o.<\/p>\n<p style=\"text-align: center;\">Nosso sistema de armazenamento totalmente informatizado nos permite oferecer uma resposta imediata \u00e0s necessidades de nossos clientes.<\/p>\n<p style=\"text-align: center;\">Contamos com um importante suporte industrial de grande capacidade produtiva e a possibilidade de oferecer a cada ano produtos inovadores dentro do mercado de papelaria.<\/p>\n<p>[\/vc_column_text][\/vc_column][\/vc_row]<\/p>\n<\/div>","protected":false},"excerpt":{"rendered":"<p>[vc_row][vc_column][vc_column_text css=&#8221;&#8221;] Mais de 30 anos de experi\u00eancia na fabrica\u00e7\u00e3o de barras adesivas e colas nos permitem oferecer uma gama de produtos inovadores. Nossos armaz\u00e9ns de distribui\u00e7\u00e3o est\u00e3o situados a 30 km de Barcelona, em uma \u00e1rea industrial pr\u00f3xima a um dos centros log\u00edsticos mais importantes da regi\u00e3o. Nosso sistema de armazenamento totalmente informatizado nos&hellip;<\/p>\n","protected":false},"author":9,"featured_media":0,"parent":0,"menu_order":0,"comment_status":"closed","ping_status":"closed","template":"","meta":{"_acf_changed":false,"footnotes":""},"class_list":["post-3435","page","type-page","status-publish","hentry","description-off"],"acf":[],"jetpack_sharing_enabled":true,"_links":{"self":[{"href":"https:\/\/gomagom.es\/pt-pt\/wp-json\/wp\/v2\/pages\/3435","targetHints":{"allow":["GET"]}}],"collection":[{"href":"https:\/\/gomagom.es\/pt-pt\/wp-json\/wp\/v2\/pages"}],"about":[{"href":"https:\/\/gomagom.es\/pt-pt\/wp-json\/wp\/v2\/types\/page"}],"author":[{"embeddable":true,"href":"https:\/\/gomagom.es\/pt-pt\/wp-json\/wp\/v2\/users\/9"}],"replies":[{"embeddable":true,"href":"https:\/\/gomagom.es\/pt-pt\/wp-json\/wp\/v2\/comments?post=3435"}],"version-history":[{"count":3,"href":"https:\/\/gomagom.es\/pt-pt\/wp-json\/wp\/v2\/pages\/3435\/revisions"}],"predecessor-version":[{"id":10194,"href":"https:\/\/gomagom.es\/pt-pt\/wp-json\/wp\/v2\/pages\/3435\/revisions\/10194"}],"wp:attachment":[{"href":"https:\/\/gomagom.es\/pt-pt\/wp-json\/wp\/v2\/media?parent=3435"}],"curies":[{"name":"wp","href":"https:\/\/api.w.org\/{rel}","templated":true}]}}