{"id":5531,"date":"2023-07-03T11:09:29","date_gmt":"2023-07-03T09:09:29","guid":{"rendered":"https:\/\/gomagom.es\/descargas\/"},"modified":"2026-01-16T08:15:22","modified_gmt":"2026-01-16T07:15:22","slug":"transferencias","status":"publish","type":"page","link":"https:\/\/gomagom.es\/pt-pt\/transferencias\/","title":{"rendered":"Transfer\u00eancias"},"content":{"rendered":"<div class=\"wpb-content-wrapper\"><p>[vc_row content_placement=&#8221;middle&#8221;][vc_column width=&#8221;1\/2&#8243;][vc_single_image image=&#8221;3518&#8243; img_size=&#8221;500&#215;500&#8243; style=&#8221;vc_box_outline&#8221;][\/vc_column][vc_column width=&#8221;1\/2&#8243;][vc_column_text]Para obter seu pacote de imagens gratuito, basta clicar no link de download abaixo.<\/p>\n<p>[\/vc_column_text][vc_btn title=&#8221;Baixe imagens DIY&#8221; color=&#8221;success&#8221; size=&#8221;lg&#8221; align=&#8221;left&#8221; i_icon_fontawesome=&#8221;fas fa-arrow-alt-circle-down&#8221; css=&#8221;.vc_custom_1702396540834{margin-top: 25px !important;margin-bottom: 25px !important;}&#8221; add_icon=&#8221;true&#8221; link=&#8221;url:https%3A%2F%2Fgomagom.es%2Fdescargas%2FGG_BRICO.rar|title:Baixe%20imagens%20DIY|target:_blank|&#8221;][vc_btn title=&#8221;Baixar imagens PAPELARIA&#8221; color=&#8221;success&#8221; size=&#8221;lg&#8221; align=&#8221;left&#8221; i_icon_fontawesome=&#8221;fas fa-arrow-alt-circle-down&#8221; css=&#8221;.vc_custom_1702396580685{margin-top: 25px !important;margin-bottom: 25px !important;}&#8221; add_icon=&#8221;true&#8221; link=&#8221;url:https%3A%2F%2Fgomagom.es%2Fdescargas%2FGG_PAPERERIA.rar|title:Baixar%20imagens%20PAPELARIA|target:_blank|&#8221;][vc_btn title=&#8221;Descarregue o cat\u00e1logo da GOMAGOM&#8221; color=&#8221;success&#8221; size=&#8221;lg&#8221; align=&#8221;left&#8221; i_icon_fontawesome=&#8221;fa fa-solid fa-circle-arrow-down&#8221; css=&#8221;.vc_custom_1768547331925{margin-top: 25px !important;margin-bottom: 25px !important;}&#8221; add_icon=&#8221;true&#8221; link=&#8221;url:https%3A%2F%2Fgomagom.es%2Fwp-content%2Fuploads%2F2026%2F01%2FCatalogo-Dunsa-2026b.pdf|title:Descargar%20cat%C3%A1logo%20GomaGom%202026|target:_blank|&#8221;][vc_column_text]Se voc\u00ea tiver alguma d\u00favida ou precisar de mais informa\u00e7\u00f5es sobre um produto espec\u00edfico, n\u00e3o hesite em entrar em contato com nossa equipe de atendimento ao cliente. Estamos aqui para ajud\u00e1-lo.[\/vc_column_text][\/vc_column][\/vc_row]<\/p>\n<\/div>","protected":false},"excerpt":{"rendered":"<p>[vc_row content_placement=&#8221;middle&#8221;][vc_column width=&#8221;1\/2&#8243;][vc_single_image image=&#8221;3518&#8243; img_size=&#8221;500&#215;500&#8243; style=&#8221;vc_box_outline&#8221;][\/vc_column][vc_column width=&#8221;1\/2&#8243;][vc_column_text]Para obter seu pacote de imagens gratuito, basta clicar no link de download abaixo. [\/vc_column_text][vc_btn title=&#8221;Baixe imagens DIY&#8221; color=&#8221;success&#8221; size=&#8221;lg&#8221; align=&#8221;left&#8221; i_icon_fontawesome=&#8221;fas fa-arrow-alt-circle-down&#8221; css=&#8221;.vc_custom_1702396540834{margin-top: 25px !important;margin-bottom: 25px !important;}&#8221; add_icon=&#8221;true&#8221; link=&#8221;url:https%3A%2F%2Fgomagom.es%2Fdescargas%2FGG_BRICO.rar|title:Baixe%20imagens%20DIY|target:_blank|&#8221;][vc_btn title=&#8221;Baixar imagens PAPELARIA&#8221; color=&#8221;success&#8221; size=&#8221;lg&#8221; align=&#8221;left&#8221; i_icon_fontawesome=&#8221;fas fa-arrow-alt-circle-down&#8221; css=&#8221;.vc_custom_1702396580685{margin-top: 25px !important;margin-bottom: 25px !important;}&#8221; add_icon=&#8221;true&#8221; link=&#8221;url:https%3A%2F%2Fgomagom.es%2Fdescargas%2FGG_PAPERERIA.rar|title:Baixar%20imagens%20PAPELARIA|target:_blank|&#8221;][vc_btn title=&#8221;Descarregue o cat\u00e1logo da&hellip;<\/p>\n","protected":false},"author":9,"featured_media":0,"parent":0,"menu_order":0,"comment_status":"closed","ping_status":"closed","template":"","meta":{"_acf_changed":false,"footnotes":""},"class_list":["post-5531","page","type-page","status-publish","hentry","description-off"],"acf":[],"jetpack_sharing_enabled":true,"_links":{"self":[{"href":"https:\/\/gomagom.es\/pt-pt\/wp-json\/wp\/v2\/pages\/5531","targetHints":{"allow":["GET"]}}],"collection":[{"href":"https:\/\/gomagom.es\/pt-pt\/wp-json\/wp\/v2\/pages"}],"about":[{"href":"https:\/\/gomagom.es\/pt-pt\/wp-json\/wp\/v2\/types\/page"}],"author":[{"embeddable":true,"href":"https:\/\/gomagom.es\/pt-pt\/wp-json\/wp\/v2\/users\/9"}],"replies":[{"embeddable":true,"href":"https:\/\/gomagom.es\/pt-pt\/wp-json\/wp\/v2\/comments?post=5531"}],"version-history":[{"count":18,"href":"https:\/\/gomagom.es\/pt-pt\/wp-json\/wp\/v2\/pages\/5531\/revisions"}],"predecessor-version":[{"id":10374,"href":"https:\/\/gomagom.es\/pt-pt\/wp-json\/wp\/v2\/pages\/5531\/revisions\/10374"}],"wp:attachment":[{"href":"https:\/\/gomagom.es\/pt-pt\/wp-json\/wp\/v2\/media?parent=5531"}],"curies":[{"name":"wp","href":"https:\/\/api.w.org\/{rel}","templated":true}]}}