{"id":10208,"date":"2024-12-18T13:30:36","date_gmt":"2024-12-18T12:30:36","guid":{"rendered":"https:\/\/gomagom.es\/catalog\/sem%20categoria\/cinta-adhesiva-doble-cara-bl\/"},"modified":"2024-12-18T13:43:45","modified_gmt":"2024-12-18T12:43:45","slug":"cinta-adhesiva-doble-cara-bl","status":"publish","type":"product","link":"https:\/\/gomagom.es\/pt-pt\/catalog\/cinta-adhesiva-doble-cara-bl\/","title":{"rendered":"FITA ADESIVA BL DE DUPLA FACE"},"content":{"rendered":"","protected":false},"excerpt":{"rendered":"<p><strong><span style=\"color: #ff0000;\">N\u00ba 30<\/span> | Ref: GG21391<\/strong> | <i class=\"fa-solid fa-box\"><\/i> 12u. <i class=\"fa-solid fa-box fa-2x\"><\/i> 72u.<br \/>\nPara colar: Ganchos, pratos, sinais, ornamentos, consertar o telefone, etc. Muito \u00fatil em casa, no escrit\u00f3rio e na escola. Para consertar todos os tipos de objetos de forma limpa, r\u00e1pida e f\u00e1cil. Adequado para uso infantil e\/ou dom\u00e9stico.<\/p>\n","protected":false},"featured_media":11832,"comment_status":"closed","ping_status":"closed","template":"","meta":{"_acf_changed":false},"product_brand":[],"product_cat":[135,218],"product_tag":[],"class_list":{"0":"post-10208","1":"product","2":"type-product","3":"status-publish","4":"has-post-thumbnail","6":"product_cat-bricolaje-pt-pt","7":"product_cat-cintas-adhesivas-bricolaje-pt-pt","8":"description-off","10":"first","11":"instock","12":"purchasable","13":"product-type-simple"},"acf":[],"jetpack_sharing_enabled":true,"_links":{"self":[{"href":"https:\/\/gomagom.es\/pt-pt\/wp-json\/wp\/v2\/product\/10208","targetHints":{"allow":["GET"]}}],"collection":[{"href":"https:\/\/gomagom.es\/pt-pt\/wp-json\/wp\/v2\/product"}],"about":[{"href":"https:\/\/gomagom.es\/pt-pt\/wp-json\/wp\/v2\/types\/product"}],"replies":[{"embeddable":true,"href":"https:\/\/gomagom.es\/pt-pt\/wp-json\/wp\/v2\/comments?post=10208"}],"wp:featuredmedia":[{"embeddable":true,"href":"https:\/\/gomagom.es\/pt-pt\/wp-json\/wp\/v2\/media\/11832"}],"wp:attachment":[{"href":"https:\/\/gomagom.es\/pt-pt\/wp-json\/wp\/v2\/media?parent=10208"}],"wp:term":[{"taxonomy":"product_brand","embeddable":true,"href":"https:\/\/gomagom.es\/pt-pt\/wp-json\/wp\/v2\/product_brand?post=10208"},{"taxonomy":"product_cat","embeddable":true,"href":"https:\/\/gomagom.es\/pt-pt\/wp-json\/wp\/v2\/product_cat?post=10208"},{"taxonomy":"product_tag","embeddable":true,"href":"https:\/\/gomagom.es\/pt-pt\/wp-json\/wp\/v2\/product_tag?post=10208"}],"curies":[{"name":"wp","href":"https:\/\/api.w.org\/{rel}","templated":true}]}}