{"id":10237,"date":"2025-02-27T14:39:44","date_gmt":"2025-02-27T13:39:44","guid":{"rendered":"https:\/\/gomagom.es\/?post_type=product&#038;p=10237"},"modified":"2026-03-27T12:35:37","modified_gmt":"2026-03-27T11:35:37","slug":"adhesivo-para-tuberias-de-pvc-50ml-copia-2","status":"publish","type":"product","link":"https:\/\/gomagom.es\/pt-pt\/catalog\/adhesivo-para-tuberias-de-pvc-50ml-copia-2\/","title":{"rendered":"ADESIVO PARA TUBOS DE PVC 20ml"},"content":{"rendered":"<p>N\u00ba 16 | Ref: 22101 | 12u. 144u.<br \/>\nPARA COLOCAR: Tubos de PVC r\u00edgido, mangueiras de PVC, condu\u00edtes, instala\u00e7\u00f5es, materiais de PVC r\u00edgido, reparos e objetos de PVC em geral. El ADHESIVO PARA TUBER\u00cdAS DE PVC GOMAGOM adhiere perfectamente pl\u00e1sticos r\u00edgidos de PVC, especialmente conducciones de agua, que soporten presi\u00f3n. Consegue uma colagem perfeita, sem fugas e com grande resist\u00eancia.<br \/>\nMODO DE USO: Aplica uma fina camada de produto em ambas as superf\u00edcies a colar, previamente limpas e secas. Acoplar los tubos a unir, sin girarlos. Resiste presi\u00f3n a las 6 horas, m\u00e1xima resistencia 12 horas aproximadamente.<\/p>\n","protected":false},"excerpt":{"rendered":"<p><span style=\"color: #ff0000;\"><strong>NO. 16<\/strong><\/span> | <strong>Ref: GG22101<\/strong> | <i class=\"fa-solid fa-box\"><\/i> 12u. <i class=\"fa-solid fa-box fa-2x\"><\/i> 144u.<br \/>\nPARA COLOCAR: Tubos de PVC r\u00edgido, mangueiras de PVC, condu\u00edtes, instala\u00e7\u00f5es, materiais de PVC r\u00edgido, reparos e objetos de PVC em geral. El ADHESIVO PARA TUBER\u00cdAS DE PVC GOMAGOM adhiere perfectamente pl\u00e1sticos r\u00edgidos de PVC, especialmente conducciones de agua, que soporten presi\u00f3n. Consegue uma colagem perfeita, sem fugas e com grande resist\u00eancia.<br \/>\nMODO DE USO: Aplicar uma fina camada de produto em ambas as superf\u00edcies a colar, previamente limpas e secas. Acoplar los tubos a unir, sin girarlos. Resiste presi\u00f3n a las 6 horas, m\u00e1xima resistencia 12 horas aproximadamente.<\/p>\n","protected":false},"featured_media":11850,"comment_status":"closed","ping_status":"closed","template":"","meta":{"_acf_changed":false},"product_brand":[],"product_cat":[135,210],"product_tag":[137,333],"class_list":{"0":"post-10237","1":"product","2":"type-product","3":"status-publish","4":"has-post-thumbnail","6":"product_cat-bricolaje-pt-pt","7":"product_cat-adhesivo-para-plasticos-pt-pt","8":"product_tag-reparar-pegar-pt-pt","9":"product_tag-sellar-pt-pt","10":"description-off","12":"first","13":"instock","14":"purchasable","15":"product-type-simple"},"acf":[],"jetpack_sharing_enabled":true,"_links":{"self":[{"href":"https:\/\/gomagom.es\/pt-pt\/wp-json\/wp\/v2\/product\/10237","targetHints":{"allow":["GET"]}}],"collection":[{"href":"https:\/\/gomagom.es\/pt-pt\/wp-json\/wp\/v2\/product"}],"about":[{"href":"https:\/\/gomagom.es\/pt-pt\/wp-json\/wp\/v2\/types\/product"}],"replies":[{"embeddable":true,"href":"https:\/\/gomagom.es\/pt-pt\/wp-json\/wp\/v2\/comments?post=10237"}],"wp:featuredmedia":[{"embeddable":true,"href":"https:\/\/gomagom.es\/pt-pt\/wp-json\/wp\/v2\/media\/11850"}],"wp:attachment":[{"href":"https:\/\/gomagom.es\/pt-pt\/wp-json\/wp\/v2\/media?parent=10237"}],"wp:term":[{"taxonomy":"product_brand","embeddable":true,"href":"https:\/\/gomagom.es\/pt-pt\/wp-json\/wp\/v2\/product_brand?post=10237"},{"taxonomy":"product_cat","embeddable":true,"href":"https:\/\/gomagom.es\/pt-pt\/wp-json\/wp\/v2\/product_cat?post=10237"},{"taxonomy":"product_tag","embeddable":true,"href":"https:\/\/gomagom.es\/pt-pt\/wp-json\/wp\/v2\/product_tag?post=10237"}],"curies":[{"name":"wp","href":"https:\/\/api.w.org\/{rel}","templated":true}]}}