{"id":9379,"date":"2024-02-02T13:38:54","date_gmt":"2024-02-02T12:38:54","guid":{"rendered":"https:\/\/gomagom.es\/catalog\/sin%20categor\u00eda\/super-pegamento-instantaneo-3g\/"},"modified":"2025-04-01T15:57:59","modified_gmt":"2025-04-01T13:57:59","slug":"super-pegamento-instantaneo-3g","status":"publish","type":"product","link":"https:\/\/gomagom.es\/pt-pt\/catalog\/super-pegamento-instantaneo-3g\/","title":{"rendered":"SUPER PEGAMENTO INSTANT\u00c2NEO 3g"},"content":{"rendered":"","protected":false},"excerpt":{"rendered":"<p><span style=\"color: #ff0000;\"><strong>N\u00ba 5<\/strong><\/span> |\u00a0<strong>Ref: GG16050<\/strong>  |\u00a0<i class=\"fa-solid fa-box\"><\/i> 24u. \u00a0<i class=\"fa-solid fa-box fa-2x\"><\/i> 144u.<\/br><br \/>\nSERVE PARA COLAR: Pl\u00e1sticos, cer\u00e2micas, cauchos, gomas, porcelana, madeiras duras, m\u00e1rmore, metais, n\u00e1car, marfim, vidrio, etc. MODO DE USO: As superficies a unir deber\u00e3o estar limpas, secas e sem polvo nem estar grassentas. Aplicar um pouco de pegamento. S\u00f3 com uma g\u00f3ta \u00e9 bastante. Se p\u00f6r demasiado, a efectividade e rapidez nao \u00e9 t\u00e3o grande. Unir as pe\u00e7as entre si, evitando o contacto com os dedos. Pressionar durante uns 15-30 segundos, o tempo necess\u00e1rio para a uni\u00e3o, alcan\u00e7ando a m\u00e1xima resist\u00eancia em umas 12 horas. Extraer os residuos com acetona. Conservar em um lugar fresco e seco, pretigido da luz.<br \/>\nLIMPADOR DE COLA INSTANT\u00c1NEA 3g<br \/>\nV\u00c1LIDO PARA: Eliminar excessos de cola, limpar a cola das m\u00e3os. Limpar nodoas de cola sobre: madeira, pl\u00e1stico, metal, borracha, vidro, m\u00e1rmore, melamins, papel, cart\u00e3o. elimina n\u00f3doas e restos de cola instant\u00e2ea sobre todo os tipos de superficies. MODO DE USO: Aplicar uma camada de do produto de maneira que a superficie afectada fique totalmente impregnada de limpador. Colocar um papel absorvente em cima da superficie para que absorva o cola e deixar actuar durante 2-4 minutos. Retirar o papel e eliminar os restos esfregando ligeiramente. Passar um pano humedecido. Nas m\u00e3os: logo que notar que a cola amolece, retirar com um papel absorvente. Lavar com abundante \u00e1gua e sab\u00e3o.<\/p>\n","protected":false},"featured_media":11572,"comment_status":"closed","ping_status":"closed","template":"","meta":{"_acf_changed":false},"product_brand":[],"product_cat":[135,136],"product_tag":[137],"class_list":{"0":"post-9379","1":"product","2":"type-product","3":"status-publish","4":"has-post-thumbnail","6":"product_cat-bricolaje-pt-pt","7":"product_cat-adhesivo-super-instantaneo-pt-pt","8":"product_tag-reparar-pegar-pt-pt","9":"description-off","11":"first","12":"instock","13":"purchasable","14":"product-type-simple"},"acf":[],"jetpack_sharing_enabled":true,"_links":{"self":[{"href":"https:\/\/gomagom.es\/pt-pt\/wp-json\/wp\/v2\/product\/9379","targetHints":{"allow":["GET"]}}],"collection":[{"href":"https:\/\/gomagom.es\/pt-pt\/wp-json\/wp\/v2\/product"}],"about":[{"href":"https:\/\/gomagom.es\/pt-pt\/wp-json\/wp\/v2\/types\/product"}],"replies":[{"embeddable":true,"href":"https:\/\/gomagom.es\/pt-pt\/wp-json\/wp\/v2\/comments?post=9379"}],"wp:featuredmedia":[{"embeddable":true,"href":"https:\/\/gomagom.es\/pt-pt\/wp-json\/wp\/v2\/media\/11572"}],"wp:attachment":[{"href":"https:\/\/gomagom.es\/pt-pt\/wp-json\/wp\/v2\/media?parent=9379"}],"wp:term":[{"taxonomy":"product_brand","embeddable":true,"href":"https:\/\/gomagom.es\/pt-pt\/wp-json\/wp\/v2\/product_brand?post=9379"},{"taxonomy":"product_cat","embeddable":true,"href":"https:\/\/gomagom.es\/pt-pt\/wp-json\/wp\/v2\/product_cat?post=9379"},{"taxonomy":"product_tag","embeddable":true,"href":"https:\/\/gomagom.es\/pt-pt\/wp-json\/wp\/v2\/product_tag?post=9379"}],"curies":[{"name":"wp","href":"https:\/\/api.w.org\/{rel}","templated":true}]}}