{"id":9382,"date":"2024-05-22T15:49:30","date_gmt":"2024-05-22T14:49:30","guid":{"rendered":"https:\/\/gomagom.es\/catalog\/sin%20categor\u00eda\/super-pegamento-instantaneo-3g-2\/"},"modified":"2025-04-01T15:58:00","modified_gmt":"2025-04-01T13:58:00","slug":"super-pegamento-instantaneo-3g-2","status":"publish","type":"product","link":"https:\/\/gomagom.es\/pt-pt\/catalog\/super-pegamento-instantaneo-3g-2\/","title":{"rendered":"SUPER PEGAMENTO INSTANT\u00c2NEO 3g"},"content":{"rendered":"","protected":false},"excerpt":{"rendered":"<p><span style=\"color: #ff0000;\"><strong>N\u00ba 8<\/strong><\/span> |\u00a0<strong>Ref: GG16070<\/strong>  |\u00a0<i class=\"fa-solid fa-box\"><\/i> 12u. \u00a0<i class=\"fa-solid fa-box fa-2x\"><\/i> 144u.<\/br><br \/>\nSERVE PARA COLAR: pl\u00e1sticos, cer\u00e2micas, cauchos, gomas, porcelana, madeiras duras, m\u00e1rmore, metais, n\u00e1car, marfim, vidrio, etc.<br \/>\nMODO DE USO: As superf\u00edcies a unir deber\u00e3o estar limpas, secas e sem polvo nem estar grassentas. Aplicar um  pouco de pegamento. S\u00f3 com uma gota \u00e9 bastante. Se p\u00f4r demasiado, a efectividade e rapidez nao \u00e9 t\u00e3o grande.  Unir as pe\u00e7as entre si, evitando o contacto com os dedos. Pressionar durante uns 15-30 segundos, o tempo necess\u00e1rio para a uni\u00e3o, alcan\u00e7ando a m\u00e1xima resist\u00eancia em umas 12 horas. Extraer os residuos com Limpador de cola instant\u00e2nea. COLA SUPER R\u00c1PIDA GEL 3g<br \/>\nSERVE PARA COLAR: pl\u00e1sticos, metais, m\u00e1rmore, cer\u00e2mica, borracha, porcelana, madeiras duras, vidro, etc. A COLA SUPER R\u00c1PIDA GEL Gomagom une perfeitamente todos os materiais, sejam porosos ou n\u00e3o (excepto T\u00e9flon, polietileno, polipropileno, porexpan e tecidos sint\u00e9ticos). Ideal para  adhesiones r\u00e1pidas o dif\u00edciles.<br \/>\nMODO DE USO: As superf\u00edcies a unir devem estar limpas e secas. Aplicar com ela  uma camada fina de cola numa das superf\u00edcies. Unir as pe\u00e7as entre si, evitando todo o contacto com os dedos y  presionando-as entre unos 20-120 segundos, resit\u00eancia m\u00e1xima p\u00f3s 12 horas. Depois de utilizar limpar  imediatamente com um pano a ponta da c\u00e1nula e enroscar a protec\u00e7\u00e3o at\u00e9 ficar completamente fechado.<br \/>\nLIMPADOR DE COLA INSTANT\u00c2NEA 3g<br \/>\nV\u00c1LIDO PARA: eliminar excessos de cola, limpar a cola dasm\u00e3os. Limpar n\u00f3doas de cola sobre: madeira, pl\u00e1stico, metal, borracha, vidro, m\u00e1rmore, melamina, papel, cart\u00e3o. Elimina n\u00f3doas e restos de cola instant\u00e2nea sobre todo os tipos de superf\u00edcies.<br \/>\nMODO DE USO: Aplicar uma camada de do produto de maneira que a superf\u00edcie afectada fique totalmente impregnada de limpador. Colocar  um papel absorvente em cima da superf\u00edcie para que absorva o cola e deixar actuar durante 2-4 minutos. Retirar o  papel e eliminar os restos esfregando ligeiramente. Passar um pano humedecido. Nas m\u00e3os: logo que notar que a cola amolece, retirar com um papel absorvente. Lavar com abundante \u00e1gua e sab\u00e3o.<\/p>\n","protected":false},"featured_media":301,"comment_status":"closed","ping_status":"open","template":"","meta":{"_acf_changed":false},"product_brand":[],"product_cat":[50,16],"product_tag":[134],"class_list":{"0":"post-9382","1":"product","2":"type-product","3":"status-publish","4":"has-post-thumbnail","6":"product_cat-adhesivo-super-instantaneo","7":"product_cat-bricolaje","8":"product_tag-reparar-pegar","9":"description-off","11":"first","12":"instock","13":"purchasable","14":"product-type-simple"},"acf":[],"jetpack_sharing_enabled":true,"_links":{"self":[{"href":"https:\/\/gomagom.es\/pt-pt\/wp-json\/wp\/v2\/product\/9382","targetHints":{"allow":["GET"]}}],"collection":[{"href":"https:\/\/gomagom.es\/pt-pt\/wp-json\/wp\/v2\/product"}],"about":[{"href":"https:\/\/gomagom.es\/pt-pt\/wp-json\/wp\/v2\/types\/product"}],"replies":[{"embeddable":true,"href":"https:\/\/gomagom.es\/pt-pt\/wp-json\/wp\/v2\/comments?post=9382"}],"wp:featuredmedia":[{"embeddable":true,"href":"https:\/\/gomagom.es\/pt-pt\/wp-json\/wp\/v2\/media\/301"}],"wp:attachment":[{"href":"https:\/\/gomagom.es\/pt-pt\/wp-json\/wp\/v2\/media?parent=9382"}],"wp:term":[{"taxonomy":"product_brand","embeddable":true,"href":"https:\/\/gomagom.es\/pt-pt\/wp-json\/wp\/v2\/product_brand?post=9382"},{"taxonomy":"product_cat","embeddable":true,"href":"https:\/\/gomagom.es\/pt-pt\/wp-json\/wp\/v2\/product_cat?post=9382"},{"taxonomy":"product_tag","embeddable":true,"href":"https:\/\/gomagom.es\/pt-pt\/wp-json\/wp\/v2\/product_tag?post=9382"}],"curies":[{"name":"wp","href":"https:\/\/api.w.org\/{rel}","templated":true}]}}