{"id":9390,"date":"2024-05-22T15:49:30","date_gmt":"2024-05-22T14:49:30","guid":{"rendered":"https:\/\/gomagom.es\/catalog\/sin%20categor\u00eda\/cola-para-tubagens-de-pvc-20ml\/"},"modified":"2025-04-01T15:58:05","modified_gmt":"2025-04-01T13:58:05","slug":"cola-para-tubagens-de-pvc-20ml","status":"publish","type":"product","link":"https:\/\/gomagom.es\/pt-pt\/catalog\/cola-para-tubagens-de-pvc-20ml\/","title":{"rendered":"COLA PARA TUBAGENS DE PVC 20ml"},"content":{"rendered":"","protected":false},"excerpt":{"rendered":"<p><span style=\"color: #ff0000;\"><strong>N\u00ba 16<\/strong><\/span> |\u00a0<strong>Ref: GG22101<\/strong>  |\u00a0<i class=\"fa-solid fa-box\"><\/i> u. \u00a0<i class=\"fa-solid fa-box fa-2x\"><\/i> u.<\/br><br \/>\nPARA COLAR: Tubos de PVC r\u00edgido, mangueiras de PVC, canaliza\u00e7\u00f5es, instala\u00e7\u00f5es, materiais<br \/>\nde PVC r\u00edgido, repara\u00e7\u00f5es e objetos de PVC em geral. A COLA PARA TUBAGENS DE PVC GomaGom cola perfeitamente pl\u00e1sticos r\u00edgidos de PVC, especialmente canaliza\u00e7\u00f5es de \u00e1gua submetidas \u00e0 press\u00e3o. Garante uma uni\u00e3o perfeita altamente resistente e sem fugas. MODO DE EMPREGO: Aplicar uma camada nado produto em ambas as superf\u00edcies a unir, previamente limpas e secas. Encaixar os tubos a unir sem os rodar. Resiste \u00e0 press\u00e3o ap\u00f3s 6 horas, resist\u00eancia m\u00e1xima ap\u00f3s aproximadamente 12 horas.<\/p>\n","protected":false},"featured_media":353,"comment_status":"closed","ping_status":"open","template":"","meta":{"_acf_changed":false},"product_brand":[],"product_cat":[94,16],"product_tag":[134,71],"class_list":{"0":"post-9390","1":"product","2":"type-product","3":"status-publish","4":"has-post-thumbnail","6":"product_cat-adhesivo-para-plasticos","7":"product_cat-bricolaje","8":"product_tag-reparar-pegar","9":"product_tag-sellar","10":"description-off","12":"first","13":"instock","14":"purchasable","15":"product-type-simple"},"acf":[],"jetpack_sharing_enabled":true,"_links":{"self":[{"href":"https:\/\/gomagom.es\/pt-pt\/wp-json\/wp\/v2\/product\/9390","targetHints":{"allow":["GET"]}}],"collection":[{"href":"https:\/\/gomagom.es\/pt-pt\/wp-json\/wp\/v2\/product"}],"about":[{"href":"https:\/\/gomagom.es\/pt-pt\/wp-json\/wp\/v2\/types\/product"}],"replies":[{"embeddable":true,"href":"https:\/\/gomagom.es\/pt-pt\/wp-json\/wp\/v2\/comments?post=9390"}],"wp:featuredmedia":[{"embeddable":true,"href":"https:\/\/gomagom.es\/pt-pt\/wp-json\/wp\/v2\/media\/353"}],"wp:attachment":[{"href":"https:\/\/gomagom.es\/pt-pt\/wp-json\/wp\/v2\/media?parent=9390"}],"wp:term":[{"taxonomy":"product_brand","embeddable":true,"href":"https:\/\/gomagom.es\/pt-pt\/wp-json\/wp\/v2\/product_brand?post=9390"},{"taxonomy":"product_cat","embeddable":true,"href":"https:\/\/gomagom.es\/pt-pt\/wp-json\/wp\/v2\/product_cat?post=9390"},{"taxonomy":"product_tag","embeddable":true,"href":"https:\/\/gomagom.es\/pt-pt\/wp-json\/wp\/v2\/product_tag?post=9390"}],"curies":[{"name":"wp","href":"https:\/\/api.w.org\/{rel}","templated":true}]}}