{"id":9391,"date":"2024-02-02T13:38:54","date_gmt":"2024-02-02T12:38:54","guid":{"rendered":"https:\/\/gomagom.es\/catalog\/sin%20categor\u00eda\/cola-para-plasticos-rigidos-20ml\/"},"modified":"2025-04-01T15:58:06","modified_gmt":"2025-04-01T13:58:06","slug":"cola-para-plasticos-rigidos-20ml","status":"publish","type":"product","link":"https:\/\/gomagom.es\/pt-pt\/catalog\/cola-para-plasticos-rigidos-20ml\/","title":{"rendered":"COLA PARA PL\u00c1STICOS R\u00cdGIDOS 20ml"},"content":{"rendered":"","protected":false},"excerpt":{"rendered":"<p><span style=\"color: #ff0000;\"><strong>N\u00ba 17<\/strong><\/span> |\u00a0<strong>Ref: GG22201<\/strong>  |\u00a0<i class=\"fa-solid fa-box\"><\/i> 12u. \u00a0<i class=\"fa-solid fa-box fa-2x\"><\/i> 144u.<\/br><br \/>\nPARA COLAR: Tubos de PVC, mangueiras de PVC, brinquedos, maquetas, placas de poli\u00e9ster, bricolage, etc. A COLA PARA PL\u00c1STICOS R\u00cdGIDOS GOMAGOM cola perfeitamente pl\u00e1sticos r\u00edgidos, PVC, poli\u00e9ster, poliestireno, metacrilato, ABS, etc. N\u00e3o indicada para polietileno, polipropileno e policarbonato.<br \/>\nMODO DE EMPREGO: Aplicar uma camada fina do produto sobre uma das super cies a colar, previamente limpas e secas. Unir as partes a colar. Secagem 1 hora, resist\u00eancia m\u00e1xima ap\u00f3s aproximadamente 24 horas.<\/p>\n","protected":false},"featured_media":11868,"comment_status":"closed","ping_status":"closed","template":"","meta":{"_acf_changed":false},"product_brand":[],"product_cat":[135,210],"product_tag":[137],"class_list":{"0":"post-9391","1":"product","2":"type-product","3":"status-publish","4":"has-post-thumbnail","6":"product_cat-bricolaje-pt-pt","7":"product_cat-adhesivo-para-plasticos-pt-pt","8":"product_tag-reparar-pegar-pt-pt","9":"description-off","11":"first","12":"instock","13":"purchasable","14":"product-type-simple"},"acf":[],"jetpack_sharing_enabled":true,"_links":{"self":[{"href":"https:\/\/gomagom.es\/pt-pt\/wp-json\/wp\/v2\/product\/9391","targetHints":{"allow":["GET"]}}],"collection":[{"href":"https:\/\/gomagom.es\/pt-pt\/wp-json\/wp\/v2\/product"}],"about":[{"href":"https:\/\/gomagom.es\/pt-pt\/wp-json\/wp\/v2\/types\/product"}],"replies":[{"embeddable":true,"href":"https:\/\/gomagom.es\/pt-pt\/wp-json\/wp\/v2\/comments?post=9391"}],"wp:featuredmedia":[{"embeddable":true,"href":"https:\/\/gomagom.es\/pt-pt\/wp-json\/wp\/v2\/media\/11868"}],"wp:attachment":[{"href":"https:\/\/gomagom.es\/pt-pt\/wp-json\/wp\/v2\/media?parent=9391"}],"wp:term":[{"taxonomy":"product_brand","embeddable":true,"href":"https:\/\/gomagom.es\/pt-pt\/wp-json\/wp\/v2\/product_brand?post=9391"},{"taxonomy":"product_cat","embeddable":true,"href":"https:\/\/gomagom.es\/pt-pt\/wp-json\/wp\/v2\/product_cat?post=9391"},{"taxonomy":"product_tag","embeddable":true,"href":"https:\/\/gomagom.es\/pt-pt\/wp-json\/wp\/v2\/product_tag?post=9391"}],"curies":[{"name":"wp","href":"https:\/\/api.w.org\/{rel}","templated":true}]}}