{"id":9392,"date":"2024-02-02T13:38:54","date_gmt":"2024-02-02T12:38:54","guid":{"rendered":"https:\/\/gomagom.es\/catalog\/sin%20categor\u00eda\/cola-para-plasticos-flexiveis-20-ml\/"},"modified":"2025-04-01T15:58:07","modified_gmt":"2025-04-01T13:58:07","slug":"cola-para-plasticos-flexiveis-20-ml","status":"publish","type":"product","link":"https:\/\/gomagom.es\/pt-pt\/catalog\/cola-para-plasticos-flexiveis-20-ml\/","title":{"rendered":"COLA PARA PL\u00c1STICOS FLEX\u00cdVEIS 20 ml"},"content":{"rendered":"","protected":false},"excerpt":{"rendered":"<p><span style=\"color: #ff0000;\"><strong>N\u00ba 18<\/strong><\/span> |\u00a0<strong>Ref: GG22301<\/strong>  |\u00a0<i class=\"fa-solid fa-box\"><\/i> 12u. \u00a0<i class=\"fa-solid fa-box fa-2x\"><\/i> 144u.<\/br><br \/>\nPARA COLAR: Pl\u00e1sticos flex\u00edveis, lonas, skay, couros, vinis macios, tais como estofos de skay e couro, bolas de praia, piscinas insufl\u00e1veis, toldos, etc. Cola perfeitamente qualquer tipo de rasgo, corte ou furo em pl\u00e1sticos  ex\u00edveis, vinis macios, tecidos sint\u00e9ticos, etc. \u00c9 r\u00e1pida,<br \/>\ntransparente, flex\u00edvel e de longa dura\u00e7\u00e3o.<br \/>\nMODO DE EMPREGO: Aplicar uma camada fina do produto nos bordos dos rasgos, mantendo-os unidos com  ta-cola. Passados 30 minutos, aplicar uma segunda camada mais espessa e larga. Resist\u00eancia m\u00e1xima ap\u00f3s aproximadamente 12 horas.<\/p>\n","protected":false},"featured_media":11886,"comment_status":"closed","ping_status":"closed","template":"","meta":{"_acf_changed":false},"product_brand":[],"product_cat":[135,210],"product_tag":[137],"class_list":{"0":"post-9392","1":"product","2":"type-product","3":"status-publish","4":"has-post-thumbnail","6":"product_cat-bricolaje-pt-pt","7":"product_cat-adhesivo-para-plasticos-pt-pt","8":"product_tag-reparar-pegar-pt-pt","9":"description-off","11":"first","12":"instock","13":"purchasable","14":"product-type-simple"},"acf":[],"jetpack_sharing_enabled":true,"_links":{"self":[{"href":"https:\/\/gomagom.es\/pt-pt\/wp-json\/wp\/v2\/product\/9392","targetHints":{"allow":["GET"]}}],"collection":[{"href":"https:\/\/gomagom.es\/pt-pt\/wp-json\/wp\/v2\/product"}],"about":[{"href":"https:\/\/gomagom.es\/pt-pt\/wp-json\/wp\/v2\/types\/product"}],"replies":[{"embeddable":true,"href":"https:\/\/gomagom.es\/pt-pt\/wp-json\/wp\/v2\/comments?post=9392"}],"wp:featuredmedia":[{"embeddable":true,"href":"https:\/\/gomagom.es\/pt-pt\/wp-json\/wp\/v2\/media\/11886"}],"wp:attachment":[{"href":"https:\/\/gomagom.es\/pt-pt\/wp-json\/wp\/v2\/media?parent=9392"}],"wp:term":[{"taxonomy":"product_brand","embeddable":true,"href":"https:\/\/gomagom.es\/pt-pt\/wp-json\/wp\/v2\/product_brand?post=9392"},{"taxonomy":"product_cat","embeddable":true,"href":"https:\/\/gomagom.es\/pt-pt\/wp-json\/wp\/v2\/product_cat?post=9392"},{"taxonomy":"product_tag","embeddable":true,"href":"https:\/\/gomagom.es\/pt-pt\/wp-json\/wp\/v2\/product_tag?post=9392"}],"curies":[{"name":"wp","href":"https:\/\/api.w.org\/{rel}","templated":true}]}}