{"id":9393,"date":"2024-02-02T13:38:54","date_gmt":"2024-02-02T12:38:54","guid":{"rendered":"https:\/\/gomagom.es\/catalog\/sin%20categor\u00eda\/cola-para-tecidos-20ml\/"},"modified":"2025-04-01T15:58:07","modified_gmt":"2025-04-01T13:58:07","slug":"cola-para-tecidos-20ml","status":"publish","type":"product","link":"https:\/\/gomagom.es\/pt-pt\/catalog\/cola-para-tecidos-20ml\/","title":{"rendered":"COLA PARA TECIDOS 20ml"},"content":{"rendered":"","protected":false},"excerpt":{"rendered":"<p><span style=\"color: #ff0000;\"><strong>N\u00ba 19<\/strong><\/span> |\u00a0<strong>Ref: GG22501<\/strong>  |\u00a0<i class=\"fa-solid fa-box\"><\/i> 12u. \u00a0<i class=\"fa-solid fa-box fa-2x\"><\/i> 144u.<\/br><br \/>\nPARA COLAR: Tecidos grossos, tecidos de algod\u00e3o ou poli\u00e9ster-algod\u00e3o, tecidos de<br \/>\nl\u00e3, feltro, tais como cal\u00e7as de ganga ou bombazina, capas, chap\u00e9us de sol, fatos de<br \/>\ntrabalho, tendas de campismo, etc. A COLA PARA TECIDOS cola perfeitamente qualquer tipo de tecido, entre si ou sobre outros materiais. Proporciona uma uni\u00e3o duradoura, limpa, flex\u00edvel e sem costuras. \u00c9 transparente depois de seca. Resistente \u00e0 lavagem e \u00e0 passagem a ferro.<br \/>\nMODO DE EMPREGO: Aplicar uma camada fina do produto sobre ambas as superf\u00edcies a colar, previamente limpas e secas. Manter a uni\u00e3o pressionada durante pelo menos 2 horas. Resist\u00eancia m\u00e1xima ap\u00f3s 12 horas.<\/p>\n","protected":false},"featured_media":11922,"comment_status":"closed","ping_status":"closed","template":"","meta":{"_acf_changed":false},"product_brand":[],"product_cat":[135,191,235],"product_tag":[323],"class_list":{"0":"post-9393","1":"product","2":"type-product","3":"status-publish","4":"has-post-thumbnail","6":"product_cat-bricolaje-pt-pt","7":"product_cat-adhesivo-especifico-pt-pt","8":"product_cat-otros-productos-pt-pt","9":"product_tag-crear-pt-pt","10":"description-off","12":"first","13":"instock","14":"purchasable","15":"product-type-simple"},"acf":[],"jetpack_sharing_enabled":true,"_links":{"self":[{"href":"https:\/\/gomagom.es\/pt-pt\/wp-json\/wp\/v2\/product\/9393","targetHints":{"allow":["GET"]}}],"collection":[{"href":"https:\/\/gomagom.es\/pt-pt\/wp-json\/wp\/v2\/product"}],"about":[{"href":"https:\/\/gomagom.es\/pt-pt\/wp-json\/wp\/v2\/types\/product"}],"replies":[{"embeddable":true,"href":"https:\/\/gomagom.es\/pt-pt\/wp-json\/wp\/v2\/comments?post=9393"}],"wp:featuredmedia":[{"embeddable":true,"href":"https:\/\/gomagom.es\/pt-pt\/wp-json\/wp\/v2\/media\/11922"}],"wp:attachment":[{"href":"https:\/\/gomagom.es\/pt-pt\/wp-json\/wp\/v2\/media?parent=9393"}],"wp:term":[{"taxonomy":"product_brand","embeddable":true,"href":"https:\/\/gomagom.es\/pt-pt\/wp-json\/wp\/v2\/product_brand?post=9393"},{"taxonomy":"product_cat","embeddable":true,"href":"https:\/\/gomagom.es\/pt-pt\/wp-json\/wp\/v2\/product_cat?post=9393"},{"taxonomy":"product_tag","embeddable":true,"href":"https:\/\/gomagom.es\/pt-pt\/wp-json\/wp\/v2\/product_tag?post=9393"}],"curies":[{"name":"wp","href":"https:\/\/api.w.org\/{rel}","templated":true}]}}