{"id":9395,"date":"2024-02-02T13:39:00","date_gmt":"2024-02-02T12:39:00","guid":{"rendered":"https:\/\/gomagom.es\/catalog\/sin%20categor\u00eda\/limpador-de-cola-instantanea-3g\/"},"modified":"2025-04-01T15:58:10","modified_gmt":"2025-04-01T13:58:10","slug":"limpador-de-cola-instantanea-3g","status":"publish","type":"product","link":"https:\/\/gomagom.es\/pt-pt\/catalog\/limpador-de-cola-instantanea-3g\/","title":{"rendered":"LIMPADOR DE COLA INSTANT\u00c2NEA 3g"},"content":{"rendered":"","protected":false},"excerpt":{"rendered":"<p><span style=\"color: #ff0000;\"><strong>N\u00ba 21<\/strong><\/span> |\u00a0<strong>Ref: GG22701<\/strong>  |\u00a0<i class=\"fa-solid fa-box\"><\/i> 24u. \u00a0<i class=\"fa-solid fa-box fa-2x\"><\/i> 144u.<\/br><br \/>\nV\u00c1LIDO PARA: Eliminar excessos de cola, limpar a cola das m\u00e3os. Limpar nodoas de cola sobre: madeira, pl\u00e1stico, metal, borracha, vidro, m\u00e1rmore, melamina, papel, cart\u00e3o. O LIMPADOR DE COLA INSTANT\u00c2NEA GOMAGOM elimina n\u00f3doas e restos de cola instant\u00e2ea sobre todo os tipos de superf\u00edcies. A sua embalagem permite chegar a todos os lugares realizando uma aplica\u00e7\u00e3o exacta e precisa, mesmo em superf\u00edcies verticales.<br \/>\nMODO DE USO: Aplicar uma camada de do produto de maneira que a superf\u00edcie afectada que totalmente impregnada de limpador. Colocar um papel absorvente em cima da superf\u00edcie para que absorva o cola e deixar actuar durante 2-4 minutos. Retirar o papel e eliminar os restos esfregando ligeiramente. Passar um pano humedecido. Nas m\u00e3os: logo que notar que a cola amolece, retirar com um papel absorvente. Lavar com abundante \u00e1gua e sab\u00e3o.<\/p>\n","protected":false},"featured_media":11958,"comment_status":"closed","ping_status":"closed","template":"","meta":{"_acf_changed":false},"product_brand":[],"product_cat":[135,136,191],"product_tag":[331],"class_list":{"0":"post-9395","1":"product","2":"type-product","3":"status-publish","4":"has-post-thumbnail","6":"product_cat-bricolaje-pt-pt","7":"product_cat-adhesivo-super-instantaneo-pt-pt","8":"product_cat-adhesivo-especifico-pt-pt","9":"product_tag-limpiar-pt-pt","10":"description-off","12":"first","13":"instock","14":"purchasable","15":"product-type-simple"},"acf":[],"jetpack_sharing_enabled":true,"_links":{"self":[{"href":"https:\/\/gomagom.es\/pt-pt\/wp-json\/wp\/v2\/product\/9395","targetHints":{"allow":["GET"]}}],"collection":[{"href":"https:\/\/gomagom.es\/pt-pt\/wp-json\/wp\/v2\/product"}],"about":[{"href":"https:\/\/gomagom.es\/pt-pt\/wp-json\/wp\/v2\/types\/product"}],"replies":[{"embeddable":true,"href":"https:\/\/gomagom.es\/pt-pt\/wp-json\/wp\/v2\/comments?post=9395"}],"wp:featuredmedia":[{"embeddable":true,"href":"https:\/\/gomagom.es\/pt-pt\/wp-json\/wp\/v2\/media\/11958"}],"wp:attachment":[{"href":"https:\/\/gomagom.es\/pt-pt\/wp-json\/wp\/v2\/media?parent=9395"}],"wp:term":[{"taxonomy":"product_brand","embeddable":true,"href":"https:\/\/gomagom.es\/pt-pt\/wp-json\/wp\/v2\/product_brand?post=9395"},{"taxonomy":"product_cat","embeddable":true,"href":"https:\/\/gomagom.es\/pt-pt\/wp-json\/wp\/v2\/product_cat?post=9395"},{"taxonomy":"product_tag","embeddable":true,"href":"https:\/\/gomagom.es\/pt-pt\/wp-json\/wp\/v2\/product_tag?post=9395"}],"curies":[{"name":"wp","href":"https:\/\/api.w.org\/{rel}","templated":true}]}}