{"id":9397,"date":"2024-02-02T13:39:00","date_gmt":"2024-02-02T12:39:00","guid":{"rendered":"https:\/\/gomagom.es\/catalog\/sin%20categor\u00eda\/restaurador-ceramico-15ml\/"},"modified":"2025-04-01T15:58:11","modified_gmt":"2025-04-01T13:58:11","slug":"restaurador-ceramico-15ml","status":"publish","type":"product","link":"https:\/\/gomagom.es\/pt-pt\/catalog\/restaurador-ceramico-15ml\/","title":{"rendered":"RESTAURADOR CER\u00c2MICO 15ml"},"content":{"rendered":"","protected":false},"excerpt":{"rendered":"<p><span style=\"color: #ff0000;\"><strong>N\u00ba 23<\/strong><\/span> |\u00a0<strong>Ref: GG22801<\/strong>  |\u00a0<i class=\"fa-solid fa-box\"><\/i> 12u. \u00a0<i class=\"fa-solid fa-box fa-2x\"><\/i> 144u.<\/br><br \/>\nPARA REPARAR: Banheiras, lavat\u00f3rios, arm\u00e1rios esmaltados, azulejos, porcelanas, etc. O RESTAURADOR CER\u00c2MICO \u00ea um esmalte branco que repara riscos e fissuras em superf\u00edcies esmaltadas e cer\u00e2micas. F\u00e1cil aplica\u00e7\u00e3o. Seca rapidamente. Aspecto branco brihante. Efeito duradouro. MODO DE USO: As superf\u00edcies a reparar debem estar limpas e secas (lijar em caso de irregularidades). Aplicar com pincel uma fina camada do produto. Se a repara\u00e7\u00e3o for profunda aplicar uma segunda camada. Deixar secar a primeira un m\u00ednimo de 4 horas.<br \/>\nSecagem total: 6 horas. M\u00e1xima dureza: 24 horas.<\/p>\n","protected":false},"featured_media":11976,"comment_status":"closed","ping_status":"closed","template":"","meta":{"_acf_changed":false},"product_brand":[],"product_cat":[135,191,235],"product_tag":[137],"class_list":{"0":"post-9397","1":"product","2":"type-product","3":"status-publish","4":"has-post-thumbnail","6":"product_cat-bricolaje-pt-pt","7":"product_cat-adhesivo-especifico-pt-pt","8":"product_cat-otros-productos-pt-pt","9":"product_tag-reparar-pegar-pt-pt","10":"description-off","12":"first","13":"instock","14":"purchasable","15":"product-type-simple"},"acf":[],"jetpack_sharing_enabled":true,"_links":{"self":[{"href":"https:\/\/gomagom.es\/pt-pt\/wp-json\/wp\/v2\/product\/9397","targetHints":{"allow":["GET"]}}],"collection":[{"href":"https:\/\/gomagom.es\/pt-pt\/wp-json\/wp\/v2\/product"}],"about":[{"href":"https:\/\/gomagom.es\/pt-pt\/wp-json\/wp\/v2\/types\/product"}],"replies":[{"embeddable":true,"href":"https:\/\/gomagom.es\/pt-pt\/wp-json\/wp\/v2\/comments?post=9397"}],"wp:featuredmedia":[{"embeddable":true,"href":"https:\/\/gomagom.es\/pt-pt\/wp-json\/wp\/v2\/media\/11976"}],"wp:attachment":[{"href":"https:\/\/gomagom.es\/pt-pt\/wp-json\/wp\/v2\/media?parent=9397"}],"wp:term":[{"taxonomy":"product_brand","embeddable":true,"href":"https:\/\/gomagom.es\/pt-pt\/wp-json\/wp\/v2\/product_brand?post=9397"},{"taxonomy":"product_cat","embeddable":true,"href":"https:\/\/gomagom.es\/pt-pt\/wp-json\/wp\/v2\/product_cat?post=9397"},{"taxonomy":"product_tag","embeddable":true,"href":"https:\/\/gomagom.es\/pt-pt\/wp-json\/wp\/v2\/product_tag?post=9397"}],"curies":[{"name":"wp","href":"https:\/\/api.w.org\/{rel}","templated":true}]}}