{"id":9398,"date":"2024-02-02T13:39:00","date_gmt":"2024-02-02T12:39:00","guid":{"rendered":"https:\/\/gomagom.es\/catalog\/sin%20categor\u00eda\/super-adesivo-stick-20g\/"},"modified":"2025-04-01T15:58:12","modified_gmt":"2025-04-01T13:58:12","slug":"super-adesivo-stick-20g","status":"publish","type":"product","link":"https:\/\/gomagom.es\/pt-pt\/catalog\/super-adesivo-stick-20g\/","title":{"rendered":"SUPER ADESIVO STICK 20G"},"content":{"rendered":"","protected":false},"excerpt":{"rendered":"<p><span style=\"color: #ff0000;\"><strong>N\u00ba 24<\/strong><\/span> |\u00a0<strong>Ref: GG15821<\/strong>  |\u00a0<i class=\"fa-solid fa-box\"><\/i> 12u. \u00a0<i class=\"fa-solid fa-box fa-2x\"><\/i> 144u.<\/br><br \/>\nCola diversos materiais: madeira, metal, vidro, cer\u00e2mica, esferovite, pl\u00e1stico, corti\u00e7a, couro tecidos, papel, cart\u00e3o&#8230; desde que um dele seja poroso. Fixa\u00e7\u00e3o r\u00e1pida. Grande poder adesivo. Resist\u00eancia m\u00e1xima ap\u00f3s 3 horas. Sem diluentes.<\/p>\n","protected":false},"featured_media":11445,"comment_status":"closed","ping_status":"closed","template":"","meta":{"_acf_changed":false},"product_brand":[],"product_cat":[135,198,207],"product_tag":[323,137],"class_list":{"0":"post-9398","1":"product","2":"type-product","3":"status-publish","4":"has-post-thumbnail","6":"product_cat-bricolaje-pt-pt","7":"product_cat-adhesivo-universal-pt-pt","8":"product_cat-adhesivo-en-barra-multimaterial-pt-pt","9":"product_tag-crear-pt-pt","10":"product_tag-reparar-pegar-pt-pt","11":"description-off","13":"first","14":"instock","15":"purchasable","16":"product-type-simple"},"acf":[],"jetpack_sharing_enabled":true,"_links":{"self":[{"href":"https:\/\/gomagom.es\/pt-pt\/wp-json\/wp\/v2\/product\/9398","targetHints":{"allow":["GET"]}}],"collection":[{"href":"https:\/\/gomagom.es\/pt-pt\/wp-json\/wp\/v2\/product"}],"about":[{"href":"https:\/\/gomagom.es\/pt-pt\/wp-json\/wp\/v2\/types\/product"}],"replies":[{"embeddable":true,"href":"https:\/\/gomagom.es\/pt-pt\/wp-json\/wp\/v2\/comments?post=9398"}],"wp:featuredmedia":[{"embeddable":true,"href":"https:\/\/gomagom.es\/pt-pt\/wp-json\/wp\/v2\/media\/11445"}],"wp:attachment":[{"href":"https:\/\/gomagom.es\/pt-pt\/wp-json\/wp\/v2\/media?parent=9398"}],"wp:term":[{"taxonomy":"product_brand","embeddable":true,"href":"https:\/\/gomagom.es\/pt-pt\/wp-json\/wp\/v2\/product_brand?post=9398"},{"taxonomy":"product_cat","embeddable":true,"href":"https:\/\/gomagom.es\/pt-pt\/wp-json\/wp\/v2\/product_cat?post=9398"},{"taxonomy":"product_tag","embeddable":true,"href":"https:\/\/gomagom.es\/pt-pt\/wp-json\/wp\/v2\/product_tag?post=9398"}],"curies":[{"name":"wp","href":"https:\/\/api.w.org\/{rel}","templated":true}]}}