{"id":9401,"date":"2024-05-22T15:49:44","date_gmt":"2024-05-22T14:49:44","guid":{"rendered":"https:\/\/gomagom.es\/catalog\/sin%20categor\u00eda\/cola-epoxy-25ml\/"},"modified":"2025-04-01T15:58:14","modified_gmt":"2025-04-01T13:58:14","slug":"cola-epoxy-25ml","status":"publish","type":"product","link":"https:\/\/gomagom.es\/pt-pt\/catalog\/cola-epoxy-25ml\/","title":{"rendered":"COLA EPOXY 25ml"},"content":{"rendered":"","protected":false},"excerpt":{"rendered":"<p><span style=\"color: #ff0000;\"><strong>N\u00ba 27<\/strong><\/span> |\u00a0<strong>Ref: GG16921<\/strong>  |\u00a0<i class=\"fa-solid fa-box\"><\/i> 12u. \u00a0<i class=\"fa-solid fa-box fa-2x\"><\/i> 144u.<\/br><br \/>\nAdere perfeitamente a pele, porcelana, vidro, cer\u00e2mica, m\u00e1rmole, metais e \u00e0 maioria dos pl\u00e1sticos. Resistente aos solventes, \u00e0 \u00e1gua e as pancadas. A seringa dosi ca sempre quantidades equivalentes de resina e endurecedor.<br \/>\nMODO DE EMPREGO: 1. Proteja a zona de trabalho. As superf\u00edcies devem estar limpas, secas, sem gordura e sem \u00f3leo. Raspe as superf\u00edcies lisas para obter uma melhor ades\u00e3o. 2. Tire a vara de mistura do centro dos \u00eambolos (Fig.1) 3. Retire e guarde a tampa de armazenamento (Fig.2). 4. Pressione o \u00eambolo sobre uma superf\u00edcie limpa e descart\u00e1vel (Fig.3) 5. Misture completamente (Fig.4) 6. Aplique sobre as superf\u00edcies a preencher ou a aderir. Elimine imediatamente qualquer quantidade que sobre com \u00e1lcool mineral, acetona ou \u00e1lcool de esfrega\u00e7\u00e3o. 7. Limpe a ponta da seringa, pressione levemente<br \/>\no pist\u00e3o e tape com a tampa fornecida. Assegure-se que a tampa esteja sempre colocada na mesma orienta\u00e7\u00e3o, nas pontas. 8. O adesivo seca de 2 a 4<br \/>\nminutos. Os objectos poder\u00e3o ser movimentados em 20 minutos. Espere 24 horas antes de lixar ou de utilizar m\u00e1quinas. Com temperaturas mais frias,<br \/>\npoder\u00e1 ser necess\u00e1rio um tempo de secagem maior. Os adesivos n\u00e3o funcionam com produtos de polietileno ou de polipropileno.<\/p>\n","protected":false},"featured_media":316,"comment_status":"closed","ping_status":"open","template":"","meta":{"_acf_changed":false},"product_brand":[],"product_cat":[58,16],"product_tag":[134],"class_list":{"0":"post-9401","1":"product","2":"type-product","3":"status-publish","4":"has-post-thumbnail","6":"product_cat-adhesivo-epoxy-2-componentes","7":"product_cat-bricolaje","8":"product_tag-reparar-pegar","9":"description-off","11":"first","12":"instock","13":"purchasable","14":"product-type-simple"},"acf":[],"jetpack_sharing_enabled":true,"_links":{"self":[{"href":"https:\/\/gomagom.es\/pt-pt\/wp-json\/wp\/v2\/product\/9401","targetHints":{"allow":["GET"]}}],"collection":[{"href":"https:\/\/gomagom.es\/pt-pt\/wp-json\/wp\/v2\/product"}],"about":[{"href":"https:\/\/gomagom.es\/pt-pt\/wp-json\/wp\/v2\/types\/product"}],"replies":[{"embeddable":true,"href":"https:\/\/gomagom.es\/pt-pt\/wp-json\/wp\/v2\/comments?post=9401"}],"wp:featuredmedia":[{"embeddable":true,"href":"https:\/\/gomagom.es\/pt-pt\/wp-json\/wp\/v2\/media\/316"}],"wp:attachment":[{"href":"https:\/\/gomagom.es\/pt-pt\/wp-json\/wp\/v2\/media?parent=9401"}],"wp:term":[{"taxonomy":"product_brand","embeddable":true,"href":"https:\/\/gomagom.es\/pt-pt\/wp-json\/wp\/v2\/product_brand?post=9401"},{"taxonomy":"product_cat","embeddable":true,"href":"https:\/\/gomagom.es\/pt-pt\/wp-json\/wp\/v2\/product_cat?post=9401"},{"taxonomy":"product_tag","embeddable":true,"href":"https:\/\/gomagom.es\/pt-pt\/wp-json\/wp\/v2\/product_tag?post=9401"}],"curies":[{"name":"wp","href":"https:\/\/api.w.org\/{rel}","templated":true}]}}