{"id":9403,"date":"2024-02-02T13:39:00","date_gmt":"2024-02-02T12:39:00","guid":{"rendered":"https:\/\/gomagom.es\/catalog\/sin%20categor\u00eda\/massa-epoxi-universal-28g\/"},"modified":"2025-04-01T15:58:15","modified_gmt":"2025-04-01T13:58:15","slug":"massa-epoxi-universal-28g","status":"publish","type":"product","link":"https:\/\/gomagom.es\/pt-pt\/catalog\/massa-epoxi-universal-28g\/","title":{"rendered":"MASSA EP\u00d3XI UNIVERSAL 28g"},"content":{"rendered":"","protected":false},"excerpt":{"rendered":"<p><span style=\"color: #ff0000;\"><strong>N\u00ba 29<\/strong><\/span> |\u00a0<strong>Ref: GG16080<\/strong>  |\u00a0<i class=\"fa-solid fa-box\"><\/i> 12u. \u00a0<i class=\"fa-solid fa-box fa-2x\"><\/i> 144u.<\/br><br \/>\nCARACTER\u00cdSTICAS E APLICA\u00c7\u00d5ES: Massa ep\u00f3xi de dois componentes que reagem quimicamente ao serem misturados. Produto r\u00e1pido e de elevada resist\u00eancia. Torna-se cinzento depois de seco. Pode ser lixado, pintado e envernizado. Indicado para colar pedra, metal, madeira, cer\u00e2mica, porcelana, vidro, pl\u00e1stico (exceto polietileno, polipropileno e te on). ENDURECE DEBAIXO DE \u00c1GUA. Especialmente concebido para o preenchimento de cavidades e furos de parafusos, reconstru\u00e7\u00e3o de pe\u00e7as partidas, repara\u00e7\u00e3o de fendas, selagem de tubos, fugas de radiadores, etc.<br \/>\nMODO DE UTILIZA\u00c7AO: Aplicar em superficies limpas, secas e isentas de gorduras. Cortar a quantidade necess\u00e1ria da barra e retirar o papel transparente. Amassar com os dedos at\u00e9 que o produto adquira uma cor homog\u00e9nea. Uma vez realizada a mistura, o produto deve ser aplicado nos 12-15 minutos seguintes exercendo uma leve press\u00e3o. Tempo de endurecimento: 15-20 minutos. Resist\u00eancia m\u00e1xima ap\u00f3s 24 horas.<\/p>\n","protected":false},"featured_media":11626,"comment_status":"closed","ping_status":"closed","template":"","meta":{"_acf_changed":false},"product_brand":[],"product_cat":[135,187],"product_tag":[137],"class_list":{"0":"post-9403","1":"product","2":"type-product","3":"status-publish","4":"has-post-thumbnail","6":"product_cat-bricolaje-pt-pt","7":"product_cat-adhesivo-epoxy-2-componentes-pt-pt","8":"product_tag-reparar-pegar-pt-pt","9":"description-off","11":"first","12":"instock","13":"purchasable","14":"product-type-simple"},"acf":[],"jetpack_sharing_enabled":true,"_links":{"self":[{"href":"https:\/\/gomagom.es\/pt-pt\/wp-json\/wp\/v2\/product\/9403","targetHints":{"allow":["GET"]}}],"collection":[{"href":"https:\/\/gomagom.es\/pt-pt\/wp-json\/wp\/v2\/product"}],"about":[{"href":"https:\/\/gomagom.es\/pt-pt\/wp-json\/wp\/v2\/types\/product"}],"replies":[{"embeddable":true,"href":"https:\/\/gomagom.es\/pt-pt\/wp-json\/wp\/v2\/comments?post=9403"}],"wp:featuredmedia":[{"embeddable":true,"href":"https:\/\/gomagom.es\/pt-pt\/wp-json\/wp\/v2\/media\/11626"}],"wp:attachment":[{"href":"https:\/\/gomagom.es\/pt-pt\/wp-json\/wp\/v2\/media?parent=9403"}],"wp:term":[{"taxonomy":"product_brand","embeddable":true,"href":"https:\/\/gomagom.es\/pt-pt\/wp-json\/wp\/v2\/product_brand?post=9403"},{"taxonomy":"product_cat","embeddable":true,"href":"https:\/\/gomagom.es\/pt-pt\/wp-json\/wp\/v2\/product_cat?post=9403"},{"taxonomy":"product_tag","embeddable":true,"href":"https:\/\/gomagom.es\/pt-pt\/wp-json\/wp\/v2\/product_tag?post=9403"}],"curies":[{"name":"wp","href":"https:\/\/api.w.org\/{rel}","templated":true}]}}