{"id":9404,"date":"2024-02-02T13:39:00","date_gmt":"2024-02-02T12:39:00","guid":{"rendered":"https:\/\/gomagom.es\/catalog\/sin%20categor\u00eda\/massa-epoxi-30g\/"},"modified":"2025-04-01T15:58:15","modified_gmt":"2025-04-01T13:58:15","slug":"massa-epoxi-30g","status":"publish","type":"product","link":"https:\/\/gomagom.es\/pt-pt\/catalog\/massa-epoxi-30g\/","title":{"rendered":"MASSA EP\u00d3XI 30g"},"content":{"rendered":"","protected":false},"excerpt":{"rendered":"<p><span style=\"color: #ff0000;\"><strong>N\u00ba 31<\/strong><\/span> |\u00a0<strong>Ref: GG15026<\/strong>  |\u00a0<i class=\"fa-solid fa-box\"><\/i> 12u. \u00a0<i class=\"fa-solid fa-box fa-2x\"><\/i> 144u.<\/br><br \/>\nREPARA: Reservat\u00f3rios de agua, piscinas, metais, asulejos, m\u00e1rmore, terra\u00e7os,<br \/>\ntubagems, etc.<br \/>\nINSTRU\u00c7\u00d5ES: Limpar as superf\u00edcies. Cortar uma peque\u00f1a quantidade em<br \/>\npartes iguais e amassar at\u00e9 conseguir uma cor homog\u00eanea. Aplique na zona a<br \/>\nreparar, pressionando com for\u00e7a e deixar secar. Endurece embaixo d\u2019\u00e1gua.<br \/>\nPermite: lixar-se, limar-se, perfurar-se, pintar-se, etc.<\/p>\n","protected":false},"featured_media":11258,"comment_status":"closed","ping_status":"closed","template":"","meta":{"_acf_changed":false},"product_brand":[],"product_cat":[135,187],"product_tag":[137],"class_list":{"0":"post-9404","1":"product","2":"type-product","3":"status-publish","4":"has-post-thumbnail","6":"product_cat-bricolaje-pt-pt","7":"product_cat-adhesivo-epoxy-2-componentes-pt-pt","8":"product_tag-reparar-pegar-pt-pt","9":"description-off","11":"first","12":"instock","13":"purchasable","14":"product-type-simple"},"acf":[],"jetpack_sharing_enabled":true,"_links":{"self":[{"href":"https:\/\/gomagom.es\/pt-pt\/wp-json\/wp\/v2\/product\/9404","targetHints":{"allow":["GET"]}}],"collection":[{"href":"https:\/\/gomagom.es\/pt-pt\/wp-json\/wp\/v2\/product"}],"about":[{"href":"https:\/\/gomagom.es\/pt-pt\/wp-json\/wp\/v2\/types\/product"}],"replies":[{"embeddable":true,"href":"https:\/\/gomagom.es\/pt-pt\/wp-json\/wp\/v2\/comments?post=9404"}],"wp:featuredmedia":[{"embeddable":true,"href":"https:\/\/gomagom.es\/pt-pt\/wp-json\/wp\/v2\/media\/11258"}],"wp:attachment":[{"href":"https:\/\/gomagom.es\/pt-pt\/wp-json\/wp\/v2\/media?parent=9404"}],"wp:term":[{"taxonomy":"product_brand","embeddable":true,"href":"https:\/\/gomagom.es\/pt-pt\/wp-json\/wp\/v2\/product_brand?post=9404"},{"taxonomy":"product_cat","embeddable":true,"href":"https:\/\/gomagom.es\/pt-pt\/wp-json\/wp\/v2\/product_cat?post=9404"},{"taxonomy":"product_tag","embeddable":true,"href":"https:\/\/gomagom.es\/pt-pt\/wp-json\/wp\/v2\/product_tag?post=9404"}],"curies":[{"name":"wp","href":"https:\/\/api.w.org\/{rel}","templated":true}]}}