{"id":9405,"date":"2024-05-22T15:49:44","date_gmt":"2024-05-22T14:49:44","guid":{"rendered":"https:\/\/gomagom.es\/catalog\/sin%20categor\u00eda\/tack-exterior-20g\/"},"modified":"2025-04-01T15:58:16","modified_gmt":"2025-04-01T13:58:16","slug":"tack-exterior-20g","status":"publish","type":"product","link":"https:\/\/gomagom.es\/pt-pt\/catalog\/tack-exterior-20g\/","title":{"rendered":"TACK EXTERIOR 20g"},"content":{"rendered":"","protected":false},"excerpt":{"rendered":"<p><span style=\"color: #ff0000;\"><strong>N\u00ba 32<\/strong><\/span> |\u00a0<strong>Ref: GG15023<\/strong>  |\u00a0<i class=\"fa-solid fa-box\"><\/i> 15u. \u00a0<i class=\"fa-solid fa-box fa-2x\"><\/i> 300u.<\/br><br \/>\nTack Exterior \u00e9 a nova e revolucion\u00e1ria massa adesiva reutiliz\u00e1vel, resistente e f\u00e1cil de utilizar. Tack Exterior \u00e9 uma massa multiusos ultraforte adequada para m\u00faltiplas tarefas di\u00e1rias e trabalhos de bricolage, tornando-se a op\u00e7\u00e3o ideal para utiliza\u00e7\u00e3o em casa, na garagem e no escrit\u00f3rio.<br \/>\nINSTRU\u00c7\u00d5ES: Repara\u00e7\u00f5es, montagens e bricolage. Modo de emprego: 1. Retire a quantidade necess\u00e1ria de Tack Exterior e enrole-a formando uma bola. 2. Aplique Tack Exterior no verso do objeto e pressione-o firmemente no local de coloca\u00e7\u00e3o pretendido. 3. Para remover: tor\u00e7a suavemente e com cuidado para separar as superf\u00edcies aderidas.<br \/>\nAviso: Tack Exterior n\u00e3o deve ser utilizado em superf\u00edcies absorventes, delicadas, h\u00famidas, com poeiras ou recentemente pintadas. Recomenda-se realizar um teste numa pequena \u00e1rea antes de utilizar. As propriedades adesivas do produto aumentam com o tempo, pelo que \u00e9 preciso ter cuidado ao remov\u00ea-lo. N\u00e3o adequado para crian\u00e7as com menos de 36 meses. Este produto cont\u00e9m pe\u00e7as pequenas.<\/p>\n","protected":false},"featured_media":247,"comment_status":"closed","ping_status":"open","template":"","meta":{"_acf_changed":false},"product_brand":[],"product_cat":[16,59],"product_tag":[98],"class_list":{"0":"post-9405","1":"product","2":"type-product","3":"status-publish","4":"has-post-thumbnail","6":"product_cat-bricolaje","7":"product_cat-masilla-adhesiva-bricolaje","8":"product_tag-fijar","9":"description-off","11":"first","12":"instock","13":"purchasable","14":"product-type-simple"},"acf":[],"jetpack_sharing_enabled":true,"_links":{"self":[{"href":"https:\/\/gomagom.es\/pt-pt\/wp-json\/wp\/v2\/product\/9405","targetHints":{"allow":["GET"]}}],"collection":[{"href":"https:\/\/gomagom.es\/pt-pt\/wp-json\/wp\/v2\/product"}],"about":[{"href":"https:\/\/gomagom.es\/pt-pt\/wp-json\/wp\/v2\/types\/product"}],"replies":[{"embeddable":true,"href":"https:\/\/gomagom.es\/pt-pt\/wp-json\/wp\/v2\/comments?post=9405"}],"wp:featuredmedia":[{"embeddable":true,"href":"https:\/\/gomagom.es\/pt-pt\/wp-json\/wp\/v2\/media\/247"}],"wp:attachment":[{"href":"https:\/\/gomagom.es\/pt-pt\/wp-json\/wp\/v2\/media?parent=9405"}],"wp:term":[{"taxonomy":"product_brand","embeddable":true,"href":"https:\/\/gomagom.es\/pt-pt\/wp-json\/wp\/v2\/product_brand?post=9405"},{"taxonomy":"product_cat","embeddable":true,"href":"https:\/\/gomagom.es\/pt-pt\/wp-json\/wp\/v2\/product_cat?post=9405"},{"taxonomy":"product_tag","embeddable":true,"href":"https:\/\/gomagom.es\/pt-pt\/wp-json\/wp\/v2\/product_tag?post=9405"}],"curies":[{"name":"wp","href":"https:\/\/api.w.org\/{rel}","templated":true}]}}