{"id":9406,"date":"2024-05-22T15:00:28","date_gmt":"2024-05-22T13:00:28","guid":{"rendered":"https:\/\/gomagom.es\/catalog\/sin%20categor\u00eda\/silicone-branco-260ml\/"},"modified":"2026-01-20T08:37:49","modified_gmt":"2026-01-20T07:37:49","slug":"silicone-branco-260ml","status":"publish","type":"product","link":"https:\/\/gomagom.es\/pt-pt\/catalog\/silicone-branco-260ml\/","title":{"rendered":"SILICONE BRANCO 260ml"},"content":{"rendered":"","protected":false},"excerpt":{"rendered":"<p><span style=\"color: #ff0000;\"><strong>N\u00ba 33<\/strong><\/span> |\u00a0<strong>Ref: GG95005<\/strong> |\u00a0 u. \u00a0 12u.<br \/>\nCARACTER\u00cdSTICAS: Silicone de base ac\u00e9tica ideal para banheiros e cozinhas. Tem<br \/>\nexcelente ader\u00eancia sobre o vidro, alum\u00ednio, cer\u00e2mica, azulejos, superf\u00edcies vitrificadas<br \/>\ne outras mat\u00e9rias n\u00e3o porosas. Evita filtra\u00e7\u00f5es de ar, \u00e1gua e de p\u00f3, conseguindo um<br \/>\nisolamento forte e resistente as altera\u00e7\u00f5es do tempo.<br \/>\nMODO DE UTILIZA\u00c7\u00c3O: Aplicar sobre a superf\u00edcie limpa, seca e sem gordura. Cortar a boca da rosca do cartucho, sem estrag\u00e1-la. Enroscar o bico e cortar com uma faca segundo o di\u00e2metro pretendido. Utilizar uma pistola para extrair o produto e aplicar na superf\u00edcie desejada. Alisar o produto com o dedo molhado ou com uma esp\u00e1tula.<br \/>\nCONSERVA\u00c7\u00c3O: Base selada, longa conserva\u00e7\u00e3o. 24 meses em lugar fresco e seco (15-30\u00baC). Conservar apenas no recipiente original e manter fora do alcance das crian\u00e7as. N\u00e3o deve entrar em contacto com os olhos, pele e roupa.<\/p>\n","protected":false},"featured_media":10291,"comment_status":"closed","ping_status":"closed","template":"","meta":{"_acf_changed":false},"product_brand":[],"product_cat":[135,247],"product_tag":[333],"class_list":{"0":"post-9406","1":"product","2":"type-product","3":"status-publish","4":"has-post-thumbnail","6":"product_cat-bricolaje-pt-pt","7":"product_cat-selladores-siliconas-pt-pt","8":"product_tag-sellar-pt-pt","9":"description-off","11":"first","12":"instock","13":"purchasable","14":"product-type-simple"},"acf":[],"jetpack_sharing_enabled":true,"_links":{"self":[{"href":"https:\/\/gomagom.es\/pt-pt\/wp-json\/wp\/v2\/product\/9406","targetHints":{"allow":["GET"]}}],"collection":[{"href":"https:\/\/gomagom.es\/pt-pt\/wp-json\/wp\/v2\/product"}],"about":[{"href":"https:\/\/gomagom.es\/pt-pt\/wp-json\/wp\/v2\/types\/product"}],"replies":[{"embeddable":true,"href":"https:\/\/gomagom.es\/pt-pt\/wp-json\/wp\/v2\/comments?post=9406"}],"wp:featuredmedia":[{"embeddable":true,"href":"https:\/\/gomagom.es\/pt-pt\/wp-json\/wp\/v2\/media\/10291"}],"wp:attachment":[{"href":"https:\/\/gomagom.es\/pt-pt\/wp-json\/wp\/v2\/media?parent=9406"}],"wp:term":[{"taxonomy":"product_brand","embeddable":true,"href":"https:\/\/gomagom.es\/pt-pt\/wp-json\/wp\/v2\/product_brand?post=9406"},{"taxonomy":"product_cat","embeddable":true,"href":"https:\/\/gomagom.es\/pt-pt\/wp-json\/wp\/v2\/product_cat?post=9406"},{"taxonomy":"product_tag","embeddable":true,"href":"https:\/\/gomagom.es\/pt-pt\/wp-json\/wp\/v2\/product_tag?post=9406"}],"curies":[{"name":"wp","href":"https:\/\/api.w.org\/{rel}","templated":true}]}}