{"id":9411,"date":"2024-05-22T15:49:44","date_gmt":"2024-05-22T14:49:44","guid":{"rendered":"https:\/\/gomagom.es\/catalog\/sin%20categor\u00eda\/adesao-de-montagem-extra-forte-200g\/"},"modified":"2025-04-01T15:58:20","modified_gmt":"2025-04-01T13:58:20","slug":"adesao-de-montagem-extra-forte-200g","status":"publish","type":"product","link":"https:\/\/gomagom.es\/pt-pt\/catalog\/adesao-de-montagem-extra-forte-200g\/","title":{"rendered":"ADES\u00c3O DE MONTAGEM EXTRA FORTE 200g"},"content":{"rendered":"","protected":false},"excerpt":{"rendered":"<p><span style=\"color: #ff0000;\"><strong>N\u00ba 41<\/strong><\/span> |\u00a0<strong>Ref: GG15092<\/strong>  |\u00a0<i class=\"fa-solid fa-box\"><\/i> 12u. \u00a0<i class=\"fa-solid fa-box fa-2x\"><\/i> 72u.<\/br><br \/>\nIdeal para instalar revestimentos de parede, solos, assentamentos, molduras, fixar quadros, segurar pe\u00e7as, etc.<br \/>\nAPLICA\u00c7\u00d5ES:<br \/>\nCola uma ampla variedade de materiais, juntas de metal com madeira, madeira com madeira, acess\u00f3rios de banho, paredes de duche de fibra de vidro, metal, tijolo, gesso, bet\u00e3o, carpetes, rodap\u00e9s, ladrilhos de cer\u00e2mica, madeira contraplacada, espelhos\u2026<br \/>\nMODO DE USO:<br \/>\n1. As superf\u00edcies devem estar limpas e secas. Uma delas, pelo menos, ter\u00e1 de ser porosa.<br \/>\n2. Corte a ponta do tubo a uma altura adequada para a aplica\u00e7\u00e3o.<br \/>\n3. Aplique um fio de cola em X ou em ziguezague ao longo da superf\u00edcie do material.<br \/>\n4. Pressione firme e uniformemente os materiais a fixar. Pode usar um martelo de borracha para pressionar a uni\u00e3o.<br \/>\n5. Seca completamente ap\u00f3s 24 horas.<br \/>\nPRECAU\u00c7\u00d5ES:<br \/>\nEvite o contacto prolongado com a pele. No caso de contacto com os olhos, passe por \u00e1gua em abund\u00e2ncia durante 15 minutos e seja atendido pelo m\u00e9dico.<\/p>\n","protected":false},"featured_media":259,"comment_status":"closed","ping_status":"open","template":"","meta":{"_acf_changed":false},"product_brand":[],"product_cat":[103,51,16],"product_tag":[98,134],"class_list":{"0":"post-9411","1":"product","2":"type-product","3":"status-publish","4":"has-post-thumbnail","6":"product_cat-adhesivo-montaje","7":"product_cat-adhesivo-universal","8":"product_cat-bricolaje","9":"product_tag-fijar","10":"product_tag-reparar-pegar","11":"description-off","13":"first","14":"instock","15":"purchasable","16":"product-type-simple"},"acf":[],"jetpack_sharing_enabled":true,"_links":{"self":[{"href":"https:\/\/gomagom.es\/pt-pt\/wp-json\/wp\/v2\/product\/9411","targetHints":{"allow":["GET"]}}],"collection":[{"href":"https:\/\/gomagom.es\/pt-pt\/wp-json\/wp\/v2\/product"}],"about":[{"href":"https:\/\/gomagom.es\/pt-pt\/wp-json\/wp\/v2\/types\/product"}],"replies":[{"embeddable":true,"href":"https:\/\/gomagom.es\/pt-pt\/wp-json\/wp\/v2\/comments?post=9411"}],"wp:featuredmedia":[{"embeddable":true,"href":"https:\/\/gomagom.es\/pt-pt\/wp-json\/wp\/v2\/media\/259"}],"wp:attachment":[{"href":"https:\/\/gomagom.es\/pt-pt\/wp-json\/wp\/v2\/media?parent=9411"}],"wp:term":[{"taxonomy":"product_brand","embeddable":true,"href":"https:\/\/gomagom.es\/pt-pt\/wp-json\/wp\/v2\/product_brand?post=9411"},{"taxonomy":"product_cat","embeddable":true,"href":"https:\/\/gomagom.es\/pt-pt\/wp-json\/wp\/v2\/product_cat?post=9411"},{"taxonomy":"product_tag","embeddable":true,"href":"https:\/\/gomagom.es\/pt-pt\/wp-json\/wp\/v2\/product_tag?post=9411"}],"curies":[{"name":"wp","href":"https:\/\/api.w.org\/{rel}","templated":true}]}}