{"id":9418,"date":"2024-05-22T15:49:56","date_gmt":"2024-05-22T14:49:56","guid":{"rendered":"https:\/\/gomagom.es\/catalog\/sin%20categor\u00eda\/cola-de-contacto-multiuso-500ml\/"},"modified":"2025-04-01T15:58:26","modified_gmt":"2025-04-01T13:58:26","slug":"cola-de-contacto-multiuso-500ml","status":"publish","type":"product","link":"https:\/\/gomagom.es\/pt-pt\/catalog\/cola-de-contacto-multiuso-500ml\/","title":{"rendered":"COLA DE CONTACTO MULTIUSO 500ml"},"content":{"rendered":"","protected":false},"excerpt":{"rendered":"<p><span style=\"color: #ff0000;\"><strong>N\u00ba 48<\/strong><\/span> |\u00a0<strong>Ref: GG10151<\/strong>  |\u00a0<i class=\"fa-solid fa-box\"><\/i> u. \u00a0<i class=\"fa-solid fa-box fa-2x\"><\/i> 18u.<\/br><br \/>\nPARA COLAR: F\u00f3rmica, madeira, aglomerado, contraplacado, borracha, couro, tecidos, lou\u00e7a, corti\u00e7a, alcatifas, metais, pl\u00e1sticos, etc. A COLA DE CONTACTO MULTIUSO \u00e9 ideal para a utiliza\u00e7\u00e3o com materiais porosos e n\u00e3o porosos. Cola perfeitamente duas superf\u00edcies que necessitem de permanecer unidas indefinidamente.<br \/>\nMODO DE EMPREGO: As superf\u00edcies a colar devem estar limpas, secas e isentas de poeiras e gorduras. Aplicar uma camada fina de cola sobre ambas as superf\u00edcies. Deixar secar at\u00e9 que a cola n\u00e3o se cole aos dedos (aprox. 10 minutos). Realizar a uni\u00e3o exercendo a press\u00e3o necess\u00e1ria (com as m\u00e3os, martelo, rolo, etc.) para obter o contacto total das duas superf\u00edcies.<\/p>\n","protected":false},"featured_media":5611,"comment_status":"closed","ping_status":"open","template":"","meta":{"_acf_changed":false},"product_brand":[],"product_cat":[52,16],"product_tag":[134],"class_list":{"0":"post-9418","1":"product","2":"type-product","3":"status-publish","4":"has-post-thumbnail","6":"product_cat-adhesivo-contacto","7":"product_cat-bricolaje","8":"product_tag-reparar-pegar","9":"description-off","11":"first","12":"instock","13":"purchasable","14":"product-type-simple"},"acf":[],"jetpack_sharing_enabled":true,"_links":{"self":[{"href":"https:\/\/gomagom.es\/pt-pt\/wp-json\/wp\/v2\/product\/9418","targetHints":{"allow":["GET"]}}],"collection":[{"href":"https:\/\/gomagom.es\/pt-pt\/wp-json\/wp\/v2\/product"}],"about":[{"href":"https:\/\/gomagom.es\/pt-pt\/wp-json\/wp\/v2\/types\/product"}],"replies":[{"embeddable":true,"href":"https:\/\/gomagom.es\/pt-pt\/wp-json\/wp\/v2\/comments?post=9418"}],"wp:featuredmedia":[{"embeddable":true,"href":"https:\/\/gomagom.es\/pt-pt\/wp-json\/wp\/v2\/media\/5611"}],"wp:attachment":[{"href":"https:\/\/gomagom.es\/pt-pt\/wp-json\/wp\/v2\/media?parent=9418"}],"wp:term":[{"taxonomy":"product_brand","embeddable":true,"href":"https:\/\/gomagom.es\/pt-pt\/wp-json\/wp\/v2\/product_brand?post=9418"},{"taxonomy":"product_cat","embeddable":true,"href":"https:\/\/gomagom.es\/pt-pt\/wp-json\/wp\/v2\/product_cat?post=9418"},{"taxonomy":"product_tag","embeddable":true,"href":"https:\/\/gomagom.es\/pt-pt\/wp-json\/wp\/v2\/product_tag?post=9418"}],"curies":[{"name":"wp","href":"https:\/\/api.w.org\/{rel}","templated":true}]}}