{"id":9420,"date":"2024-05-22T15:49:56","date_gmt":"2024-05-22T14:49:56","guid":{"rendered":"https:\/\/gomagom.es\/catalog\/sin%20categor\u00eda\/pistola-de-cola-40w\/"},"modified":"2025-04-01T15:58:27","modified_gmt":"2025-04-01T13:58:27","slug":"pistola-de-cola-40w","status":"publish","type":"product","link":"https:\/\/gomagom.es\/pt-pt\/catalog\/pistola-de-cola-40w\/","title":{"rendered":"PISTOLA DE COLA 40W"},"content":{"rendered":"","protected":false},"excerpt":{"rendered":"<p><span style=\"color: #ff0000;\"><strong>N\u00ba 50<\/strong><\/span> |\u00a0<strong>Ref: GG15241<\/strong>  |\u00a0<i class=\"fa-solid fa-box\"><\/i> 4u. \u00a0<i class=\"fa-solid fa-box fa-2x\"><\/i> 24u.<\/br><br \/>\nUTILIZA\u00c7\u00c3O: 1. Ligue a ficha a uma tomada el\u00e9trica. 2. Introduza o bast\u00e3o de cola no orif\u00edcio na parte de<br \/>\ntr\u00e1s da pistola. 3. Espere 5 min. at\u00e9 a cola aquecer. 4.Aplique a cola com uma press\u00e3o cont\u00ednua do gatilho. 5. Certifique-se de que a superf\u00edcie est\u00e1 limpa. Pressione as pe\u00e7as uma contra a outra durante cerca de 15 segundos, para uma melhor colagem. 6. Desligue a pistola da tomada el\u00e9trica quando terminar o trabalho.<br \/>\nATEN\u00c7\u00c3O: 1.N\u00e3o toque na ponta da pistola ou na cola fundida. 2.No caso de acidente, n\u00e3o retire a cola mas ponha imediatamente a \u00e1rea afetada debaixo de \u00e1gua fria. Manter longe das crian\u00e7as. 3. Se ocabo estiver danificado, dever\u00e1 ser substitu\u00eddo para evitar riscos.<\/p>\n","protected":false},"featured_media":265,"comment_status":"closed","ping_status":"open","template":"","meta":{"_acf_changed":false},"product_brand":[],"product_cat":[16,61,53],"product_tag":[72,134],"class_list":{"0":"post-9420","1":"product","2":"type-product","3":"status-publish","4":"has-post-thumbnail","6":"product_cat-bricolaje","7":"product_cat-pistola-cola-caliente","8":"product_cat-selladores-siliconas","9":"product_tag-crear","10":"product_tag-reparar-pegar","11":"description-off","13":"first","14":"instock","15":"purchasable","16":"product-type-simple"},"acf":[],"jetpack_sharing_enabled":true,"_links":{"self":[{"href":"https:\/\/gomagom.es\/pt-pt\/wp-json\/wp\/v2\/product\/9420","targetHints":{"allow":["GET"]}}],"collection":[{"href":"https:\/\/gomagom.es\/pt-pt\/wp-json\/wp\/v2\/product"}],"about":[{"href":"https:\/\/gomagom.es\/pt-pt\/wp-json\/wp\/v2\/types\/product"}],"replies":[{"embeddable":true,"href":"https:\/\/gomagom.es\/pt-pt\/wp-json\/wp\/v2\/comments?post=9420"}],"wp:featuredmedia":[{"embeddable":true,"href":"https:\/\/gomagom.es\/pt-pt\/wp-json\/wp\/v2\/media\/265"}],"wp:attachment":[{"href":"https:\/\/gomagom.es\/pt-pt\/wp-json\/wp\/v2\/media?parent=9420"}],"wp:term":[{"taxonomy":"product_brand","embeddable":true,"href":"https:\/\/gomagom.es\/pt-pt\/wp-json\/wp\/v2\/product_brand?post=9420"},{"taxonomy":"product_cat","embeddable":true,"href":"https:\/\/gomagom.es\/pt-pt\/wp-json\/wp\/v2\/product_cat?post=9420"},{"taxonomy":"product_tag","embeddable":true,"href":"https:\/\/gomagom.es\/pt-pt\/wp-json\/wp\/v2\/product_tag?post=9420"}],"curies":[{"name":"wp","href":"https:\/\/api.w.org\/{rel}","templated":true}]}}