{"id":9423,"date":"2024-05-22T15:49:56","date_gmt":"2024-05-22T14:49:56","guid":{"rendered":"https:\/\/gomagom.es\/catalog\/sin%20categor\u00eda\/cola-branca-liquida-25l\/"},"modified":"2025-04-01T15:58:29","modified_gmt":"2025-04-01T13:58:29","slug":"cola-branca-liquida-25l","status":"publish","type":"product","link":"https:\/\/gomagom.es\/pt-pt\/catalog\/cola-branca-liquida-25l\/","title":{"rendered":"COLA BRANCA LIQUIDA 2,5L"},"content":{"rendered":"","protected":false},"excerpt":{"rendered":"<p><span style=\"color: #ff0000;\"><strong>N\u00ba 53<\/strong><\/span> |\u00a0<strong>Ref: GG11621<\/strong>  |\u00a0<i class=\"fa-solid fa-box\"><\/i> 1u. \u00a0<i class=\"fa-solid fa-box fa-2x\"><\/i> 4u.<\/br><br \/>\nSERVE PARA COLAR: Madeira, folheado, conglomerado, pele, tecido, esferovite,<br \/>\ncart\u00e2o, papel, etc. Agitar antes de usar. Sem diluentes.<br \/>\nPRECA\u00c7\u00d5ES: Cont\u00e9m conservantes CMIT\/MIT. Pode provocar uma reac\u00e7\u00e3o al\u00e9rgica.<\/p>\n","protected":false},"featured_media":207,"comment_status":"closed","ping_status":"open","template":"","meta":{"_acf_changed":false},"product_brand":[],"product_cat":[16,54],"product_tag":[72,134],"class_list":{"0":"post-9423","1":"product","2":"type-product","3":"status-publish","4":"has-post-thumbnail","6":"product_cat-bricolaje","7":"product_cat-cola-blanca-liquida-bricolaje","8":"product_tag-crear","9":"product_tag-reparar-pegar","10":"description-off","12":"first","13":"instock","14":"purchasable","15":"product-type-simple"},"acf":[],"jetpack_sharing_enabled":true,"_links":{"self":[{"href":"https:\/\/gomagom.es\/pt-pt\/wp-json\/wp\/v2\/product\/9423","targetHints":{"allow":["GET"]}}],"collection":[{"href":"https:\/\/gomagom.es\/pt-pt\/wp-json\/wp\/v2\/product"}],"about":[{"href":"https:\/\/gomagom.es\/pt-pt\/wp-json\/wp\/v2\/types\/product"}],"replies":[{"embeddable":true,"href":"https:\/\/gomagom.es\/pt-pt\/wp-json\/wp\/v2\/comments?post=9423"}],"wp:featuredmedia":[{"embeddable":true,"href":"https:\/\/gomagom.es\/pt-pt\/wp-json\/wp\/v2\/media\/207"}],"wp:attachment":[{"href":"https:\/\/gomagom.es\/pt-pt\/wp-json\/wp\/v2\/media?parent=9423"}],"wp:term":[{"taxonomy":"product_brand","embeddable":true,"href":"https:\/\/gomagom.es\/pt-pt\/wp-json\/wp\/v2\/product_brand?post=9423"},{"taxonomy":"product_cat","embeddable":true,"href":"https:\/\/gomagom.es\/pt-pt\/wp-json\/wp\/v2\/product_cat?post=9423"},{"taxonomy":"product_tag","embeddable":true,"href":"https:\/\/gomagom.es\/pt-pt\/wp-json\/wp\/v2\/product_tag?post=9423"}],"curies":[{"name":"wp","href":"https:\/\/api.w.org\/{rel}","templated":true}]}}