{"id":9425,"date":"2024-02-02T13:39:06","date_gmt":"2024-02-02T12:39:06","guid":{"rendered":"https:\/\/gomagom.es\/catalog\/sin%20categor\u00eda\/cola-epoxy-transparente\/"},"modified":"2025-04-01T15:58:30","modified_gmt":"2025-04-01T13:58:30","slug":"cola-epoxy-transparente","status":"publish","type":"product","link":"https:\/\/gomagom.es\/pt-pt\/catalog\/cola-epoxy-transparente\/","title":{"rendered":"COLA EPOXY TRANSPARENTE"},"content":{"rendered":"","protected":false},"excerpt":{"rendered":"<p><span style=\"color: #ff0000;\"><strong>N\u00ba 55<\/strong><\/span> |\u00a0<strong>Ref: GG11921<\/strong>  |\u00a0<i class=\"fa-solid fa-box\"><\/i> 12u. \u00a0<i class=\"fa-solid fa-box fa-2x\"><\/i> 144u.<\/br><br \/>\nIdeal para colagem de: Metal, concreto, cer\u00e2mica, vidro, azulejo, pedra, madeira, borracha, fibra de vidro,v\u00e1rios pl\u00e1sticos, fibras naturais, j\u00f3ias, bijuterias e muitos outros materiais. USO DOM\u00c9STICO E PROFISSIONAL. O Cola Epoxy transparente \u00e9 um adesivo de secagem r\u00e1pida que oferece grande for\u00e7a, resist\u00eancia e \u00f3tima transpar\u00eancia depois de seco. Indicado para a colagem de diversos substratos, especialmente metais e concreto. Sua cura parcial acontece em at\u00e9 10 minutos, podendo variar em fun\u00e7\u00e3o das condi\u00e7\u00f5es clim\u00e1ticas. A embalagem em seringa permite a dosagem dos 2 componentes de forma<br \/>\nbalanceada. Uma perfeita mistura do produto melhora a qualidade da colagem e o acabamento.<br \/>\nAPLICA\u00c7OES: Ideal para superf\u00edcies lisas, porosas e irregulares. Adere em metal, concreto, madeira, vidro, cer\u00e2mica, pedra, borracha, fIbra de vidro, fibra natural, pl\u00e1stico (exceto Polietileno e Polipropileno),entre outros materiais. Modo de usar: Antes de qualquer aplica\u00e7\u00e3o, limpe o local ou as pe\u00e7as onde o adesivo ser\u00e1 aplicado, tirando qualquer resqu\u00edcio de oleosidade, sujeira, tinta e oxida\u00e7\u00e3o. 1. Utilize a pr\u00f3pria tampa dos tubos para romper o lacre de alum\u00ednio. 2. Pressione os tubos da resina e do fixador, de<br \/>\nmodo a atingir uma propor\u00e7\u00e3o de 50% de cada produto, no suporte pl\u00e1stico que acompanha a embalagem. Uma mistura balanceada proporciona uma colagem mais efetiva e resistente. 3. Utilize a haste pl\u00e1stica que acompanha o suporte para misturar os compostos (A e B). Mexa bem at\u00e9 obter uma pasta uniforme. Utilize a mistura em at\u00e9 1 minuto. 4. Com a mesma haste, aplique o Super Epoxi sobre as superf\u00edcies a serem coladas e mantenha sob press\u00e3o at\u00e9 a secagem completa do produto (se necess\u00e1rio, fixe as partes com tas adesivas, sargentos ou prendedores). 5. Ap\u00f3s o uso, feche os tubos com a tampa.<\/p>\n","protected":false},"featured_media":10999,"comment_status":"closed","ping_status":"closed","template":"","meta":{"_acf_changed":false},"product_brand":[],"product_cat":[135,187],"product_tag":[137],"class_list":{"0":"post-9425","1":"product","2":"type-product","3":"status-publish","4":"has-post-thumbnail","6":"product_cat-bricolaje-pt-pt","7":"product_cat-adhesivo-epoxy-2-componentes-pt-pt","8":"product_tag-reparar-pegar-pt-pt","9":"description-off","11":"first","12":"instock","13":"purchasable","14":"product-type-simple"},"acf":[],"jetpack_sharing_enabled":true,"_links":{"self":[{"href":"https:\/\/gomagom.es\/pt-pt\/wp-json\/wp\/v2\/product\/9425","targetHints":{"allow":["GET"]}}],"collection":[{"href":"https:\/\/gomagom.es\/pt-pt\/wp-json\/wp\/v2\/product"}],"about":[{"href":"https:\/\/gomagom.es\/pt-pt\/wp-json\/wp\/v2\/types\/product"}],"replies":[{"embeddable":true,"href":"https:\/\/gomagom.es\/pt-pt\/wp-json\/wp\/v2\/comments?post=9425"}],"wp:featuredmedia":[{"embeddable":true,"href":"https:\/\/gomagom.es\/pt-pt\/wp-json\/wp\/v2\/media\/10999"}],"wp:attachment":[{"href":"https:\/\/gomagom.es\/pt-pt\/wp-json\/wp\/v2\/media?parent=9425"}],"wp:term":[{"taxonomy":"product_brand","embeddable":true,"href":"https:\/\/gomagom.es\/pt-pt\/wp-json\/wp\/v2\/product_brand?post=9425"},{"taxonomy":"product_cat","embeddable":true,"href":"https:\/\/gomagom.es\/pt-pt\/wp-json\/wp\/v2\/product_cat?post=9425"},{"taxonomy":"product_tag","embeddable":true,"href":"https:\/\/gomagom.es\/pt-pt\/wp-json\/wp\/v2\/product_tag?post=9425"}],"curies":[{"name":"wp","href":"https:\/\/api.w.org\/{rel}","templated":true}]}}