{"id":9426,"date":"2024-02-02T13:39:06","date_gmt":"2024-02-02T12:39:06","guid":{"rendered":"https:\/\/gomagom.es\/catalog\/sin%20categor\u00eda\/fixador-de-roscas\/"},"modified":"2025-04-01T15:58:30","modified_gmt":"2025-04-01T13:58:30","slug":"fixador-de-roscas","status":"publish","type":"product","link":"https:\/\/gomagom.es\/pt-pt\/catalog\/fixador-de-roscas\/","title":{"rendered":"FIXADOR DE ROSCAS"},"content":{"rendered":"","protected":false},"excerpt":{"rendered":"<p><span style=\"color: #ff0000;\"><strong>N\u00ba 56<\/strong><\/span> |\u00a0<strong>Ref: GG11941<\/strong>  |\u00a0<i class=\"fa-solid fa-box\"><\/i> 12u. \u00a0<i class=\"fa-solid fa-box fa-2x\"><\/i> 144u.<\/br><br \/>\nRETENTOR DE PORCAS E PARAFUSOS. Automotriz, Industrial, M\u00f3veis, Conjuntos de Trincos.<br \/>\nAdesivo concebido para  xar, selar e evitar fugas de roscas em todas as aplica\u00e7\u00f5es. Protege contra a corros\u00e3o e aoxida\u00e7\u00e3o, evitando o afrouxamento das porcas por vibra\u00e7\u00e3o ou golpes. INSTRU\u00c7\u00d5ES: 1. Certi car-se de que as pe\u00e7as est\u00e3o limpas e secas. 2. Agitar bem antes de usar. 3. Aplicar o  xador de roscas 42 na \u00e1rea roscada e montar as partes. 4. O produto endurece em 10 minutos e a sua colagem total ocorre em 24 horas.GOMAGOM  foi concebido para ser utilizado unicamente em partes mec\u00e2nicas. N\u00e3o \u00e9 apto para utiliza\u00e7\u00e3o em partes pl\u00e1sticas. No caso de utilizar dois metais inativos, \u00e9 preciso aplicar antes uma camada de prim\u00e1rio. Amov\u00edvel com ferramentas de m\u00e3o. USO: Uso motriz: Tampas de v\u00e1lvulas, bombas de \u00e1gua, alternadores, c\u00e1rter de \u00f3leo. Manuten\u00e7\u00e3o: maquinaria ligeira, correias transportadoras ligeiras, ferragens de portas, motores de reboque. Uso dom\u00e9stico: cortadores de relva, churrasqueiras, conjuntos de trincos, bicicletas. Tipo de produto Tamanho do  xador: \u00bc\u201d-3\/3 (6-20mm) \u2013 \u00bc\u201d-3\/4 (6-20mm). Tor\u00e7\u00e3o (em NM.) Rotura\/Resist\u00eancia: 5\/12. Cura: parcial\/total: 6min.\/24h. Intervalo de temperatura: -65\u00ba a 350\u00baF &#8211; -54\u00ba a 177\u00baF. Aplicar antes de montar. Manter fora do alcance das crian\u00e7as. Evitar o contacto com os<br \/>\nolhos e a pele. Evitar respirar as vapores.<\/p>\n","protected":false},"featured_media":11017,"comment_status":"closed","ping_status":"closed","template":"","meta":{"_acf_changed":false},"product_brand":[],"product_cat":[135,235],"product_tag":[327],"class_list":{"0":"post-9426","1":"product","2":"type-product","3":"status-publish","4":"has-post-thumbnail","6":"product_cat-bricolaje-pt-pt","7":"product_cat-otros-productos-pt-pt","8":"product_tag-fijar-pt-pt","9":"description-off","11":"first","12":"instock","13":"purchasable","14":"product-type-simple"},"acf":[],"jetpack_sharing_enabled":true,"_links":{"self":[{"href":"https:\/\/gomagom.es\/pt-pt\/wp-json\/wp\/v2\/product\/9426","targetHints":{"allow":["GET"]}}],"collection":[{"href":"https:\/\/gomagom.es\/pt-pt\/wp-json\/wp\/v2\/product"}],"about":[{"href":"https:\/\/gomagom.es\/pt-pt\/wp-json\/wp\/v2\/types\/product"}],"replies":[{"embeddable":true,"href":"https:\/\/gomagom.es\/pt-pt\/wp-json\/wp\/v2\/comments?post=9426"}],"wp:featuredmedia":[{"embeddable":true,"href":"https:\/\/gomagom.es\/pt-pt\/wp-json\/wp\/v2\/media\/11017"}],"wp:attachment":[{"href":"https:\/\/gomagom.es\/pt-pt\/wp-json\/wp\/v2\/media?parent=9426"}],"wp:term":[{"taxonomy":"product_brand","embeddable":true,"href":"https:\/\/gomagom.es\/pt-pt\/wp-json\/wp\/v2\/product_brand?post=9426"},{"taxonomy":"product_cat","embeddable":true,"href":"https:\/\/gomagom.es\/pt-pt\/wp-json\/wp\/v2\/product_cat?post=9426"},{"taxonomy":"product_tag","embeddable":true,"href":"https:\/\/gomagom.es\/pt-pt\/wp-json\/wp\/v2\/product_tag?post=9426"}],"curies":[{"name":"wp","href":"https:\/\/api.w.org\/{rel}","templated":true}]}}