{"id":9429,"date":"2024-02-02T13:39:06","date_gmt":"2024-02-02T12:39:06","guid":{"rendered":"https:\/\/gomagom.es\/catalog\/sin%20categor\u00eda\/silicone-branco-50ml\/"},"modified":"2025-04-01T15:58:32","modified_gmt":"2025-04-01T13:58:32","slug":"silicone-branco-50ml","status":"publish","type":"product","link":"https:\/\/gomagom.es\/pt-pt\/catalog\/silicone-branco-50ml\/","title":{"rendered":"SILICONE BRANCO 50ml"},"content":{"rendered":"","protected":false},"excerpt":{"rendered":"<p><span style=\"color: #ff0000;\"><strong>N\u00ba 59<\/strong><\/span> |\u00a0<strong>Ref: GG17101<\/strong>  |\u00a0<i class=\"fa-solid fa-box\"><\/i> 12u. \u00a0<i class=\"fa-solid fa-box fa-2x\"><\/i> 144u.<\/br><br \/>\nPara a veda\u00e7\u00e3o de sanit\u00e1rios, torneiras e resguardos de banheira e duche. APLICA\u00c7\u00d5ES: Para a veda\u00e7\u00e3o de sanit\u00e1rios, torneiras e resguardos de banheira e duche. Na cozinha, evita infiltra\u00e7\u00f5es de \u00e1gua em lava-loi\u00e7as e torneiras. Veda e cola vidros em vitrinas e envidra\u00e7amentos com caixilharia de madeira alum\u00ednio e PVC.<br \/>\nO SILICONE BRANCO GomaGom evita a forma\u00e7\u00e3o de bolor nos pontos onde \u00e9 aplicado. Permanece sempre el\u00e1stico e n\u00e3o fissura com o passar do tempo. A sua estudada composi\u00e7\u00e3o torna-o especialmente resistente em locais altamente expostos \u00e0 \u00e1gua ou humidade.<br \/>\nMODO DE EMPREGO: Limpar bem as superf\u00edcies a unir, removendo poeiras, \u00e1gua e sujidade em geral. Espalhar com a ajuda de uma esp\u00e1tula ou com a ponta dos dedos embebida em \u00e1gua e sab\u00e3o. Ap\u00f3s 24 horas, a junta estar\u00e1 vulcanizada e o excesso poder\u00e1 ser removido com um x-ato.<\/p>\n","protected":false},"featured_media":11754,"comment_status":"closed","ping_status":"closed","template":"","meta":{"_acf_changed":false},"product_brand":[],"product_cat":[135,247],"product_tag":[333],"class_list":{"0":"post-9429","1":"product","2":"type-product","3":"status-publish","4":"has-post-thumbnail","6":"product_cat-bricolaje-pt-pt","7":"product_cat-selladores-siliconas-pt-pt","8":"product_tag-sellar-pt-pt","9":"description-off","11":"first","12":"instock","13":"purchasable","14":"product-type-simple"},"acf":[],"jetpack_sharing_enabled":true,"_links":{"self":[{"href":"https:\/\/gomagom.es\/pt-pt\/wp-json\/wp\/v2\/product\/9429","targetHints":{"allow":["GET"]}}],"collection":[{"href":"https:\/\/gomagom.es\/pt-pt\/wp-json\/wp\/v2\/product"}],"about":[{"href":"https:\/\/gomagom.es\/pt-pt\/wp-json\/wp\/v2\/types\/product"}],"replies":[{"embeddable":true,"href":"https:\/\/gomagom.es\/pt-pt\/wp-json\/wp\/v2\/comments?post=9429"}],"wp:featuredmedia":[{"embeddable":true,"href":"https:\/\/gomagom.es\/pt-pt\/wp-json\/wp\/v2\/media\/11754"}],"wp:attachment":[{"href":"https:\/\/gomagom.es\/pt-pt\/wp-json\/wp\/v2\/media?parent=9429"}],"wp:term":[{"taxonomy":"product_brand","embeddable":true,"href":"https:\/\/gomagom.es\/pt-pt\/wp-json\/wp\/v2\/product_brand?post=9429"},{"taxonomy":"product_cat","embeddable":true,"href":"https:\/\/gomagom.es\/pt-pt\/wp-json\/wp\/v2\/product_cat?post=9429"},{"taxonomy":"product_tag","embeddable":true,"href":"https:\/\/gomagom.es\/pt-pt\/wp-json\/wp\/v2\/product_tag?post=9429"}],"curies":[{"name":"wp","href":"https:\/\/api.w.org\/{rel}","templated":true}]}}