{"id":9431,"date":"2024-02-02T13:39:06","date_gmt":"2024-02-02T12:39:06","guid":{"rendered":"https:\/\/gomagom.es\/catalog\/sin%20categor\u00eda\/adesivo-total-20ml\/"},"modified":"2025-04-01T15:58:33","modified_gmt":"2025-04-01T13:58:33","slug":"adesivo-total-20ml","status":"publish","type":"product","link":"https:\/\/gomagom.es\/pt-pt\/catalog\/adesivo-total-20ml\/","title":{"rendered":"ADESIVO TOTAL 20ml"},"content":{"rendered":"","protected":false},"excerpt":{"rendered":"<p><span style=\"color: #ff0000;\"><strong>N\u00ba 61<\/strong><\/span> |\u00a0<strong>Ref: GG17061<\/strong>  |\u00a0<i class=\"fa-solid fa-box\"><\/i> 12u. \u00a0<i class=\"fa-solid fa-box fa-2x\"><\/i> 144u.<\/br><br \/>\nAdesivo vers\u00e1til de alta tecnologia para colar todos os tipos de materiais. Ideal para<br \/>\nsuperf\u00edcies lisas e porosas. Ideal para materiais delicados e  ex\u00edveis. Secagem<br \/>\ntransparente, muito resistente, resistente aos impactos e vibra\u00e7\u00f5es, para interiores e<br \/>\nexteriores. Resistente aos raios UV. Sem dissolventes. Para colar madeira, metal,<br \/>\npl\u00e1stico, tecidos, vidro, cer\u00e2mica, couro, etc.<br \/>\nMODO DE EMPREGO: Limpar as superf\u00edcies a colar com \u00e1lcool. N\u00e3o utilizar em pl\u00e1sticos como: polietileno, polipropileno, te on. Aplicar o adesivo em ambas as superf\u00edcies e manter pressionado durante 15 minutos. Colagem inicial: 2 horas ap\u00f3s a aplica\u00e7\u00e3o. Colagem total: 24 horas ap\u00f3s a aplica\u00e7\u00e3o. Manter fora do alcance das crian\u00e7as.<\/p>\n","protected":false},"featured_media":10262,"comment_status":"closed","ping_status":"closed","template":"","meta":{"_acf_changed":false},"product_brand":[],"product_cat":[135,198],"product_tag":[323,137],"class_list":{"0":"post-9431","1":"product","2":"type-product","3":"status-publish","4":"has-post-thumbnail","6":"product_cat-bricolaje-pt-pt","7":"product_cat-adhesivo-universal-pt-pt","8":"product_tag-crear-pt-pt","9":"product_tag-reparar-pegar-pt-pt","10":"description-off","12":"first","13":"instock","14":"purchasable","15":"product-type-simple"},"acf":[],"jetpack_sharing_enabled":true,"_links":{"self":[{"href":"https:\/\/gomagom.es\/pt-pt\/wp-json\/wp\/v2\/product\/9431","targetHints":{"allow":["GET"]}}],"collection":[{"href":"https:\/\/gomagom.es\/pt-pt\/wp-json\/wp\/v2\/product"}],"about":[{"href":"https:\/\/gomagom.es\/pt-pt\/wp-json\/wp\/v2\/types\/product"}],"replies":[{"embeddable":true,"href":"https:\/\/gomagom.es\/pt-pt\/wp-json\/wp\/v2\/comments?post=9431"}],"wp:featuredmedia":[{"embeddable":true,"href":"https:\/\/gomagom.es\/pt-pt\/wp-json\/wp\/v2\/media\/10262"}],"wp:attachment":[{"href":"https:\/\/gomagom.es\/pt-pt\/wp-json\/wp\/v2\/media?parent=9431"}],"wp:term":[{"taxonomy":"product_brand","embeddable":true,"href":"https:\/\/gomagom.es\/pt-pt\/wp-json\/wp\/v2\/product_brand?post=9431"},{"taxonomy":"product_cat","embeddable":true,"href":"https:\/\/gomagom.es\/pt-pt\/wp-json\/wp\/v2\/product_cat?post=9431"},{"taxonomy":"product_tag","embeddable":true,"href":"https:\/\/gomagom.es\/pt-pt\/wp-json\/wp\/v2\/product_tag?post=9431"}],"curies":[{"name":"wp","href":"https:\/\/api.w.org\/{rel}","templated":true}]}}