{"id":9432,"date":"2024-05-22T15:49:56","date_gmt":"2024-05-22T14:49:56","guid":{"rendered":"https:\/\/gomagom.es\/catalog\/sin%20categor\u00eda\/adesivo-extraforte-sem-furos-20ml\/"},"modified":"2025-04-01T15:58:34","modified_gmt":"2025-04-01T13:58:34","slug":"adesivo-extraforte-sem-furos-20ml","status":"publish","type":"product","link":"https:\/\/gomagom.es\/pt-pt\/catalog\/adesivo-extraforte-sem-furos-20ml\/","title":{"rendered":"ADESIVO EXTRAFORTE SEM FUROS 20ml"},"content":{"rendered":"","protected":false},"excerpt":{"rendered":"<p><span style=\"color: #ff0000;\"><strong>N\u00ba 62<\/strong><\/span> |\u00a0<strong>Ref: GG17051<\/strong>  |\u00a0<i class=\"fa-solid fa-box\"><\/i> 12u. \u00a0<i class=\"fa-solid fa-box fa-2x\"><\/i> 144u.<\/br><br \/>\nSecagem r\u00e1pida a alta resist\u00eancia.<br \/>\nCola sobre bet\u00e3o, ladrilho, pedra, metal e madeira.<br \/>\nINSTRU\u00c7\u00d5ES DE UTILIZA\u00c7\u00c3O: Limpar o acess\u00f3rio e a superf\u00edcie a colar com \u00e1lcool.<br \/>\nAplicar o adesivo sobre o acess\u00f3rio a colar e pressionar fortemente durante<br \/>\nalguns segundos. De seguida, remover os res\u00edduos com um pano. Depois de<br \/>\n24 horas obt\u00e9m-se a m\u00e1xima resist\u00eancia. N\u00e3o puxar o acess\u00f3rio antes de um<br \/>\nper\u00edodo de 72 horas. Sem dissolventes. Manter fora do alcance das crian\u00e7as.<\/p>\n","protected":false},"featured_media":336,"comment_status":"closed","ping_status":"open","template":"","meta":{"_acf_changed":false},"product_brand":[],"product_cat":[103,51,16],"product_tag":[98],"class_list":{"0":"post-9432","1":"product","2":"type-product","3":"status-publish","4":"has-post-thumbnail","6":"product_cat-adhesivo-montaje","7":"product_cat-adhesivo-universal","8":"product_cat-bricolaje","9":"product_tag-fijar","10":"description-off","12":"first","13":"instock","14":"purchasable","15":"product-type-simple"},"acf":[],"jetpack_sharing_enabled":true,"_links":{"self":[{"href":"https:\/\/gomagom.es\/pt-pt\/wp-json\/wp\/v2\/product\/9432","targetHints":{"allow":["GET"]}}],"collection":[{"href":"https:\/\/gomagom.es\/pt-pt\/wp-json\/wp\/v2\/product"}],"about":[{"href":"https:\/\/gomagom.es\/pt-pt\/wp-json\/wp\/v2\/types\/product"}],"replies":[{"embeddable":true,"href":"https:\/\/gomagom.es\/pt-pt\/wp-json\/wp\/v2\/comments?post=9432"}],"wp:featuredmedia":[{"embeddable":true,"href":"https:\/\/gomagom.es\/pt-pt\/wp-json\/wp\/v2\/media\/336"}],"wp:attachment":[{"href":"https:\/\/gomagom.es\/pt-pt\/wp-json\/wp\/v2\/media?parent=9432"}],"wp:term":[{"taxonomy":"product_brand","embeddable":true,"href":"https:\/\/gomagom.es\/pt-pt\/wp-json\/wp\/v2\/product_brand?post=9432"},{"taxonomy":"product_cat","embeddable":true,"href":"https:\/\/gomagom.es\/pt-pt\/wp-json\/wp\/v2\/product_cat?post=9432"},{"taxonomy":"product_tag","embeddable":true,"href":"https:\/\/gomagom.es\/pt-pt\/wp-json\/wp\/v2\/product_tag?post=9432"}],"curies":[{"name":"wp","href":"https:\/\/api.w.org\/{rel}","templated":true}]}}