{"id":9433,"date":"2024-05-22T15:49:56","date_gmt":"2024-05-22T14:49:56","guid":{"rendered":"https:\/\/gomagom.es\/catalog\/sin%20categor\u00eda\/apagador-magico\/"},"modified":"2025-04-01T15:58:36","modified_gmt":"2025-04-01T13:58:36","slug":"apagador-magico","status":"publish","type":"product","link":"https:\/\/gomagom.es\/pt-pt\/catalog\/apagador-magico\/","title":{"rendered":"APAGADOR M\u00c1GICO"},"content":{"rendered":"","protected":false},"excerpt":{"rendered":"<p><span style=\"color: #ff0000;\"><strong>N\u00ba 63<\/strong><\/span> |\u00a0<strong>Ref: GG17041<\/strong>  |\u00a0<i class=\"fa-solid fa-box\"><\/i> 9u. \u00a0<i class=\"fa-solid fa-box fa-2x\"><\/i> 144u.<\/br><br \/>\nIdeal para eliminar manchas e pinturas de diversas superf\u00edcies, adicionando apenas \u00e1gua. Limpa f\u00e1cil e profundamente penetrando nos poros e ranhuras de materiais como: sapatos, paredes, quartos de banho, metais, jantes de ve\u00edculos, cozinha, etc.<br \/>\nN\u00e3o \u00e9 necess\u00e1rio adicionar produtos de limpeza para a sua utiliza\u00e7\u00e3o. Produto que respeita o meio ambiente. F\u00e1cil utiliza\u00e7\u00e3o. N\u00e3o produz res\u00edduos. Recomenda-se realizar um teste pr\u00e9vio num canto antes de utilizar o produto. N\u00e3o indicado para limpar superf\u00edcies muito<br \/>\nrugosas ou muito polidas e brilhantes. N\u00e3o utilizar em materiais em contacto com os<br \/>\nalimentos. Manter fora do alcance das crian\u00e7as.<br \/>\nINSTRU\u00c7\u00d5ES DE UTILIZA\u00c7\u00c3O:<br \/>\n1.) Humedecer a esponja com \u00e1gua, eliminando o<br \/>\nexcesso pressionando com a m\u00e3o.<br \/>\n2.) Esfregar com um pano a superf\u00edcie a limpar<br \/>\npara remover os restos de sujidade.<br \/>\n3.) Limpar a esponja com \u00e1gua, sem a comprimir<br \/>\nexcessivamente. N\u00e3o utilizar na pele ou no corpo.<\/p>\n","protected":false},"featured_media":335,"comment_status":"closed","ping_status":"open","template":"","meta":{"_acf_changed":false},"product_brand":[],"product_cat":[16,62],"product_tag":[97,134],"class_list":{"0":"post-9433","1":"product","2":"type-product","3":"status-publish","4":"has-post-thumbnail","6":"product_cat-bricolaje","7":"product_cat-otros-productos","8":"product_tag-limpiar","9":"product_tag-reparar-pegar","10":"description-off","12":"first","13":"instock","14":"purchasable","15":"product-type-simple"},"acf":[],"jetpack_sharing_enabled":true,"_links":{"self":[{"href":"https:\/\/gomagom.es\/pt-pt\/wp-json\/wp\/v2\/product\/9433","targetHints":{"allow":["GET"]}}],"collection":[{"href":"https:\/\/gomagom.es\/pt-pt\/wp-json\/wp\/v2\/product"}],"about":[{"href":"https:\/\/gomagom.es\/pt-pt\/wp-json\/wp\/v2\/types\/product"}],"replies":[{"embeddable":true,"href":"https:\/\/gomagom.es\/pt-pt\/wp-json\/wp\/v2\/comments?post=9433"}],"wp:featuredmedia":[{"embeddable":true,"href":"https:\/\/gomagom.es\/pt-pt\/wp-json\/wp\/v2\/media\/335"}],"wp:attachment":[{"href":"https:\/\/gomagom.es\/pt-pt\/wp-json\/wp\/v2\/media?parent=9433"}],"wp:term":[{"taxonomy":"product_brand","embeddable":true,"href":"https:\/\/gomagom.es\/pt-pt\/wp-json\/wp\/v2\/product_brand?post=9433"},{"taxonomy":"product_cat","embeddable":true,"href":"https:\/\/gomagom.es\/pt-pt\/wp-json\/wp\/v2\/product_cat?post=9433"},{"taxonomy":"product_tag","embeddable":true,"href":"https:\/\/gomagom.es\/pt-pt\/wp-json\/wp\/v2\/product_tag?post=9433"}],"curies":[{"name":"wp","href":"https:\/\/api.w.org\/{rel}","templated":true}]}}