{"id":9435,"date":"2024-05-22T15:50:10","date_gmt":"2024-05-22T14:50:10","guid":{"rendered":"https:\/\/gomagom.es\/catalog\/sin%20categor\u00eda\/silicone-preto-50ml\/"},"modified":"2025-04-01T15:58:37","modified_gmt":"2025-04-01T13:58:37","slug":"silicone-preto-50ml","status":"publish","type":"product","link":"https:\/\/gomagom.es\/pt-pt\/catalog\/silicone-preto-50ml\/","title":{"rendered":"SILICONE PRETO 50ml"},"content":{"rendered":"","protected":false},"excerpt":{"rendered":"<p><span style=\"color: #ff0000;\"><strong>N\u00ba 65<\/strong><\/span> |\u00a0<strong>Ref: GG14021<\/strong>  |\u00a0<i class=\"fa-solid fa-box\"><\/i> 12u. \u00a0<i class=\"fa-solid fa-box fa-2x\"><\/i> 144u.<\/br><br \/>\nAPLICA\u00c7\u00d5ES: para envidra\u00e7amento, veda\u00e7\u00e3 de vidrios, caixilharia, veda\u00e7\u00e3 de banhos e cozinhas, etc. Excelente ader\u00eancia sobre vidro, alum\u00ednio, cer\u00e2mica, azulejos, superf\u00edcies vitrifucadas e outros materiais n\u00e3o-porosos. Muito \u00fatil em bricolagem, autom\u00f3vel, reboques, embarca\u00e7\u00f5es, etc. Evitar infiltra\u00e7\u00f5es de ar, \u00e1gua e p\u00f3, conseguindo-se uma veda\u00e7\u00e3o herm\u00e9tica e resistente \u00e0 intemp\u00e9rie e ao envelhecimento.<br \/>\nO SILICONE PRETO GOMAGOM evita a forma\u00e7ao de bolor nos pontos onde \u00e9 aplicado. Permanece sempre el\u00e1stico e n\u00e3o  ssura com o passar do tempo. A sua estudada composi\u00e7\u00e3o torna-o especialmente resistente em locais altamente expostos \u00e0 \u00e1gua ou humidade.<br \/>\nMODO DE EMPREGO: Limpar bem as superf\u00edcies a unir, removendo poeiras, \u00e1gua e sujidade em geral. Espalhar com a ajuda de uma esp\u00e1tula ou com a ponta dos dedos embebida em \u00e1gua e sab\u00e3o. Ap\u00f3s 24 horas, a junta estar\u00e1 vulcanizada e o excesso poder\u00e1 ser removido com um x-ato.<\/p>\n","protected":false},"featured_media":222,"comment_status":"closed","ping_status":"open","template":"","meta":{"_acf_changed":false},"product_brand":[],"product_cat":[16,53],"product_tag":[71],"class_list":{"0":"post-9435","1":"product","2":"type-product","3":"status-publish","4":"has-post-thumbnail","6":"product_cat-bricolaje","7":"product_cat-selladores-siliconas","8":"product_tag-sellar","9":"description-off","11":"first","12":"instock","13":"purchasable","14":"product-type-simple"},"acf":[],"jetpack_sharing_enabled":true,"_links":{"self":[{"href":"https:\/\/gomagom.es\/pt-pt\/wp-json\/wp\/v2\/product\/9435","targetHints":{"allow":["GET"]}}],"collection":[{"href":"https:\/\/gomagom.es\/pt-pt\/wp-json\/wp\/v2\/product"}],"about":[{"href":"https:\/\/gomagom.es\/pt-pt\/wp-json\/wp\/v2\/types\/product"}],"replies":[{"embeddable":true,"href":"https:\/\/gomagom.es\/pt-pt\/wp-json\/wp\/v2\/comments?post=9435"}],"wp:featuredmedia":[{"embeddable":true,"href":"https:\/\/gomagom.es\/pt-pt\/wp-json\/wp\/v2\/media\/222"}],"wp:attachment":[{"href":"https:\/\/gomagom.es\/pt-pt\/wp-json\/wp\/v2\/media?parent=9435"}],"wp:term":[{"taxonomy":"product_brand","embeddable":true,"href":"https:\/\/gomagom.es\/pt-pt\/wp-json\/wp\/v2\/product_brand?post=9435"},{"taxonomy":"product_cat","embeddable":true,"href":"https:\/\/gomagom.es\/pt-pt\/wp-json\/wp\/v2\/product_cat?post=9435"},{"taxonomy":"product_tag","embeddable":true,"href":"https:\/\/gomagom.es\/pt-pt\/wp-json\/wp\/v2\/product_tag?post=9435"}],"curies":[{"name":"wp","href":"https:\/\/api.w.org\/{rel}","templated":true}]}}